{"id":14067,"date":"2023-05-04T14:39:21","date_gmt":"2023-05-04T14:39:21","guid":{"rendered":"https:\/\/proactivelegal.com.au\/quyen-cong-dan\/"},"modified":"2023-05-05T09:25:57","modified_gmt":"2023-05-05T09:25:57","slug":"quyen-cong-dan","status":"publish","type":"page","link":"https:\/\/proactivelegal.com.au\/vn\/quyen-cong-dan\/","title":{"rendered":"Quy\u1ec1n c\u00f4ng d\u00e2n"},"content":{"rendered":"\t\t<div data-elementor-type=\"wp-page\" data-elementor-id=\"14067\" class=\"elementor elementor-14067 elementor-7161\" data-elementor-post-type=\"page\">\n\t\t\t\t\t\t\t\t\t<section class=\"elementor-section elementor-top-section elementor-element elementor-element-cb4f671 elementor-section-boxed elementor-section-height-default elementor-section-height-default\" data-id=\"cb4f671\" data-element_type=\"section\">\n\t\t\t\t\t\t<div class=\"elementor-container elementor-column-gap-default\">\n\t\t\t\t\t<div class=\"elementor-column elementor-col-100 elementor-top-column elementor-element elementor-element-78db61a\" data-id=\"78db61a\" data-element_type=\"column\">\n\t\t\t<div class=\"elementor-widget-wrap elementor-element-populated\">\n\t\t\t\t\t\t\t\t<div class=\"elementor-element elementor-element-1670bd4 elementor-widget elementor-widget-text-editor\" data-id=\"1670bd4\" data-element_type=\"widget\" data-widget_type=\"text-editor.default\">\n\t\t\t\t<div class=\"elementor-widget-container\">\n\t\t\t<style>\/*! elementor - v3.15.0 - 09-08-2023 *\/\n.elementor-widget-text-editor.elementor-drop-cap-view-stacked .elementor-drop-cap{background-color:#69727d;color:#fff}.elementor-widget-text-editor.elementor-drop-cap-view-framed .elementor-drop-cap{color:#69727d;border:3px solid;background-color:transparent}.elementor-widget-text-editor:not(.elementor-drop-cap-view-default) .elementor-drop-cap{margin-top:8px}.elementor-widget-text-editor:not(.elementor-drop-cap-view-default) .elementor-drop-cap-letter{width:1em;height:1em}.elementor-widget-text-editor .elementor-drop-cap{float:left;text-align:center;line-height:1;font-size:50px}.elementor-widget-text-editor .elementor-drop-cap-letter{display:inline-block}<\/style>\t\t\t\t<p><a style=\"color: #000;\" href=\"https:\/\/proactivelegal.com.au\/vn\">Trang ch\u1ee7<\/a> &gt; Lu\u1eadt di tr\u00fa &gt; Qu\u1ed1c t\u1ecbch<\/p>\t\t\t\t\t\t<\/div>\n\t\t\t\t<\/div>\n\t\t\t\t<div class=\"elementor-element elementor-element-cf6e534 elementor-widget elementor-widget-text-editor\" data-id=\"cf6e534\" data-element_type=\"widget\" data-widget_type=\"text-editor.default\">\n\t\t\t\t<div class=\"elementor-widget-container\">\n\t\t\t\t\t\t\t<p>Qu\u1ed1c t\u1ecbch<\/p>\t\t\t\t\t\t<\/div>\n\t\t\t\t<\/div>\n\t\t\t\t\t<\/div>\n\t\t<\/div>\n\t\t\t\t\t\t\t<\/div>\n\t\t<\/section>\n\t\t\t\t<section class=\"elementor-section elementor-top-section elementor-element elementor-element-9a65b9a elementor-section-boxed elementor-section-height-default elementor-section-height-default\" data-id=\"9a65b9a\" data-element_type=\"section\">\n\t\t\t\t\t\t<div class=\"elementor-container elementor-column-gap-default\">\n\t\t\t\t\t<div class=\"elementor-column elementor-col-100 elementor-top-column elementor-element elementor-element-6685e34\" data-id=\"6685e34\" data-element_type=\"column\">\n\t\t\t<div class=\"elementor-widget-wrap elementor-element-populated\">\n\t\t\t\t\t\t\t\t<div class=\"elementor-element elementor-element-03bcb5f elementor-widget elementor-widget-text-editor\" data-id=\"03bcb5f\" data-element_type=\"widget\" data-widget_type=\"text-editor.default\">\n\t\t\t\t<div class=\"elementor-widget-container\">\n\t\t\t\t\t\t\t<p>Qu\u1ed1c t\u1ecbch \u00dac<\/p>\n<p>C\u00f3 m\u1ed9t s\u1ed1 c\u00e1ch \u0111\u1ec3 c\u00f3 \u0111\u01b0\u1ee3c qu\u1ed1c t\u1ecbch \u00dac:<\/p>\n<p>Quy\u1ec1n c\u00f4ng d\u00e2n theo huy\u1ebft th\u1ed1ng \u2013 Quy\u1ec1n n\u00e0y d\u00e0nh cho tr\u1ebb em sinh ra b\u00ean ngo\u00e0i n\u01b0\u1edbc \u00dac v\u00e0 c\u00f3 cha ho\u1eb7c m\u1eb9 l\u00e0 c\u00f4ng d\u00e2n \u00dac v\u00e0o th\u1eddi \u0111i\u1ec3m c\u00e1c em ch\u00e0o \u0111\u1eddi.<\/p>\n<p>Quy\u1ec1n c\u00f4ng d\u00e2n khi sinh \u2013 Quy\u1ec1n n\u00e0y d\u00e0nh cho tr\u1ebb em sinh ra \u1edf \u00dac c\u00f3 cha m\u1eb9 kh\u00f4ng ph\u1ea3i l\u00e0 c\u00f4ng d\u00e2n \u00dac v\u00e0o th\u1eddi \u0111i\u1ec3m ch\u00fang ch\u00e0o \u0111\u1eddi. \u0110\u1ee9a tr\u1ebb c\u00f3 th\u1ec3 nh\u1eadp qu\u1ed1c t\u1ecbch \u00dac khi \u0111\u01b0\u1ee3c 10 tu\u1ed5i n\u1ebfu ch\u00fang \u0111\u00e3 s\u1ed1ng \u1edf \u00dac trong 10 n\u0103m \u0111\u1ea7u \u0111\u1eddi.<\/p>\n<p>Quy\u1ec1n c\u00f4ng d\u00e2n theo di\u1ec7n trao t\u1eb7ng \u2013 \u0110\u00e2y l\u00e0 con \u0111\u01b0\u1eddng ph\u1ed5 bi\u1ebfn nh\u1ea5t \u0111\u1ec3 m\u1ed9t th\u01b0\u1eddng tr\u00fa nh\u00e2n \u00dac c\u00f3 \u0111\u01b0\u1ee3c qu\u1ed1c t\u1ecbch \u00dac. N\u00f3i chung, c\u00f3 m\u1ed9t s\u1ed1 y\u00eau c\u1ea7u c\u01b0 tr\u00fa nh\u1ea5t \u0111\u1ecbnh ph\u1ea3i \u0111\u01b0\u1ee3c \u0111\u00e1p \u1ee9ng \u0111\u1ec3 \u0111\u1ee7 \u0111i\u1ec1u ki\u1ec7n \u0111\u0103ng k\u00fd qu\u1ed1c t\u1ecbch \u00dac theo di\u1ec7n trao t\u1eb7ng. C\u00f3 m\u1ed9t s\u1ed1 tr\u01b0\u1eddng h\u1ee3p mi\u1ec5n tr\u1eeb d\u00e0nh cho ng\u01b0\u1eddi mu\u1ed1n tr\u1edf th\u00e0nh c\u00f4ng d\u00e2n \u00dac nh\u01b0ng kh\u00f4ng \u0111\u00e1p \u1ee9ng \u0111\u01b0\u1ee3c y\u00eau c\u1ea7u chung v\u1ec1 c\u01b0 tr\u00fa. Ch\u1eb3ng h\u1ea1n, nh\u1eefng ng\u01b0\u1eddi c\u00f3 v\u1ee3\/ch\u1ed3ng ho\u1eb7c b\u1ea1n \u0111\u1eddi th\u1ef1c t\u1ebf l\u00e0 c\u00f4ng d\u00e2n \u00dac c\u00f3 th\u1ec3 \u0111\u01b0\u1ee3c mi\u1ec5n.<\/p>\n<p>\u0110\u01a1n xin nh\u1eadp qu\u1ed1c t\u1ecbch \u00dac c\u00f3 th\u1ec3 ph\u1ee9c t\u1ea1p, \u0111\u1eb7c bi\u1ec7t trong nh\u1eefng tr\u01b0\u1eddng h\u1ee3p c\u00f3 v\u1ea5n \u0111\u1ec1 c\u00f3 th\u1ec3 g\u00e2y nghi ng\u1edd li\u1ec7u ng\u01b0\u1eddi n\u1ed9p \u0111\u01a1n c\u00f3 &#8216;t\u01b0 c\u00e1ch t\u1ed1t&#8217; hay kh\u00f4ng. Nh\u1eefng lo\u1ea1i c\u00e2u h\u1ecfi n\u00e0y t\u1eeb B\u1ed9 N\u1ed9i v\u1ee5 ph\u1ea3i \u0111\u01b0\u1ee3c x\u1eed l\u00fd v\u00e0 tr\u1ea3 l\u1eddi c\u1ea9n th\u1eadn, n\u1ebfu kh\u00f4ng, n\u00f3 c\u00f3 th\u1ec3 d\u1eabn \u0111\u1ebfn vi\u1ec7c \u0111\u01a1n \u0111\u0103ng k\u00fd b\u1ecb t\u1eeb ch\u1ed1i ho\u1eb7c th\u1eadm ch\u00ed t\u1ec7 h\u01a1n \u2013 n\u1ea3y sinh \u00fd \u0111\u1ecbnh h\u1ee7y b\u1ecf th\u1ecb th\u1ef1c th\u01b0\u1eddng tr\u00fa. C\u00e1c y\u1ebfu t\u1ed1 c\u00f3 th\u1ec3 g\u00e2y lo ng\u1ea1i v\u1ec1 t\u00ednh c\u00e1ch bao g\u1ed3m, nh\u01b0ng kh\u00f4ng gi\u1edbi h\u1ea1n \u1edf, ti\u1ec1n \u00e1n h\u00ecnh s\u1ef1 v\u00e0 l\u1ecbch s\u1eed nh\u1eadp c\u01b0 b\u1ea5t l\u1ee3i.<\/p>\n<\/p>\n<p>Trong m\u1ed9t s\u1ed1 tr\u01b0\u1eddng h\u1ee3p c\u1ef1c \u0111oan ho\u1eb7c kh\u00f4ng may, \u0111\u01a1n xin nh\u1eadp qu\u1ed1c t\u1ecbch \u00dac c\u00f3 th\u1ec3 b\u1ecb t\u1eeb ch\u1ed1i, qu\u1ed1c t\u1ecbch \u00dac c\u00f3 th\u1ec3 b\u1ecb h\u1ee7y b\u1ecf ho\u1eb7c c\u00f3 th\u1ec3 b\u1ecb thu h\u1ed3i s\u1ef1 ch\u1ea5p thu\u1eadn trong tr\u01b0\u1eddng h\u1ee3p c\u1ea5p qu\u1ed1c t\u1ecbch \u00dac theo di\u1ec7n chuy\u1ec3n nh\u01b0\u1ee3ng. N\u1ebfu b\u1ea5t k\u1ef3 \u0111i\u1ec1u n\u00e0o trong s\u1ed1 n\u00e0y x\u1ea3y ra, vi\u1ec7c n\u1ed9p \u0111\u01a1n l\u00ean Ban T\u1ed5ng h\u1ee3p c\u1ee7a AAT \u0111\u1ec3 \u0111\u01b0\u1ee3c xem x\u00e9t l\u1ea1i quy\u1ebft \u0111\u1ecbnh c\u00f3 th\u1ec3 s\u1ebd l\u00e0 l\u1ef1a ch\u1ecdn ti\u1ebfp theo duy nh\u1ea5t.<\/p>\n\t\t\t\t\t\t<\/div>\n\t\t\t\t<\/div>\n\t\t\t\t\t<\/div>\n\t\t<\/div>\n\t\t\t\t\t\t\t<\/div>\n\t\t<\/section>\n\t\t\t\t\t\t\t<\/div>\n\t\t","protected":false},"excerpt":{"rendered":"<p>Trang ch\u1ee7 &gt; Lu\u1eadt di tr\u00fa &gt; Qu\u1ed1c t\u1ecbch Qu\u1ed1c t\u1ecbch Qu\u1ed1c t\u1ecbch \u00dac C\u00f3 m\u1ed9t s\u1ed1 c\u00e1ch \u0111\u1ec3 c\u00f3 \u0111\u01b0\u1ee3c qu\u1ed1c t\u1ecbch \u00dac: Quy\u1ec1n c\u00f4ng d\u00e2n theo huy\u1ebft th\u1ed1ng \u2013 Quy\u1ec1n n\u00e0y d\u00e0nh cho tr\u1ebb em sinh ra b\u00ean ngo\u00e0i n\u01b0\u1edbc \u00dac v\u00e0 c\u00f3 cha ho\u1eb7c m\u1eb9 l\u00e0 c\u00f4ng d\u00e2n \u00dac v\u00e0o th\u1eddi \u0111i\u1ec3m [&hellip;]<\/p>\n","protected":false},"author":1,"featured_media":0,"parent":0,"menu_order":0,"comment_status":"closed","ping_status":"closed","template":"","meta":{"footnotes":""},"class_list":["post-14067","page","type-page","status-publish","hentry"],"yoast_head":"<!-- This site is optimized with the Yoast SEO plugin v20.3 - https:\/\/yoast.com\/wordpress\/plugins\/seo\/ -->\n<title>Quy\u1ec1n c\u00f4ng d\u00e2n - ProActive Legal<\/title>\n<meta name=\"robots\" content=\"index, follow, max-snippet:-1, max-image-preview:large, max-video-preview:-1\" \/>\n<link rel=\"canonical\" href=\"https:\/\/proactivelegal.com.au\/vn\/quyen-cong-dan\/\" \/>\n<meta property=\"og:locale\" content=\"vi_VN\" \/>\n<meta property=\"og:type\" content=\"article\" \/>\n<meta property=\"og:title\" content=\"Quy\u1ec1n c\u00f4ng d\u00e2n - ProActive Legal\" \/>\n<meta property=\"og:description\" content=\"Trang ch\u1ee7 &gt; Lu\u1eadt di tr\u00fa &gt; Qu\u1ed1c t\u1ecbch Qu\u1ed1c t\u1ecbch Qu\u1ed1c t\u1ecbch \u00dac C\u00f3 m\u1ed9t s\u1ed1 c\u00e1ch \u0111\u1ec3 c\u00f3 \u0111\u01b0\u1ee3c qu\u1ed1c t\u1ecbch \u00dac: Quy\u1ec1n c\u00f4ng d\u00e2n theo huy\u1ebft th\u1ed1ng \u2013 Quy\u1ec1n n\u00e0y d\u00e0nh cho tr\u1ebb em sinh ra b\u00ean ngo\u00e0i n\u01b0\u1edbc \u00dac v\u00e0 c\u00f3 cha ho\u1eb7c m\u1eb9 l\u00e0 c\u00f4ng d\u00e2n \u00dac v\u00e0o th\u1eddi \u0111i\u1ec3m [&hellip;]\" \/>\n<meta property=\"og:url\" content=\"https:\/\/proactivelegal.com.au\/vn\/quyen-cong-dan\/\" \/>\n<meta property=\"og:site_name\" content=\"ProActive Legal\" \/>\n<meta property=\"article:modified_time\" content=\"2023-05-05T09:25:57+00:00\" \/>\n<meta name=\"twitter:card\" content=\"summary_large_image\" \/>\n<meta name=\"twitter:label1\" content=\"Est. reading time\" \/>\n\t<meta name=\"twitter:data1\" content=\"2 minutes\" \/>\n<script type=\"application\/ld+json\" class=\"yoast-schema-graph\">{\"@context\":\"https:\/\/schema.org\",\"@graph\":[{\"@type\":\"WebPage\",\"@id\":\"https:\/\/proactivelegal.com.au\/vn\/quyen-cong-dan\/\",\"url\":\"https:\/\/proactivelegal.com.au\/vn\/quyen-cong-dan\/\",\"name\":\"Quy\u1ec1n c\u00f4ng d\u00e2n - ProActive Legal\",\"isPartOf\":{\"@id\":\"https:\/\/proactivelegal.com.au\/#website\"},\"datePublished\":\"2023-05-04T14:39:21+00:00\",\"dateModified\":\"2023-05-05T09:25:57+00:00\",\"breadcrumb\":{\"@id\":\"https:\/\/proactivelegal.com.au\/vn\/quyen-cong-dan\/#breadcrumb\"},\"inLanguage\":\"vi-VN\",\"potentialAction\":[{\"@type\":\"ReadAction\",\"target\":[\"https:\/\/proactivelegal.com.au\/vn\/quyen-cong-dan\/\"]}]},{\"@type\":\"BreadcrumbList\",\"@id\":\"https:\/\/proactivelegal.com.au\/vn\/quyen-cong-dan\/#breadcrumb\",\"itemListElement\":[{\"@type\":\"ListItem\",\"position\":1,\"name\":\"\u9996\u9875\",\"item\":\"https:\/\/proactivelegal.com.au\/vn\/\"},{\"@type\":\"ListItem\",\"position\":2,\"name\":\"Quy\u1ec1n c\u00f4ng d\u00e2n\"}]},{\"@type\":\"WebSite\",\"@id\":\"https:\/\/proactivelegal.com.au\/#website\",\"url\":\"https:\/\/proactivelegal.com.au\/\",\"name\":\"ProActive Legal\",\"description\":\"\",\"potentialAction\":[{\"@type\":\"SearchAction\",\"target\":{\"@type\":\"EntryPoint\",\"urlTemplate\":\"https:\/\/proactivelegal.com.au\/?s={search_term_string}\"},\"query-input\":\"required name=search_term_string\"}],\"inLanguage\":\"vi-VN\"}]}<\/script>\n<!-- \/ Yoast SEO plugin. -->","yoast_head_json":{"title":"Quy\u1ec1n c\u00f4ng d\u00e2n - ProActive Legal","robots":{"index":"index","follow":"follow","max-snippet":"max-snippet:-1","max-image-preview":"max-image-preview:large","max-video-preview":"max-video-preview:-1"},"canonical":"https:\/\/proactivelegal.com.au\/vn\/quyen-cong-dan\/","og_locale":"vi_VN","og_type":"article","og_title":"Quy\u1ec1n c\u00f4ng d\u00e2n - ProActive Legal","og_description":"Trang ch\u1ee7 &gt; Lu\u1eadt di tr\u00fa &gt; Qu\u1ed1c t\u1ecbch Qu\u1ed1c t\u1ecbch Qu\u1ed1c t\u1ecbch \u00dac C\u00f3 m\u1ed9t s\u1ed1 c\u00e1ch \u0111\u1ec3 c\u00f3 \u0111\u01b0\u1ee3c qu\u1ed1c t\u1ecbch \u00dac: Quy\u1ec1n c\u00f4ng d\u00e2n theo huy\u1ebft th\u1ed1ng \u2013 Quy\u1ec1n n\u00e0y d\u00e0nh cho tr\u1ebb em sinh ra b\u00ean ngo\u00e0i n\u01b0\u1edbc \u00dac v\u00e0 c\u00f3 cha ho\u1eb7c m\u1eb9 l\u00e0 c\u00f4ng d\u00e2n \u00dac v\u00e0o th\u1eddi \u0111i\u1ec3m [&hellip;]","og_url":"https:\/\/proactivelegal.com.au\/vn\/quyen-cong-dan\/","og_site_name":"ProActive Legal","article_modified_time":"2023-05-05T09:25:57+00:00","twitter_card":"summary_large_image","twitter_misc":{"Est. reading time":"2 minutes"},"schema":{"@context":"https:\/\/schema.org","@graph":[{"@type":"WebPage","@id":"https:\/\/proactivelegal.com.au\/vn\/quyen-cong-dan\/","url":"https:\/\/proactivelegal.com.au\/vn\/quyen-cong-dan\/","name":"Quy\u1ec1n c\u00f4ng d\u00e2n - ProActive Legal","isPartOf":{"@id":"https:\/\/proactivelegal.com.au\/#website"},"datePublished":"2023-05-04T14:39:21+00:00","dateModified":"2023-05-05T09:25:57+00:00","breadcrumb":{"@id":"https:\/\/proactivelegal.com.au\/vn\/quyen-cong-dan\/#breadcrumb"},"inLanguage":"vi-VN","potentialAction":[{"@type":"ReadAction","target":["https:\/\/proactivelegal.com.au\/vn\/quyen-cong-dan\/"]}]},{"@type":"BreadcrumbList","@id":"https:\/\/proactivelegal.com.au\/vn\/quyen-cong-dan\/#breadcrumb","itemListElement":[{"@type":"ListItem","position":1,"name":"\u9996\u9875","item":"https:\/\/proactivelegal.com.au\/vn\/"},{"@type":"ListItem","position":2,"name":"Quy\u1ec1n c\u00f4ng d\u00e2n"}]},{"@type":"WebSite","@id":"https:\/\/proactivelegal.com.au\/#website","url":"https:\/\/proactivelegal.com.au\/","name":"ProActive Legal","description":"","potentialAction":[{"@type":"SearchAction","target":{"@type":"EntryPoint","urlTemplate":"https:\/\/proactivelegal.com.au\/?s={search_term_string}"},"query-input":"required name=search_term_string"}],"inLanguage":"vi-VN"}]}},"_links":{"self":[{"href":"https:\/\/proactivelegal.com.au\/vn\/wp-json\/wp\/v2\/pages\/14067","targetHints":{"allow":["GET"]}}],"collection":[{"href":"https:\/\/proactivelegal.com.au\/vn\/wp-json\/wp\/v2\/pages"}],"about":[{"href":"https:\/\/proactivelegal.com.au\/vn\/wp-json\/wp\/v2\/types\/page"}],"author":[{"embeddable":true,"href":"https:\/\/proactivelegal.com.au\/vn\/wp-json\/wp\/v2\/users\/1"}],"replies":[{"embeddable":true,"href":"https:\/\/proactivelegal.com.au\/vn\/wp-json\/wp\/v2\/comments?post=14067"}],"version-history":[{"count":7,"href":"https:\/\/proactivelegal.com.au\/vn\/wp-json\/wp\/v2\/pages\/14067\/revisions"}],"predecessor-version":[{"id":14613,"href":"https:\/\/proactivelegal.com.au\/vn\/wp-json\/wp\/v2\/pages\/14067\/revisions\/14613"}],"wp:attachment":[{"href":"https:\/\/proactivelegal.com.au\/vn\/wp-json\/wp\/v2\/media?parent=14067"}],"curies":[{"name":"wp","href":"https:\/\/api.w.org\/{rel}","templated":true}]}}