{"id":14062,"date":"2023-05-04T14:37:23","date_gmt":"2023-05-04T14:37:23","guid":{"rendered":"https:\/\/proactivelegal.com.au\/can-thiep-cap-bo-truong\/"},"modified":"2023-05-05T09:26:22","modified_gmt":"2023-05-05T09:26:22","slug":"can-thiep-cap-bo-truong","status":"publish","type":"page","link":"https:\/\/proactivelegal.com.au\/vn\/can-thiep-cap-bo-truong\/","title":{"rendered":"Can thi\u1ec7p c\u1ea5p b\u1ed9 tr\u01b0\u1edfng"},"content":{"rendered":"\t\t<div data-elementor-type=\"wp-page\" data-elementor-id=\"14062\" class=\"elementor elementor-14062 elementor-7156\" data-elementor-post-type=\"page\">\n\t\t\t\t\t\t\t\t\t<section class=\"elementor-section elementor-top-section elementor-element elementor-element-cb4f671 elementor-section-boxed elementor-section-height-default elementor-section-height-default\" data-id=\"cb4f671\" data-element_type=\"section\">\n\t\t\t\t\t\t<div class=\"elementor-container elementor-column-gap-default\">\n\t\t\t\t\t<div class=\"elementor-column elementor-col-100 elementor-top-column elementor-element elementor-element-78db61a\" data-id=\"78db61a\" data-element_type=\"column\">\n\t\t\t<div class=\"elementor-widget-wrap elementor-element-populated\">\n\t\t\t\t\t\t\t\t<div class=\"elementor-element elementor-element-1670bd4 elementor-widget elementor-widget-text-editor\" data-id=\"1670bd4\" data-element_type=\"widget\" data-widget_type=\"text-editor.default\">\n\t\t\t\t<div class=\"elementor-widget-container\">\n\t\t\t<style>\/*! elementor - v3.15.0 - 09-08-2023 *\/\n.elementor-widget-text-editor.elementor-drop-cap-view-stacked .elementor-drop-cap{background-color:#69727d;color:#fff}.elementor-widget-text-editor.elementor-drop-cap-view-framed .elementor-drop-cap{color:#69727d;border:3px solid;background-color:transparent}.elementor-widget-text-editor:not(.elementor-drop-cap-view-default) .elementor-drop-cap{margin-top:8px}.elementor-widget-text-editor:not(.elementor-drop-cap-view-default) .elementor-drop-cap-letter{width:1em;height:1em}.elementor-widget-text-editor .elementor-drop-cap{float:left;text-align:center;line-height:1;font-size:50px}.elementor-widget-text-editor .elementor-drop-cap-letter{display:inline-block}<\/style>\t\t\t\t<a style=\"color: #000;\" href=\"https:\/\/proactivelegal.com.au\/vn\">Trang ch\u1ee7<\/a> &gt; Lu\u1eadt di tr\u00fa &gt; S\u1ef1 can thi\u1ec7p c\u1ee7a B\u1ed9 tr\u01b0\u1edfng\t\t\t\t\t\t<\/div>\n\t\t\t\t<\/div>\n\t\t\t\t<div class=\"elementor-element elementor-element-cf6e534 elementor-widget elementor-widget-text-editor\" data-id=\"cf6e534\" data-element_type=\"widget\" data-widget_type=\"text-editor.default\">\n\t\t\t\t<div class=\"elementor-widget-container\">\n\t\t\t\t\t\t\t<p>S\u1ef1 can thi\u1ec7p c\u1ee7a B\u1ed9 tr\u01b0\u1edfng<\/p>\t\t\t\t\t\t<\/div>\n\t\t\t\t<\/div>\n\t\t\t\t\t<\/div>\n\t\t<\/div>\n\t\t\t\t\t\t\t<\/div>\n\t\t<\/section>\n\t\t\t\t<section class=\"elementor-section elementor-top-section elementor-element elementor-element-9a65b9a elementor-section-boxed elementor-section-height-default elementor-section-height-default\" data-id=\"9a65b9a\" data-element_type=\"section\">\n\t\t\t\t\t\t<div class=\"elementor-container elementor-column-gap-default\">\n\t\t\t\t\t<div class=\"elementor-column elementor-col-100 elementor-top-column elementor-element elementor-element-6685e34\" data-id=\"6685e34\" data-element_type=\"column\">\n\t\t\t<div class=\"elementor-widget-wrap elementor-element-populated\">\n\t\t\t\t\t\t\t\t<div class=\"elementor-element elementor-element-03bcb5f elementor-widget elementor-widget-text-editor\" data-id=\"03bcb5f\" data-element_type=\"widget\" data-widget_type=\"text-editor.default\">\n\t\t\t\t<div class=\"elementor-widget-container\">\n\t\t\t\t\t\t\t<p>B\u1ed9 tr\u01b0\u1edfng c\u00f3 quy\u1ec1n h\u1ea1n theo \u0110\u1ea1o lu\u1eadt Di c\u01b0 1958 trong c\u00e1c m\u1ee5c 351, 417 v\u00e0 501J \u0111\u1ec3 thay th\u1ebf quy\u1ebft \u0111\u1ecbnh c\u1ee7a t\u00f2a \u00e1n xem x\u00e9t c\u00f4ng tr\u1ea1ng \u0111\u1ed1i v\u1edbi tr\u01b0\u1eddng h\u1ee3p c\u1ee7a m\u1ed9t ng\u01b0\u1eddi b\u1eb1ng m\u1ed9t quy\u1ebft \u0111\u1ecbnh c\u00f3 l\u1ee3i h\u01a1n cho ng\u01b0\u1eddi \u0111\u00f3 n\u1ebfu B\u1ed9 tr\u01b0\u1edfng cho r\u1eb1ng \u0111\u00f3 l\u00e0 l\u1ee3i \u00edch c\u00f4ng c\u1ed9ng. l\u00e0m nh\u01b0 v\u1eady.<\/p>\n<p>M\u1ed9t ng\u01b0\u1eddi \u0111\u00e3 b\u1ecb t\u1eeb ch\u1ed1i c\u1ea5p th\u1ecb th\u1ef1c ho\u1eb7c h\u1ee7y th\u1ecb th\u1ef1c v\u00e0 sau \u0111\u00f3 nh\u1eadn \u0111\u01b0\u1ee3c k\u1ebft qu\u1ea3 kh\u00f4ng th\u00e0nh c\u00f4ng khi xem x\u00e9t c\u00f4ng tr\u1ea1ng c\u00f3 th\u1ec3 y\u00eau c\u1ea7u B\u1ed9 tr\u01b0\u1edfng B\u1ed9 Di tr\u00fa can thi\u1ec7p n\u1ebfu h\u1ecd tin r\u1eb1ng ho\u00e0n c\u1ea3nh c\u1ee7a h\u1ecd l\u00e0 duy nh\u1ea5t v\u00e0 ngo\u1ea1i l\u1ec7.<\/p>\n<p>M\u1ecdi y\u00eau c\u1ea7u can thi\u1ec7p c\u1ee7a c\u1ea5p b\u1ed9 ph\u1ea3i \u0111\u01b0\u1ee3c \u0111\u01b0a ra c\u00e0ng s\u1edbm c\u00e0ng t\u1ed1t sau khi nh\u1eadn \u0111\u01b0\u1ee3c quy\u1ebft \u0111\u1ecbnh ti\u00eau c\u1ef1c v\u1ec1 AAT. Vi\u1ec7c kh\u00f4ng n\u1ed9p \u0111\u01a1n tr\u01b0\u1edbc khi th\u1ecb th\u1ef1c B\u1eafc c\u1ea7u c\u1ee7a ng\u01b0\u1eddi \u0111\u00f3 h\u1ebft h\u1ea1n s\u1ebd d\u1eabn \u0111\u1ebfn vi\u1ec7c h\u1ecd m\u1ea5t b\u1ea5t k\u1ef3 quy\u1ec1n l\u00e0m vi\u1ec7c n\u00e0o m\u00e0 h\u1ecd c\u00f3 th\u1ec3 c\u00f3 trong khi y\u00eau c\u1ea7u \u0111ang \u0111\u01b0\u1ee3c x\u1eed l\u00fd.<\/p>\n\t\t\t\t\t\t<\/div>\n\t\t\t\t<\/div>\n\t\t\t\t\t<\/div>\n\t\t<\/div>\n\t\t\t\t\t\t\t<\/div>\n\t\t<\/section>\n\t\t\t\t\t\t\t<\/div>\n\t\t","protected":false},"excerpt":{"rendered":"<p>Trang ch\u1ee7 &gt; Lu\u1eadt di tr\u00fa &gt; S\u1ef1 can thi\u1ec7p c\u1ee7a B\u1ed9 tr\u01b0\u1edfng S\u1ef1 can thi\u1ec7p c\u1ee7a B\u1ed9 tr\u01b0\u1edfng B\u1ed9 tr\u01b0\u1edfng c\u00f3 quy\u1ec1n h\u1ea1n theo \u0110\u1ea1o lu\u1eadt Di c\u01b0 1958 trong c\u00e1c m\u1ee5c 351, 417 v\u00e0 501J \u0111\u1ec3 thay th\u1ebf quy\u1ebft \u0111\u1ecbnh c\u1ee7a t\u00f2a \u00e1n xem x\u00e9t c\u00f4ng tr\u1ea1ng \u0111\u1ed1i v\u1edbi tr\u01b0\u1eddng h\u1ee3p c\u1ee7a m\u1ed9t [&hellip;]<\/p>\n","protected":false},"author":1,"featured_media":0,"parent":0,"menu_order":0,"comment_status":"closed","ping_status":"closed","template":"","meta":{"footnotes":""},"class_list":["post-14062","page","type-page","status-publish","hentry"],"yoast_head":"<!-- This site is optimized with the Yoast SEO plugin v20.3 - https:\/\/yoast.com\/wordpress\/plugins\/seo\/ -->\n<title>Lu\u1eadt s\u01b0 Can thi\u1ec7p C\u1ea5p B\u1ed9 Sydney, Melbourne<\/title>\n<meta name=\"description\" content=\"Ch\u00fang t\u00f4i chuy\u00ean v\u1ec1 can thi\u1ec7p c\u1ea5p b\u1ed9 v\u00e0 c\u00f3 th\u1ec3 \u0111\u01b0a ra l\u1eddi khuy\u00ean, h\u01b0\u1edbng d\u1eabn v\u00e0 bi\u1ec7n h\u1ed9 \u0111\u1ec3 mang \u0111\u1ebfn cho b\u1ea1n c\u01a1 h\u1ed9i th\u00e0nh c\u00f4ng cao nh\u1ea5t.\" \/>\n<meta name=\"robots\" content=\"index, follow, max-snippet:-1, max-image-preview:large, max-video-preview:-1\" \/>\n<link rel=\"canonical\" href=\"https:\/\/proactivelegal.com.au\/vn\/can-thiep-cap-bo-truong\/\" \/>\n<meta property=\"og:locale\" content=\"vi_VN\" \/>\n<meta property=\"og:type\" content=\"article\" \/>\n<meta property=\"og:title\" content=\"Lu\u1eadt s\u01b0 Can thi\u1ec7p C\u1ea5p B\u1ed9 Sydney, Melbourne\" \/>\n<meta property=\"og:description\" content=\"Ch\u00fang t\u00f4i chuy\u00ean v\u1ec1 can thi\u1ec7p c\u1ea5p b\u1ed9 v\u00e0 c\u00f3 th\u1ec3 \u0111\u01b0a ra l\u1eddi khuy\u00ean, h\u01b0\u1edbng d\u1eabn v\u00e0 bi\u1ec7n h\u1ed9 \u0111\u1ec3 mang \u0111\u1ebfn cho b\u1ea1n c\u01a1 h\u1ed9i th\u00e0nh c\u00f4ng cao nh\u1ea5t.\" \/>\n<meta property=\"og:url\" content=\"https:\/\/proactivelegal.com.au\/vn\/can-thiep-cap-bo-truong\/\" \/>\n<meta property=\"og:site_name\" content=\"ProActive Legal\" \/>\n<meta property=\"article:modified_time\" content=\"2023-05-05T09:26:22+00:00\" \/>\n<meta name=\"twitter:card\" content=\"summary_large_image\" \/>\n<meta name=\"twitter:label1\" content=\"Est. reading time\" \/>\n\t<meta name=\"twitter:data1\" content=\"1 minute\" \/>\n<script type=\"application\/ld+json\" class=\"yoast-schema-graph\">{\"@context\":\"https:\/\/schema.org\",\"@graph\":[{\"@type\":\"WebPage\",\"@id\":\"https:\/\/proactivelegal.com.au\/vn\/can-thiep-cap-bo-truong\/\",\"url\":\"https:\/\/proactivelegal.com.au\/vn\/can-thiep-cap-bo-truong\/\",\"name\":\"Lu\u1eadt s\u01b0 Can thi\u1ec7p C\u1ea5p B\u1ed9 Sydney, Melbourne\",\"isPartOf\":{\"@id\":\"https:\/\/proactivelegal.com.au\/#website\"},\"datePublished\":\"2023-05-04T14:37:23+00:00\",\"dateModified\":\"2023-05-05T09:26:22+00:00\",\"description\":\"Ch\u00fang t\u00f4i chuy\u00ean v\u1ec1 can thi\u1ec7p c\u1ea5p b\u1ed9 v\u00e0 c\u00f3 th\u1ec3 \u0111\u01b0a ra l\u1eddi khuy\u00ean, h\u01b0\u1edbng d\u1eabn v\u00e0 bi\u1ec7n h\u1ed9 \u0111\u1ec3 mang \u0111\u1ebfn cho b\u1ea1n c\u01a1 h\u1ed9i th\u00e0nh c\u00f4ng cao nh\u1ea5t.\",\"breadcrumb\":{\"@id\":\"https:\/\/proactivelegal.com.au\/vn\/can-thiep-cap-bo-truong\/#breadcrumb\"},\"inLanguage\":\"vi-VN\",\"potentialAction\":[{\"@type\":\"ReadAction\",\"target\":[\"https:\/\/proactivelegal.com.au\/vn\/can-thiep-cap-bo-truong\/\"]}]},{\"@type\":\"BreadcrumbList\",\"@id\":\"https:\/\/proactivelegal.com.au\/vn\/can-thiep-cap-bo-truong\/#breadcrumb\",\"itemListElement\":[{\"@type\":\"ListItem\",\"position\":1,\"name\":\"\u9996\u9875\",\"item\":\"https:\/\/proactivelegal.com.au\/vn\/\"},{\"@type\":\"ListItem\",\"position\":2,\"name\":\"Can thi\u1ec7p c\u1ea5p b\u1ed9 tr\u01b0\u1edfng\"}]},{\"@type\":\"WebSite\",\"@id\":\"https:\/\/proactivelegal.com.au\/#website\",\"url\":\"https:\/\/proactivelegal.com.au\/\",\"name\":\"ProActive Legal\",\"description\":\"\",\"potentialAction\":[{\"@type\":\"SearchAction\",\"target\":{\"@type\":\"EntryPoint\",\"urlTemplate\":\"https:\/\/proactivelegal.com.au\/?s={search_term_string}\"},\"query-input\":\"required name=search_term_string\"}],\"inLanguage\":\"vi-VN\"}]}<\/script>\n<!-- \/ Yoast SEO plugin. -->","yoast_head_json":{"title":"Lu\u1eadt s\u01b0 Can thi\u1ec7p C\u1ea5p B\u1ed9 Sydney, Melbourne","description":"Ch\u00fang t\u00f4i chuy\u00ean v\u1ec1 can thi\u1ec7p c\u1ea5p b\u1ed9 v\u00e0 c\u00f3 th\u1ec3 \u0111\u01b0a ra l\u1eddi khuy\u00ean, h\u01b0\u1edbng d\u1eabn v\u00e0 bi\u1ec7n h\u1ed9 \u0111\u1ec3 mang \u0111\u1ebfn cho b\u1ea1n c\u01a1 h\u1ed9i th\u00e0nh c\u00f4ng cao nh\u1ea5t.","robots":{"index":"index","follow":"follow","max-snippet":"max-snippet:-1","max-image-preview":"max-image-preview:large","max-video-preview":"max-video-preview:-1"},"canonical":"https:\/\/proactivelegal.com.au\/vn\/can-thiep-cap-bo-truong\/","og_locale":"vi_VN","og_type":"article","og_title":"Lu\u1eadt s\u01b0 Can thi\u1ec7p C\u1ea5p B\u1ed9 Sydney, Melbourne","og_description":"Ch\u00fang t\u00f4i chuy\u00ean v\u1ec1 can thi\u1ec7p c\u1ea5p b\u1ed9 v\u00e0 c\u00f3 th\u1ec3 \u0111\u01b0a ra l\u1eddi khuy\u00ean, h\u01b0\u1edbng d\u1eabn v\u00e0 bi\u1ec7n h\u1ed9 \u0111\u1ec3 mang \u0111\u1ebfn cho b\u1ea1n c\u01a1 h\u1ed9i th\u00e0nh c\u00f4ng cao nh\u1ea5t.","og_url":"https:\/\/proactivelegal.com.au\/vn\/can-thiep-cap-bo-truong\/","og_site_name":"ProActive Legal","article_modified_time":"2023-05-05T09:26:22+00:00","twitter_card":"summary_large_image","twitter_misc":{"Est. reading time":"1 minute"},"schema":{"@context":"https:\/\/schema.org","@graph":[{"@type":"WebPage","@id":"https:\/\/proactivelegal.com.au\/vn\/can-thiep-cap-bo-truong\/","url":"https:\/\/proactivelegal.com.au\/vn\/can-thiep-cap-bo-truong\/","name":"Lu\u1eadt s\u01b0 Can thi\u1ec7p C\u1ea5p B\u1ed9 Sydney, Melbourne","isPartOf":{"@id":"https:\/\/proactivelegal.com.au\/#website"},"datePublished":"2023-05-04T14:37:23+00:00","dateModified":"2023-05-05T09:26:22+00:00","description":"Ch\u00fang t\u00f4i chuy\u00ean v\u1ec1 can thi\u1ec7p c\u1ea5p b\u1ed9 v\u00e0 c\u00f3 th\u1ec3 \u0111\u01b0a ra l\u1eddi khuy\u00ean, h\u01b0\u1edbng d\u1eabn v\u00e0 bi\u1ec7n h\u1ed9 \u0111\u1ec3 mang \u0111\u1ebfn cho b\u1ea1n c\u01a1 h\u1ed9i th\u00e0nh c\u00f4ng cao nh\u1ea5t.","breadcrumb":{"@id":"https:\/\/proactivelegal.com.au\/vn\/can-thiep-cap-bo-truong\/#breadcrumb"},"inLanguage":"vi-VN","potentialAction":[{"@type":"ReadAction","target":["https:\/\/proactivelegal.com.au\/vn\/can-thiep-cap-bo-truong\/"]}]},{"@type":"BreadcrumbList","@id":"https:\/\/proactivelegal.com.au\/vn\/can-thiep-cap-bo-truong\/#breadcrumb","itemListElement":[{"@type":"ListItem","position":1,"name":"\u9996\u9875","item":"https:\/\/proactivelegal.com.au\/vn\/"},{"@type":"ListItem","position":2,"name":"Can thi\u1ec7p c\u1ea5p b\u1ed9 tr\u01b0\u1edfng"}]},{"@type":"WebSite","@id":"https:\/\/proactivelegal.com.au\/#website","url":"https:\/\/proactivelegal.com.au\/","name":"ProActive Legal","description":"","potentialAction":[{"@type":"SearchAction","target":{"@type":"EntryPoint","urlTemplate":"https:\/\/proactivelegal.com.au\/?s={search_term_string}"},"query-input":"required name=search_term_string"}],"inLanguage":"vi-VN"}]}},"_links":{"self":[{"href":"https:\/\/proactivelegal.com.au\/vn\/wp-json\/wp\/v2\/pages\/14062","targetHints":{"allow":["GET"]}}],"collection":[{"href":"https:\/\/proactivelegal.com.au\/vn\/wp-json\/wp\/v2\/pages"}],"about":[{"href":"https:\/\/proactivelegal.com.au\/vn\/wp-json\/wp\/v2\/types\/page"}],"author":[{"embeddable":true,"href":"https:\/\/proactivelegal.com.au\/vn\/wp-json\/wp\/v2\/users\/1"}],"replies":[{"embeddable":true,"href":"https:\/\/proactivelegal.com.au\/vn\/wp-json\/wp\/v2\/comments?post=14062"}],"version-history":[{"count":10,"href":"https:\/\/proactivelegal.com.au\/vn\/wp-json\/wp\/v2\/pages\/14062\/revisions"}],"predecessor-version":[{"id":14616,"href":"https:\/\/proactivelegal.com.au\/vn\/wp-json\/wp\/v2\/pages\/14062\/revisions\/14616"}],"wp:attachment":[{"href":"https:\/\/proactivelegal.com.au\/vn\/wp-json\/wp\/v2\/media?parent=14062"}],"curies":[{"name":"wp","href":"https:\/\/api.w.org\/{rel}","templated":true}]}}