{"id":14057,"date":"2023-05-04T14:35:55","date_gmt":"2023-05-04T14:35:55","guid":{"rendered":"https:\/\/proactivelegal.com.au\/xem-xet-va-khieu-nai\/"},"modified":"2023-05-05T09:26:30","modified_gmt":"2023-05-05T09:26:30","slug":"xem-xet-va-khieu-nai","status":"publish","type":"page","link":"https:\/\/proactivelegal.com.au\/vn\/xem-xet-va-khieu-nai\/","title":{"rendered":"Xem x\u00e9t v\u00e0 Khi\u1ebfu n\u1ea1i"},"content":{"rendered":"\t\t<div data-elementor-type=\"wp-page\" data-elementor-id=\"14057\" class=\"elementor elementor-14057 elementor-7151\" data-elementor-post-type=\"page\">\n\t\t\t\t\t\t\t\t\t<section class=\"elementor-section elementor-top-section elementor-element elementor-element-cb4f671 elementor-section-boxed elementor-section-height-default elementor-section-height-default\" data-id=\"cb4f671\" data-element_type=\"section\">\n\t\t\t\t\t\t<div class=\"elementor-container elementor-column-gap-default\">\n\t\t\t\t\t<div class=\"elementor-column elementor-col-100 elementor-top-column elementor-element elementor-element-78db61a\" data-id=\"78db61a\" data-element_type=\"column\">\n\t\t\t<div class=\"elementor-widget-wrap elementor-element-populated\">\n\t\t\t\t\t\t\t\t<div class=\"elementor-element elementor-element-1670bd4 elementor-widget elementor-widget-text-editor\" data-id=\"1670bd4\" data-element_type=\"widget\" data-widget_type=\"text-editor.default\">\n\t\t\t\t<div class=\"elementor-widget-container\">\n\t\t\t<style>\/*! elementor - v3.15.0 - 09-08-2023 *\/\n.elementor-widget-text-editor.elementor-drop-cap-view-stacked .elementor-drop-cap{background-color:#69727d;color:#fff}.elementor-widget-text-editor.elementor-drop-cap-view-framed .elementor-drop-cap{color:#69727d;border:3px solid;background-color:transparent}.elementor-widget-text-editor:not(.elementor-drop-cap-view-default) .elementor-drop-cap{margin-top:8px}.elementor-widget-text-editor:not(.elementor-drop-cap-view-default) .elementor-drop-cap-letter{width:1em;height:1em}.elementor-widget-text-editor .elementor-drop-cap{float:left;text-align:center;line-height:1;font-size:50px}.elementor-widget-text-editor .elementor-drop-cap-letter{display:inline-block}<\/style>\t\t\t\t<a style=\"color: #000;\" href=\"https:\/\/proactivelegal.com.au\/vn\">Trang ch\u1ee7<\/a> &gt; Lu\u1eadt di tr\u00fa &gt; Khi\u1ebfu n\u1ea1i\t\t\t\t\t\t<\/div>\n\t\t\t\t<\/div>\n\t\t\t\t<div class=\"elementor-element elementor-element-cf6e534 elementor-widget elementor-widget-text-editor\" data-id=\"cf6e534\" data-element_type=\"widget\" data-widget_type=\"text-editor.default\">\n\t\t\t\t<div class=\"elementor-widget-container\">\n\t\t\t\t\t\t\t<p>Khi\u1ebfu n\u1ea1i<\/p>\t\t\t\t\t\t<\/div>\n\t\t\t\t<\/div>\n\t\t\t\t\t<\/div>\n\t\t<\/div>\n\t\t\t\t\t\t\t<\/div>\n\t\t<\/section>\n\t\t\t\t<section class=\"elementor-section elementor-top-section elementor-element elementor-element-9a65b9a elementor-section-boxed elementor-section-height-default elementor-section-height-default\" data-id=\"9a65b9a\" data-element_type=\"section\">\n\t\t\t\t\t\t<div class=\"elementor-container elementor-column-gap-default\">\n\t\t\t\t\t<div class=\"elementor-column elementor-col-100 elementor-top-column elementor-element elementor-element-6685e34\" data-id=\"6685e34\" data-element_type=\"column\">\n\t\t\t<div class=\"elementor-widget-wrap elementor-element-populated\">\n\t\t\t\t\t\t\t\t<div class=\"elementor-element elementor-element-03bcb5f elementor-widget elementor-widget-text-editor\" data-id=\"03bcb5f\" data-element_type=\"widget\" data-widget_type=\"text-editor.default\">\n\t\t\t\t<div class=\"elementor-widget-container\">\n\t\t\t\t\t\t\t<p><span style=\"text-decoration: underline;\">\u0110\u00e1nh gi\u00e1 th\u00e0nh t\u00edch<\/span><\/p>\n<p>Th\u1eadt kh\u00f4ng may, c\u00f3 m\u1ed9t s\u1ed1 \u0111\u01a1n xin th\u1ecb th\u1ef1c ban \u0111\u1ea7u c\u00f3 th\u1ec3 kh\u00f4ng th\u00e0nh c\u00f4ng t\u1ea1i B\u1ed9 N\u1ed9i v\u1ee5 v\u00ec nhi\u1ec1u l\u00fd do ho\u1eb7c th\u1ecb th\u1ef1c c\u00f3 th\u1ec3 b\u1ecb h\u1ee7y b\u1ecf. N\u1ebfu \u0111i\u1ec1u \u0111\u00f3 x\u1ea3y ra, ng\u01b0\u1eddi n\u1ed9p \u0111\u01a1n s\u1ebd c\u00f3 quy\u1ec1n n\u1ed9p \u0111\u01a1n l\u00ean B\u1ed9 ph\u1eadn Di c\u01b0 v\u00e0 T\u1ecb n\u1ea1n (B\u1ed9 ph\u1eadn MR) c\u1ee7a To\u00e0 \u00e1n Khi\u1ebfu n\u1ea1i H\u00e0nh ch\u00ednh (tr\u01b0\u1edbc \u0111\u00e2y l\u00e0 To\u00e0 \u00e1n X\u00e9t duy\u1ec7t Di c\u01b0 v\u00e0 To\u00e0 \u00e1n X\u00e9t duy\u1ec7t Ng\u01b0\u1eddi t\u1ecb n\u1ea1n) \u0111\u1ec3 \u0111\u01b0\u1ee3c xem x\u00e9t l\u1ea1i quy\u1ebft \u0111\u1ecbnh t\u1eeb ch\u1ed1i ho\u1eb7c hu\u1ef7 b\u1ecf.<\/p>\n<\/p>\n<p>Ch\u1ee9c n\u0103ng c\u1ee7a B\u1ed9 ph\u1eadn MR c\u1ee7a AAT l\u00e0 ti\u1ebfn h\u00e0nh \u0111\u00e1nh gi\u00e1 m\u1edbi to\u00e0n b\u1ed9 \u1ee9ng d\u1ee5ng. N\u00f3 \u0111\u00e1nh gi\u00e1 l\u1ea1i qu\u00e1 tr\u00ecnh \u0111\u0103ng k\u00fd ho\u1eb7c h\u1ee7y b\u1ecf v\u00e0 xem x\u00e9t b\u1ea5t k\u1ef3 th\u00f4ng tin m\u1edbi n\u00e0o \u0111\u01b0\u1ee3c cung c\u1ea5p cho h\u1ecd \u0111\u1ec3 x\u00e1c \u0111\u1ecbnh k\u1ebft qu\u1ea3 ch\u00ednh x\u00e1c l\u00e0 g\u00ec, ho\u1eb7c \u0111\u00e1ng l\u1ebd ph\u1ea3i nh\u01b0 v\u1eady, t\u1ea1i th\u1eddi \u0111i\u1ec3m AAT \u0111\u01b0a ra quy\u1ebft \u0111\u1ecbnh c\u1ee7a m\u00ecnh. Kh\u00f4ng gi\u1ed1ng nh\u01b0 th\u1ee7 t\u1ee5c t\u1ed1 t\u1ee5ng t\u1ea1i t\u00f2a \u00e1n, B\u1ed9 N\u1ed9i v\u1ee5 kh\u00f4ng ph\u1ea3i l\u00e0 m\u1ed9t b\u00ean tham gia \u0111\u00e1nh gi\u00e1 t\u1ea1i Ph\u00f2ng MR c\u1ee7a AAT.<\/p>\n<\/p>\n<p>Trong c\u00e1c tr\u01b0\u1eddng h\u1ee3p li\u00ean quan \u0111\u1ebfn vi\u1ec7c t\u1eeb ch\u1ed1i c\u1ea5p th\u1ecb th\u1ef1c ho\u1eb7c h\u1ee7y b\u1ecf th\u1ecb th\u1ef1c tr\u00ean c\u01a1 s\u1edf \u0111\u1eb7c \u0111i\u1ec3m theo \u0111i\u1ec1u s.501 c\u1ee7a \u0110\u1ea1o lu\u1eadt Di c\u01b0, m\u1ecdi \u0111\u00e1nh gi\u00e1 v\u1ec1 c\u00f4ng tr\u1ea1ng s\u1ebd thu\u1ed9c v\u1ec1 Ph\u00f2ng T\u1ed5ng h\u1ee3p c\u1ee7a T\u00f2a ph\u00fac th\u1ea9m H\u00e0nh ch\u00ednh. B\u1ed9 N\u1ed9i v\u1ee5 s\u1ebd l\u00e0 m\u1ed9t b\u00ean trong c\u00e1c th\u1ee7 t\u1ee5c xem x\u00e9t n\u00e0y.<\/p>\n<\/p>\n<p><span style=\"text-decoration: underline;\">Xem x\u00e9t t\u01b0 ph\u00e1p<\/span><\/p>\n<\/p>\n<p>Sau khi m\u1ed9t ng\u01b0\u1eddi nh\u1eadn \u0111\u01b0\u1ee3c quy\u1ebft \u0111\u1ecbnh ti\u00eau c\u1ef1c v\u1ec1 c\u00e1c tr\u01b0\u1eddng h\u1ee3p Di c\u01b0 v\u00e0 quy\u1ec1n c\u00f4ng d\u00e2n t\u1eeb c\u00e1c t\u00f2a \u00e1n x\u00e9t duy\u1ec7t c\u00f4ng tr\u1ea1ng, ng\u01b0\u1eddi \u0111\u00f3 c\u1ea7n xem x\u00e9t l\u1ea1i v\u1ee5 vi\u1ec7c v\u00e0 quy\u1ebft \u0111\u1ecbnh xem n\u00ean \u0111i theo con \u0111\u01b0\u1eddng xem x\u00e9t t\u01b0 ph\u00e1p hay Can thi\u1ec7p c\u1ee7a B\u1ed9 tr\u01b0\u1edfng.<\/p>\n<\/p>\n<p>Trong qu\u00e1 tr\u00ecnh gi\u00e1m s\u00e1t t\u01b0 ph\u00e1p, t\u00f2a \u00e1n kh\u00f4ng ti\u1ebfn h\u00e0nh xem x\u00e9t c\u00e1c t\u00ecnh ti\u1ebft c\u1ee7a v\u1ee5 \u00e1n ho\u1eb7c b\u1ea3n ch\u1ea5t c\u1ee7a v\u1ee5 \u00e1n; vai tr\u00f2 c\u1ee7a t\u00f2a \u00e1n l\u00e0 x\u00e1c \u0111\u1ecbnh xem lu\u1eadt li\u00ean quan c\u00f3 \u0111\u01b0\u1ee3c ng\u01b0\u1eddi ra quy\u1ebft \u0111\u1ecbnh gi\u1ea3i th\u00edch v\u00e0 \u00e1p d\u1ee5ng \u0111\u00fang hay kh\u00f4ng.<\/p>\n\t\t\t\t\t\t<\/div>\n\t\t\t\t<\/div>\n\t\t\t\t\t<\/div>\n\t\t<\/div>\n\t\t\t\t\t\t\t<\/div>\n\t\t<\/section>\n\t\t\t\t\t\t\t<\/div>\n\t\t","protected":false},"excerpt":{"rendered":"<p>Trang ch\u1ee7 &gt; Lu\u1eadt di tr\u00fa &gt; Khi\u1ebfu n\u1ea1i Khi\u1ebfu n\u1ea1i \u0110\u00e1nh gi\u00e1 th\u00e0nh t\u00edch Th\u1eadt kh\u00f4ng may, c\u00f3 m\u1ed9t s\u1ed1 \u0111\u01a1n xin th\u1ecb th\u1ef1c ban \u0111\u1ea7u c\u00f3 th\u1ec3 kh\u00f4ng th\u00e0nh c\u00f4ng t\u1ea1i B\u1ed9 N\u1ed9i v\u1ee5 v\u00ec nhi\u1ec1u l\u00fd do ho\u1eb7c th\u1ecb th\u1ef1c c\u00f3 th\u1ec3 b\u1ecb h\u1ee7y b\u1ecf. N\u1ebfu \u0111i\u1ec1u \u0111\u00f3 x\u1ea3y ra, ng\u01b0\u1eddi n\u1ed9p [&hellip;]<\/p>\n","protected":false},"author":1,"featured_media":0,"parent":0,"menu_order":0,"comment_status":"closed","ping_status":"closed","template":"","meta":{"footnotes":""},"class_list":["post-14057","page","type-page","status-publish","hentry"],"yoast_head":"<!-- This site is optimized with the Yoast SEO plugin v20.3 - https:\/\/yoast.com\/wordpress\/plugins\/seo\/ -->\n<title>Xem x\u00e9t v\u00e0 Khi\u1ebfu n\u1ea1i - ProActive Legal<\/title>\n<meta name=\"robots\" content=\"index, follow, max-snippet:-1, max-image-preview:large, max-video-preview:-1\" \/>\n<link rel=\"canonical\" href=\"https:\/\/proactivelegal.com.au\/vn\/xem-xet-va-khieu-nai\/\" \/>\n<meta property=\"og:locale\" content=\"vi_VN\" \/>\n<meta property=\"og:type\" content=\"article\" \/>\n<meta property=\"og:title\" content=\"Xem x\u00e9t v\u00e0 Khi\u1ebfu n\u1ea1i - ProActive Legal\" \/>\n<meta property=\"og:description\" content=\"Trang ch\u1ee7 &gt; Lu\u1eadt di tr\u00fa &gt; Khi\u1ebfu n\u1ea1i Khi\u1ebfu n\u1ea1i \u0110\u00e1nh gi\u00e1 th\u00e0nh t\u00edch Th\u1eadt kh\u00f4ng may, c\u00f3 m\u1ed9t s\u1ed1 \u0111\u01a1n xin th\u1ecb th\u1ef1c ban \u0111\u1ea7u c\u00f3 th\u1ec3 kh\u00f4ng th\u00e0nh c\u00f4ng t\u1ea1i B\u1ed9 N\u1ed9i v\u1ee5 v\u00ec nhi\u1ec1u l\u00fd do ho\u1eb7c th\u1ecb th\u1ef1c c\u00f3 th\u1ec3 b\u1ecb h\u1ee7y b\u1ecf. N\u1ebfu \u0111i\u1ec1u \u0111\u00f3 x\u1ea3y ra, ng\u01b0\u1eddi n\u1ed9p [&hellip;]\" \/>\n<meta property=\"og:url\" content=\"https:\/\/proactivelegal.com.au\/vn\/xem-xet-va-khieu-nai\/\" \/>\n<meta property=\"og:site_name\" content=\"ProActive Legal\" \/>\n<meta property=\"article:modified_time\" content=\"2023-05-05T09:26:30+00:00\" \/>\n<meta name=\"twitter:card\" content=\"summary_large_image\" \/>\n<meta name=\"twitter:label1\" content=\"Est. reading time\" \/>\n\t<meta name=\"twitter:data1\" content=\"2 minutes\" \/>\n<script type=\"application\/ld+json\" class=\"yoast-schema-graph\">{\"@context\":\"https:\/\/schema.org\",\"@graph\":[{\"@type\":\"WebPage\",\"@id\":\"https:\/\/proactivelegal.com.au\/vn\/xem-xet-va-khieu-nai\/\",\"url\":\"https:\/\/proactivelegal.com.au\/vn\/xem-xet-va-khieu-nai\/\",\"name\":\"Xem x\u00e9t v\u00e0 Khi\u1ebfu n\u1ea1i - ProActive Legal\",\"isPartOf\":{\"@id\":\"https:\/\/proactivelegal.com.au\/#website\"},\"datePublished\":\"2023-05-04T14:35:55+00:00\",\"dateModified\":\"2023-05-05T09:26:30+00:00\",\"breadcrumb\":{\"@id\":\"https:\/\/proactivelegal.com.au\/vn\/xem-xet-va-khieu-nai\/#breadcrumb\"},\"inLanguage\":\"vi-VN\",\"potentialAction\":[{\"@type\":\"ReadAction\",\"target\":[\"https:\/\/proactivelegal.com.au\/vn\/xem-xet-va-khieu-nai\/\"]}]},{\"@type\":\"BreadcrumbList\",\"@id\":\"https:\/\/proactivelegal.com.au\/vn\/xem-xet-va-khieu-nai\/#breadcrumb\",\"itemListElement\":[{\"@type\":\"ListItem\",\"position\":1,\"name\":\"\u9996\u9875\",\"item\":\"https:\/\/proactivelegal.com.au\/vn\/\"},{\"@type\":\"ListItem\",\"position\":2,\"name\":\"Xem x\u00e9t v\u00e0 Khi\u1ebfu n\u1ea1i\"}]},{\"@type\":\"WebSite\",\"@id\":\"https:\/\/proactivelegal.com.au\/#website\",\"url\":\"https:\/\/proactivelegal.com.au\/\",\"name\":\"ProActive Legal\",\"description\":\"\",\"potentialAction\":[{\"@type\":\"SearchAction\",\"target\":{\"@type\":\"EntryPoint\",\"urlTemplate\":\"https:\/\/proactivelegal.com.au\/?s={search_term_string}\"},\"query-input\":\"required name=search_term_string\"}],\"inLanguage\":\"vi-VN\"}]}<\/script>\n<!-- \/ Yoast SEO plugin. -->","yoast_head_json":{"title":"Xem x\u00e9t v\u00e0 Khi\u1ebfu n\u1ea1i - ProActive Legal","robots":{"index":"index","follow":"follow","max-snippet":"max-snippet:-1","max-image-preview":"max-image-preview:large","max-video-preview":"max-video-preview:-1"},"canonical":"https:\/\/proactivelegal.com.au\/vn\/xem-xet-va-khieu-nai\/","og_locale":"vi_VN","og_type":"article","og_title":"Xem x\u00e9t v\u00e0 Khi\u1ebfu n\u1ea1i - ProActive Legal","og_description":"Trang ch\u1ee7 &gt; Lu\u1eadt di tr\u00fa &gt; Khi\u1ebfu n\u1ea1i Khi\u1ebfu n\u1ea1i \u0110\u00e1nh gi\u00e1 th\u00e0nh t\u00edch Th\u1eadt kh\u00f4ng may, c\u00f3 m\u1ed9t s\u1ed1 \u0111\u01a1n xin th\u1ecb th\u1ef1c ban \u0111\u1ea7u c\u00f3 th\u1ec3 kh\u00f4ng th\u00e0nh c\u00f4ng t\u1ea1i B\u1ed9 N\u1ed9i v\u1ee5 v\u00ec nhi\u1ec1u l\u00fd do ho\u1eb7c th\u1ecb th\u1ef1c c\u00f3 th\u1ec3 b\u1ecb h\u1ee7y b\u1ecf. N\u1ebfu \u0111i\u1ec1u \u0111\u00f3 x\u1ea3y ra, ng\u01b0\u1eddi n\u1ed9p [&hellip;]","og_url":"https:\/\/proactivelegal.com.au\/vn\/xem-xet-va-khieu-nai\/","og_site_name":"ProActive Legal","article_modified_time":"2023-05-05T09:26:30+00:00","twitter_card":"summary_large_image","twitter_misc":{"Est. reading time":"2 minutes"},"schema":{"@context":"https:\/\/schema.org","@graph":[{"@type":"WebPage","@id":"https:\/\/proactivelegal.com.au\/vn\/xem-xet-va-khieu-nai\/","url":"https:\/\/proactivelegal.com.au\/vn\/xem-xet-va-khieu-nai\/","name":"Xem x\u00e9t v\u00e0 Khi\u1ebfu n\u1ea1i - ProActive Legal","isPartOf":{"@id":"https:\/\/proactivelegal.com.au\/#website"},"datePublished":"2023-05-04T14:35:55+00:00","dateModified":"2023-05-05T09:26:30+00:00","breadcrumb":{"@id":"https:\/\/proactivelegal.com.au\/vn\/xem-xet-va-khieu-nai\/#breadcrumb"},"inLanguage":"vi-VN","potentialAction":[{"@type":"ReadAction","target":["https:\/\/proactivelegal.com.au\/vn\/xem-xet-va-khieu-nai\/"]}]},{"@type":"BreadcrumbList","@id":"https:\/\/proactivelegal.com.au\/vn\/xem-xet-va-khieu-nai\/#breadcrumb","itemListElement":[{"@type":"ListItem","position":1,"name":"\u9996\u9875","item":"https:\/\/proactivelegal.com.au\/vn\/"},{"@type":"ListItem","position":2,"name":"Xem x\u00e9t v\u00e0 Khi\u1ebfu n\u1ea1i"}]},{"@type":"WebSite","@id":"https:\/\/proactivelegal.com.au\/#website","url":"https:\/\/proactivelegal.com.au\/","name":"ProActive Legal","description":"","potentialAction":[{"@type":"SearchAction","target":{"@type":"EntryPoint","urlTemplate":"https:\/\/proactivelegal.com.au\/?s={search_term_string}"},"query-input":"required name=search_term_string"}],"inLanguage":"vi-VN"}]}},"_links":{"self":[{"href":"https:\/\/proactivelegal.com.au\/vn\/wp-json\/wp\/v2\/pages\/14057","targetHints":{"allow":["GET"]}}],"collection":[{"href":"https:\/\/proactivelegal.com.au\/vn\/wp-json\/wp\/v2\/pages"}],"about":[{"href":"https:\/\/proactivelegal.com.au\/vn\/wp-json\/wp\/v2\/types\/page"}],"author":[{"embeddable":true,"href":"https:\/\/proactivelegal.com.au\/vn\/wp-json\/wp\/v2\/users\/1"}],"replies":[{"embeddable":true,"href":"https:\/\/proactivelegal.com.au\/vn\/wp-json\/wp\/v2\/comments?post=14057"}],"version-history":[{"count":10,"href":"https:\/\/proactivelegal.com.au\/vn\/wp-json\/wp\/v2\/pages\/14057\/revisions"}],"predecessor-version":[{"id":14619,"href":"https:\/\/proactivelegal.com.au\/vn\/wp-json\/wp\/v2\/pages\/14057\/revisions\/14619"}],"wp:attachment":[{"href":"https:\/\/proactivelegal.com.au\/vn\/wp-json\/wp\/v2\/media?parent=14057"}],"curies":[{"name":"wp","href":"https:\/\/api.w.org\/{rel}","templated":true}]}}