{"id":14052,"date":"2023-05-04T14:32:52","date_gmt":"2023-05-04T14:32:52","guid":{"rendered":"https:\/\/proactivelegal.com.au\/tuan-thu-va-thuc-thi\/"},"modified":"2023-05-05T09:23:45","modified_gmt":"2023-05-05T09:23:45","slug":"tuan-thu-va-thuc-thi","status":"publish","type":"page","link":"https:\/\/proactivelegal.com.au\/vn\/tuan-thu-va-thuc-thi\/","title":{"rendered":"Tu\u00e2n th\u1ee7 v\u00e0 Th\u1ef1c thi"},"content":{"rendered":"\t\t<div data-elementor-type=\"wp-page\" data-elementor-id=\"14052\" class=\"elementor elementor-14052 elementor-7146\" data-elementor-post-type=\"page\">\n\t\t\t\t\t\t\t\t\t<section class=\"elementor-section elementor-top-section elementor-element elementor-element-cb4f671 elementor-section-boxed elementor-section-height-default elementor-section-height-default\" data-id=\"cb4f671\" data-element_type=\"section\">\n\t\t\t\t\t\t<div class=\"elementor-container elementor-column-gap-default\">\n\t\t\t\t\t<div class=\"elementor-column elementor-col-100 elementor-top-column elementor-element elementor-element-78db61a\" data-id=\"78db61a\" data-element_type=\"column\">\n\t\t\t<div class=\"elementor-widget-wrap elementor-element-populated\">\n\t\t\t\t\t\t\t\t<div class=\"elementor-element elementor-element-1670bd4 elementor-widget elementor-widget-text-editor\" data-id=\"1670bd4\" data-element_type=\"widget\" data-widget_type=\"text-editor.default\">\n\t\t\t\t<div class=\"elementor-widget-container\">\n\t\t\t<style>\/*! elementor - v3.15.0 - 09-08-2023 *\/\n.elementor-widget-text-editor.elementor-drop-cap-view-stacked .elementor-drop-cap{background-color:#69727d;color:#fff}.elementor-widget-text-editor.elementor-drop-cap-view-framed .elementor-drop-cap{color:#69727d;border:3px solid;background-color:transparent}.elementor-widget-text-editor:not(.elementor-drop-cap-view-default) .elementor-drop-cap{margin-top:8px}.elementor-widget-text-editor:not(.elementor-drop-cap-view-default) .elementor-drop-cap-letter{width:1em;height:1em}.elementor-widget-text-editor .elementor-drop-cap{float:left;text-align:center;line-height:1;font-size:50px}.elementor-widget-text-editor .elementor-drop-cap-letter{display:inline-block}<\/style>\t\t\t\t<p><a style=\"color: #000;\" href=\"https:\/\/proactivelegal.com.au\/vn\">Trang ch\u1ee7<\/a> &gt; Lu\u1eadt di tr\u00fa &gt; Ph\u00e1p ch\u1ebf &amp; thi h\u00e0nh lu\u1eadt<\/p>\t\t\t\t\t\t<\/div>\n\t\t\t\t<\/div>\n\t\t\t\t<div class=\"elementor-element elementor-element-cf6e534 elementor-widget elementor-widget-text-editor\" data-id=\"cf6e534\" data-element_type=\"widget\" data-widget_type=\"text-editor.default\">\n\t\t\t\t<div class=\"elementor-widget-container\">\n\t\t\t\t\t\t\t<p>Ph\u00e1p ch\u1ebf &amp; thi h\u00e0nh lu\u1eadt<\/p>\t\t\t\t\t\t<\/div>\n\t\t\t\t<\/div>\n\t\t\t\t\t<\/div>\n\t\t<\/div>\n\t\t\t\t\t\t\t<\/div>\n\t\t<\/section>\n\t\t\t\t<section class=\"elementor-section elementor-top-section elementor-element elementor-element-9a65b9a elementor-section-boxed elementor-section-height-default elementor-section-height-default\" data-id=\"9a65b9a\" data-element_type=\"section\">\n\t\t\t\t\t\t<div class=\"elementor-container elementor-column-gap-default\">\n\t\t\t\t\t<div class=\"elementor-column elementor-col-100 elementor-top-column elementor-element elementor-element-6685e34\" data-id=\"6685e34\" data-element_type=\"column\">\n\t\t\t<div class=\"elementor-widget-wrap elementor-element-populated\">\n\t\t\t\t\t\t\t\t<div class=\"elementor-element elementor-element-03bcb5f elementor-widget elementor-widget-text-editor\" data-id=\"03bcb5f\" data-element_type=\"widget\" data-widget_type=\"text-editor.default\">\n\t\t\t\t<div class=\"elementor-widget-container\">\n\t\t\t\t\t\t\t<p><span style=\"text-decoration: underline;\">Ki\u1ec3m tra ngh\u0129a v\u1ee5 t\u00e0i tr\u1ee3 v\u00e0 t\u00e0i tr\u1ee3 c\u1ee7a nh\u00e0 tuy\u1ec3n d\u1ee5ng<\/span><\/p>\n<p>M\u1ed9t doanh nghi\u1ec7p t\u00e0i tr\u1ee3 cho m\u1ed9t c\u00f4ng nh\u00e2n t\u1ea1m th\u1eddi n\u01b0\u1edbc ngo\u00e0i tr\u01b0\u1edbc ti\u00ean ph\u1ea3i \u0111\u0103ng k\u00fd \u0111\u1ec3 tr\u1edf th\u00e0nh Nh\u00e0 t\u00e0i tr\u1ee3 Doanh nghi\u1ec7p Ti\u00eau chu\u1ea9n \u0111\u01b0\u1ee3c ph\u00ea duy\u1ec7t v\u00e0 \u0111\u01b0\u1ee3c ch\u1ea5p thu\u1eadn \u0111\u1ec3 ch\u1ec9 \u0111\u1ecbnh m\u1ed9t ngh\u1ec1 nghi\u1ec7p c\u1ee5 th\u1ec3. C\u00f3 nhi\u1ec1u y\u00eau c\u1ea7u ph\u1ea3i \u0111\u01b0\u1ee3c \u0111\u00e1p \u1ee9ng, duy tr\u00ec ho\u1ea1t \u0111\u1ed9ng kinh doanh t\u00edch c\u1ef1c, cung c\u1ea5p c\u00e1c \u0111i\u1ec1u kho\u1ea3n v\u00e0 \u0111i\u1ec1u ki\u1ec7n l\u00e0m vi\u1ec7c kh\u00f4ng k\u00e9m ph\u1ea7n thu\u1eadn l\u1ee3i v\u00e0 c\u00f3 nhu c\u1ea7u th\u1ef1c s\u1ef1 \u0111\u1ed1i v\u1edbi v\u1ecb tr\u00ed n\u00e0y.<\/p>\n<\/p>\n<p>H\u01a1n n\u1eefa, c\u00f3 m\u1ed9t danh s\u00e1ch d\u00e0i c\u00e1c ngh\u0129a v\u1ee5 m\u00e0 m\u1ed7i Nh\u00e0 t\u00e0i tr\u1ee3 Doanh nghi\u1ec7p Ti\u00eau chu\u1ea9n \u0111\u01b0\u1ee3c ph\u00ea duy\u1ec7t ph\u1ea3i tu\u00e2n th\u1ee7 trong th\u1eddi h\u1ea1n ph\u00ea duy\u1ec7t t\u00e0i tr\u1ee3 c\u1ee7a h\u1ecd. B\u1ed9 N\u1ed9i v\u1ee5 v\u00e0 Fair Work Ombudsman ti\u1ebfn h\u00e0nh ki\u1ec3m tra tu\u00e2n th\u1ee7 ng\u1eabu nhi\u00ean. ProActive Legal c\u00f3 th\u1ec3 \u0111\u01b0a ra l\u1eddi khuy\u00ean v\u00e0 cung c\u1ea5p c\u00e1c cu\u1ed9c ki\u1ec3m to\u00e1n tu\u00e2n th\u1ee7 m\u00f4 h\u00ecnh \u0111\u1ec3 h\u1ed7 tr\u1ee3 c\u00e1c kh\u00e1ch h\u00e0ng doanh nghi\u1ec7p \u0111\u1ea3m b\u1ea3o r\u1eb1ng h\u1ecd tu\u00e2n th\u1ee7 t\u1ea5t c\u1ea3 c\u00e1c ngh\u0129a v\u1ee5 t\u00e0i tr\u1ee3.<\/p>\n<\/p>\n<p><span style=\"text-decoration: underline;\">H\u1ee7y Visa &amp; NOICC<\/span><\/p>\n\t\t\t\t\t\t<\/div>\n\t\t\t\t<\/div>\n\t\t\t\t\t<\/div>\n\t\t<\/div>\n\t\t\t\t\t\t\t<\/div>\n\t\t<\/section>\n\t\t\t\t\t\t\t<\/div>\n\t\t","protected":false},"excerpt":{"rendered":"<p>Trang ch\u1ee7 &gt; Lu\u1eadt di tr\u00fa &gt; Ph\u00e1p ch\u1ebf &amp; thi h\u00e0nh lu\u1eadt Ph\u00e1p ch\u1ebf &amp; thi h\u00e0nh lu\u1eadt Ki\u1ec3m tra ngh\u0129a v\u1ee5 t\u00e0i tr\u1ee3 v\u00e0 t\u00e0i tr\u1ee3 c\u1ee7a nh\u00e0 tuy\u1ec3n d\u1ee5ng M\u1ed9t doanh nghi\u1ec7p t\u00e0i tr\u1ee3 cho m\u1ed9t c\u00f4ng nh\u00e2n t\u1ea1m th\u1eddi n\u01b0\u1edbc ngo\u00e0i tr\u01b0\u1edbc ti\u00ean ph\u1ea3i \u0111\u0103ng k\u00fd \u0111\u1ec3 tr\u1edf th\u00e0nh Nh\u00e0 t\u00e0i [&hellip;]<\/p>\n","protected":false},"author":1,"featured_media":0,"parent":0,"menu_order":0,"comment_status":"closed","ping_status":"closed","template":"","meta":{"footnotes":""},"class_list":["post-14052","page","type-page","status-publish","hentry"],"yoast_head":"<!-- This site is optimized with the Yoast SEO plugin v20.3 - https:\/\/yoast.com\/wordpress\/plugins\/seo\/ -->\n<title>Tu\u00e2n th\u1ee7 v\u00e0 Th\u1ef1c thi - ProActive Legal<\/title>\n<meta name=\"robots\" content=\"index, follow, max-snippet:-1, max-image-preview:large, max-video-preview:-1\" \/>\n<link rel=\"canonical\" href=\"https:\/\/proactivelegal.com.au\/vn\/tuan-thu-va-thuc-thi\/\" \/>\n<meta property=\"og:locale\" content=\"vi_VN\" \/>\n<meta property=\"og:type\" content=\"article\" \/>\n<meta property=\"og:title\" content=\"Tu\u00e2n th\u1ee7 v\u00e0 Th\u1ef1c thi - ProActive Legal\" \/>\n<meta property=\"og:description\" content=\"Trang ch\u1ee7 &gt; Lu\u1eadt di tr\u00fa &gt; Ph\u00e1p ch\u1ebf &amp; thi h\u00e0nh lu\u1eadt Ph\u00e1p ch\u1ebf &amp; thi h\u00e0nh lu\u1eadt Ki\u1ec3m tra ngh\u0129a v\u1ee5 t\u00e0i tr\u1ee3 v\u00e0 t\u00e0i tr\u1ee3 c\u1ee7a nh\u00e0 tuy\u1ec3n d\u1ee5ng M\u1ed9t doanh nghi\u1ec7p t\u00e0i tr\u1ee3 cho m\u1ed9t c\u00f4ng nh\u00e2n t\u1ea1m th\u1eddi n\u01b0\u1edbc ngo\u00e0i tr\u01b0\u1edbc ti\u00ean ph\u1ea3i \u0111\u0103ng k\u00fd \u0111\u1ec3 tr\u1edf th\u00e0nh Nh\u00e0 t\u00e0i [&hellip;]\" \/>\n<meta property=\"og:url\" content=\"https:\/\/proactivelegal.com.au\/vn\/tuan-thu-va-thuc-thi\/\" \/>\n<meta property=\"og:site_name\" content=\"ProActive Legal\" \/>\n<meta property=\"article:modified_time\" content=\"2023-05-05T09:23:45+00:00\" \/>\n<meta name=\"twitter:card\" content=\"summary_large_image\" \/>\n<meta name=\"twitter:label1\" content=\"Est. reading time\" \/>\n\t<meta name=\"twitter:data1\" content=\"1 minute\" \/>\n<script type=\"application\/ld+json\" class=\"yoast-schema-graph\">{\"@context\":\"https:\/\/schema.org\",\"@graph\":[{\"@type\":\"WebPage\",\"@id\":\"https:\/\/proactivelegal.com.au\/vn\/tuan-thu-va-thuc-thi\/\",\"url\":\"https:\/\/proactivelegal.com.au\/vn\/tuan-thu-va-thuc-thi\/\",\"name\":\"Tu\u00e2n th\u1ee7 v\u00e0 Th\u1ef1c thi - ProActive Legal\",\"isPartOf\":{\"@id\":\"https:\/\/proactivelegal.com.au\/#website\"},\"datePublished\":\"2023-05-04T14:32:52+00:00\",\"dateModified\":\"2023-05-05T09:23:45+00:00\",\"breadcrumb\":{\"@id\":\"https:\/\/proactivelegal.com.au\/vn\/tuan-thu-va-thuc-thi\/#breadcrumb\"},\"inLanguage\":\"vi-VN\",\"potentialAction\":[{\"@type\":\"ReadAction\",\"target\":[\"https:\/\/proactivelegal.com.au\/vn\/tuan-thu-va-thuc-thi\/\"]}]},{\"@type\":\"BreadcrumbList\",\"@id\":\"https:\/\/proactivelegal.com.au\/vn\/tuan-thu-va-thuc-thi\/#breadcrumb\",\"itemListElement\":[{\"@type\":\"ListItem\",\"position\":1,\"name\":\"\u9996\u9875\",\"item\":\"https:\/\/proactivelegal.com.au\/vn\/\"},{\"@type\":\"ListItem\",\"position\":2,\"name\":\"Tu\u00e2n th\u1ee7 v\u00e0 Th\u1ef1c thi\"}]},{\"@type\":\"WebSite\",\"@id\":\"https:\/\/proactivelegal.com.au\/#website\",\"url\":\"https:\/\/proactivelegal.com.au\/\",\"name\":\"ProActive Legal\",\"description\":\"\",\"potentialAction\":[{\"@type\":\"SearchAction\",\"target\":{\"@type\":\"EntryPoint\",\"urlTemplate\":\"https:\/\/proactivelegal.com.au\/?s={search_term_string}\"},\"query-input\":\"required name=search_term_string\"}],\"inLanguage\":\"vi-VN\"}]}<\/script>\n<!-- \/ Yoast SEO plugin. -->","yoast_head_json":{"title":"Tu\u00e2n th\u1ee7 v\u00e0 Th\u1ef1c thi - ProActive Legal","robots":{"index":"index","follow":"follow","max-snippet":"max-snippet:-1","max-image-preview":"max-image-preview:large","max-video-preview":"max-video-preview:-1"},"canonical":"https:\/\/proactivelegal.com.au\/vn\/tuan-thu-va-thuc-thi\/","og_locale":"vi_VN","og_type":"article","og_title":"Tu\u00e2n th\u1ee7 v\u00e0 Th\u1ef1c thi - ProActive Legal","og_description":"Trang ch\u1ee7 &gt; Lu\u1eadt di tr\u00fa &gt; Ph\u00e1p ch\u1ebf &amp; thi h\u00e0nh lu\u1eadt Ph\u00e1p ch\u1ebf &amp; thi h\u00e0nh lu\u1eadt Ki\u1ec3m tra ngh\u0129a v\u1ee5 t\u00e0i tr\u1ee3 v\u00e0 t\u00e0i tr\u1ee3 c\u1ee7a nh\u00e0 tuy\u1ec3n d\u1ee5ng M\u1ed9t doanh nghi\u1ec7p t\u00e0i tr\u1ee3 cho m\u1ed9t c\u00f4ng nh\u00e2n t\u1ea1m th\u1eddi n\u01b0\u1edbc ngo\u00e0i tr\u01b0\u1edbc ti\u00ean ph\u1ea3i \u0111\u0103ng k\u00fd \u0111\u1ec3 tr\u1edf th\u00e0nh Nh\u00e0 t\u00e0i [&hellip;]","og_url":"https:\/\/proactivelegal.com.au\/vn\/tuan-thu-va-thuc-thi\/","og_site_name":"ProActive Legal","article_modified_time":"2023-05-05T09:23:45+00:00","twitter_card":"summary_large_image","twitter_misc":{"Est. reading time":"1 minute"},"schema":{"@context":"https:\/\/schema.org","@graph":[{"@type":"WebPage","@id":"https:\/\/proactivelegal.com.au\/vn\/tuan-thu-va-thuc-thi\/","url":"https:\/\/proactivelegal.com.au\/vn\/tuan-thu-va-thuc-thi\/","name":"Tu\u00e2n th\u1ee7 v\u00e0 Th\u1ef1c thi - ProActive Legal","isPartOf":{"@id":"https:\/\/proactivelegal.com.au\/#website"},"datePublished":"2023-05-04T14:32:52+00:00","dateModified":"2023-05-05T09:23:45+00:00","breadcrumb":{"@id":"https:\/\/proactivelegal.com.au\/vn\/tuan-thu-va-thuc-thi\/#breadcrumb"},"inLanguage":"vi-VN","potentialAction":[{"@type":"ReadAction","target":["https:\/\/proactivelegal.com.au\/vn\/tuan-thu-va-thuc-thi\/"]}]},{"@type":"BreadcrumbList","@id":"https:\/\/proactivelegal.com.au\/vn\/tuan-thu-va-thuc-thi\/#breadcrumb","itemListElement":[{"@type":"ListItem","position":1,"name":"\u9996\u9875","item":"https:\/\/proactivelegal.com.au\/vn\/"},{"@type":"ListItem","position":2,"name":"Tu\u00e2n th\u1ee7 v\u00e0 Th\u1ef1c thi"}]},{"@type":"WebSite","@id":"https:\/\/proactivelegal.com.au\/#website","url":"https:\/\/proactivelegal.com.au\/","name":"ProActive Legal","description":"","potentialAction":[{"@type":"SearchAction","target":{"@type":"EntryPoint","urlTemplate":"https:\/\/proactivelegal.com.au\/?s={search_term_string}"},"query-input":"required name=search_term_string"}],"inLanguage":"vi-VN"}]}},"_links":{"self":[{"href":"https:\/\/proactivelegal.com.au\/vn\/wp-json\/wp\/v2\/pages\/14052","targetHints":{"allow":["GET"]}}],"collection":[{"href":"https:\/\/proactivelegal.com.au\/vn\/wp-json\/wp\/v2\/pages"}],"about":[{"href":"https:\/\/proactivelegal.com.au\/vn\/wp-json\/wp\/v2\/types\/page"}],"author":[{"embeddable":true,"href":"https:\/\/proactivelegal.com.au\/vn\/wp-json\/wp\/v2\/users\/1"}],"replies":[{"embeddable":true,"href":"https:\/\/proactivelegal.com.au\/vn\/wp-json\/wp\/v2\/comments?post=14052"}],"version-history":[{"count":10,"href":"https:\/\/proactivelegal.com.au\/vn\/wp-json\/wp\/v2\/pages\/14052\/revisions"}],"predecessor-version":[{"id":14603,"href":"https:\/\/proactivelegal.com.au\/vn\/wp-json\/wp\/v2\/pages\/14052\/revisions\/14603"}],"wp:attachment":[{"href":"https:\/\/proactivelegal.com.au\/vn\/wp-json\/wp\/v2\/media?parent=14052"}],"curies":[{"name":"wp","href":"https:\/\/api.w.org\/{rel}","templated":true}]}}