{"id":14047,"date":"2023-05-04T14:30:51","date_gmt":"2023-05-04T14:30:51","guid":{"rendered":"https:\/\/proactivelegal.com.au\/thi-thuc-khu-vuc-tam-thoi-duoc-tai-tro-boi-nha-tuyen-dung-co-tay-nghe-494-va-thi-thuc-thuong-tru-loai-191-khu-vuc-co-tay-nghe\/"},"modified":"2023-05-05T08:42:01","modified_gmt":"2023-05-05T08:42:01","slug":"subclass-494-visa-dinh-cu-dien-tay-nghe-vung-thua-dan-chuyen-tiep-va-subclass-191-visa-tay-nghe-thuong-tru","status":"publish","type":"page","link":"https:\/\/proactivelegal.com.au\/vn\/subclass-494-visa-dinh-cu-dien-tay-nghe-vung-thua-dan-chuyen-tiep-va-subclass-191-visa-tay-nghe-thuong-tru\/","title":{"rendered":"Subclass 494  Visa \u0111\u1ecbnh c\u01b0 di\u1ec7n tay ngh\u1ec1 v\u00f9ng th\u01b0a d\u00e2n (chuy\u1ec3n ti\u1ebfp) v\u00e0 Subclass 191 Visa tay ngh\u1ec1 th\u01b0\u1eddng tr\u00fa"},"content":{"rendered":"\t\t<div data-elementor-type=\"wp-page\" data-elementor-id=\"14047\" class=\"elementor elementor-14047 elementor-7133\" data-elementor-post-type=\"page\">\n\t\t\t\t\t\t\t\t\t<section class=\"elementor-section elementor-top-section elementor-element elementor-element-cb4f671 elementor-section-boxed elementor-section-height-default elementor-section-height-default\" data-id=\"cb4f671\" data-element_type=\"section\">\n\t\t\t\t\t\t<div class=\"elementor-container elementor-column-gap-default\">\n\t\t\t\t\t<div class=\"elementor-column elementor-col-100 elementor-top-column elementor-element elementor-element-78db61a\" data-id=\"78db61a\" data-element_type=\"column\">\n\t\t\t<div class=\"elementor-widget-wrap elementor-element-populated\">\n\t\t\t\t\t\t\t\t<div class=\"elementor-element elementor-element-1670bd4 elementor-widget elementor-widget-text-editor\" data-id=\"1670bd4\" data-element_type=\"widget\" data-widget_type=\"text-editor.default\">\n\t\t\t\t<div class=\"elementor-widget-container\">\n\t\t\t<style>\/*! elementor - v3.15.0 - 09-08-2023 *\/\n.elementor-widget-text-editor.elementor-drop-cap-view-stacked .elementor-drop-cap{background-color:#69727d;color:#fff}.elementor-widget-text-editor.elementor-drop-cap-view-framed .elementor-drop-cap{color:#69727d;border:3px solid;background-color:transparent}.elementor-widget-text-editor:not(.elementor-drop-cap-view-default) .elementor-drop-cap{margin-top:8px}.elementor-widget-text-editor:not(.elementor-drop-cap-view-default) .elementor-drop-cap-letter{width:1em;height:1em}.elementor-widget-text-editor .elementor-drop-cap{float:left;text-align:center;line-height:1;font-size:50px}.elementor-widget-text-editor .elementor-drop-cap-letter{display:inline-block}<\/style>\t\t\t\t<p><a style=\"color: #000;\" href=\"https:\/\/proactivelegal.com.au\/vn\">Trang ch\u1ee7\u00a0<\/a>&gt; Lu\u1eadt Di tr\u00fa&gt; Doanh Nghi\u1ec7p&gt; Subclass 494 Visa \u0111\u1ecbnh c\u01b0 di\u1ec7n tay ngh\u1ec1 v\u00f9ng th\u01b0a d\u00e2n (chuy\u1ec3n ti\u1ebfp) v\u00e0 Subclass 191 Visa tay ngh\u1ec1 th\u01b0\u1eddng tr\u00fa<\/p>\t\t\t\t\t\t<\/div>\n\t\t\t\t<\/div>\n\t\t\t\t<div class=\"elementor-element elementor-element-cf6e534 elementor-widget elementor-widget-text-editor\" data-id=\"cf6e534\" data-element_type=\"widget\" data-widget_type=\"text-editor.default\">\n\t\t\t\t<div class=\"elementor-widget-container\">\n\t\t\t\t\t\t\t<p>Subclass 494 Visa \u0111\u1ecbnh c\u01b0 di\u1ec7n tay ngh\u1ec1 v\u00f9ng th\u01b0a d\u00e2n (chuy\u1ec3n ti\u1ebfp) v\u00e0 Subclass 191 Visa tay ngh\u1ec1 th\u01b0\u1eddng tr\u00fa<\/p>\t\t\t\t\t\t<\/div>\n\t\t\t\t<\/div>\n\t\t\t\t\t<\/div>\n\t\t<\/div>\n\t\t\t\t\t\t\t<\/div>\n\t\t<\/section>\n\t\t\t\t<section class=\"elementor-section elementor-top-section elementor-element elementor-element-9a65b9a elementor-section-boxed elementor-section-height-default elementor-section-height-default\" data-id=\"9a65b9a\" data-element_type=\"section\">\n\t\t\t\t\t\t<div class=\"elementor-container elementor-column-gap-default\">\n\t\t\t\t\t<div class=\"elementor-column elementor-col-100 elementor-top-column elementor-element elementor-element-6685e34\" data-id=\"6685e34\" data-element_type=\"column\">\n\t\t\t<div class=\"elementor-widget-wrap elementor-element-populated\">\n\t\t\t\t\t\t\t\t<div class=\"elementor-element elementor-element-03bcb5f elementor-widget elementor-widget-text-editor\" data-id=\"03bcb5f\" data-element_type=\"widget\" data-widget_type=\"text-editor.default\">\n\t\t\t\t<div class=\"elementor-widget-container\">\n\t\t\t\t\t\t\t<p>Th\u1ecb th\u1ef1c khu v\u1ef1c (t\u1ea1m th\u1eddi) v\u00e0 th\u1ecb th\u1ef1c 191 th\u01b0\u1eddng tr\u00fa nh\u00e2n (khu v\u1ef1c c\u00f3 tay ngh\u1ec1) c\u00f3 th\u1ec3 \u0111\u01b0\u1ee3c m\u00f4 t\u1ea3 t\u1ed1t nh\u1ea5t l\u00e0 m\u1ed9t ch\u01b0\u01a1ng tr\u00ecnh th\u1ecb th\u1ef1c tr\u1ecdn g\u00f3i cho ph\u00e9p ng\u01b0\u1eddi lao \u0111\u1ed9ng n\u01b0\u1edbc ngo\u00e0i l\u00e0m vi\u1ec7c trong khu v\u1ef1c c\u1ee7a \u00dac v\u00e0 s\u1ebd d\u1eabn \u0111\u1ebfn th\u01b0\u1eddng tr\u00fa nh\u00e2n. Ch\u01b0\u01a1ng tr\u00ecnh h\u1ed7 tr\u1ee3 doanh nghi\u1ec7p ho\u1ea1t \u0111\u1ed9ng t\u1ea1i khu v\u1ef1c \u0111\u01b0\u1ee3c ch\u1ec9 \u0111\u1ecbnh c\u1ee7a \u00dac nh\u1eb1m t\u00e0i tr\u1ee3 cho ng\u01b0\u1eddi lao \u0111\u1ed9ng c\u00f3 tay ngh\u1ec1 n\u01b0\u1edbc ngo\u00e0i ho\u00e0n th\u00e0nh c\u00f4ng vi\u1ec7c th\u1ef1c s\u1ef1 c\u1ea7n \u00edt nh\u1ea5t 5 n\u0103m v\u00e0 kh\u00f4ng th\u1ec3 ho\u00e0n th\u00e0nh t\u1ea1i \u0111\u1ecba ph\u01b0\u01a1ng do thi\u1ebfu lao \u0111\u1ed9ng l\u00e0 khu v\u1ef1c m\u00e0 doanh nghi\u1ec7p ho\u1ea1t \u0111\u1ed9ng.<\/p>\n<\/p>\n<p>C\u00f3 r\u1ea5t nhi\u1ec1u ng\u00e0nh ngh\u1ec1 c\u00f3 tay ngh\u1ec1 \u0111\u1ee7 \u0111i\u1ec1u ki\u1ec7n \u0111\u1ec3 \u0111\u01b0\u1ee3c ch\u1ee7 lao \u0111\u1ed9ng \u0111\u1ec1 c\u1eed theo ch\u01b0\u01a1ng tr\u00ecnh th\u1ecb th\u1ef1c khu v\u1ef1c c\u00f3 tay ngh\u1ec1 cao n\u00e0y. Ngo\u00e0i ngh\u1ec1 nghi\u1ec7p c\u00f3 k\u1ef9 n\u0103ng \u0111\u01b0\u1ee3c li\u1ec7t k\u00ea trong Danh s\u00e1ch ngh\u1ec1 nghi\u1ec7p c\u00f3 k\u1ef9 n\u0103ng ng\u1eafn h\u1ea1n (STSOL) v\u00e0 Danh s\u00e1ch k\u1ef9 n\u0103ng chi\u1ebfn l\u01b0\u1ee3c trung h\u1ea1n v\u00e0 d\u00e0i h\u1ea1n (MLTSSL), c\u00f2n c\u00f3 Danh s\u00e1ch ngh\u1ec1 nghi\u1ec7p khu v\u1ef1c (ROL). Ngo\u00e0i ra, ng\u01b0\u1eddi s\u1eed d\u1ee5ng lao \u0111\u1ed9ng c\u00f3 th\u1ec3 t\u00ecm c\u00e1ch \u0111\u00e0m ph\u00e1n \u0111\u1ec3 t\u00e0i tr\u1ee3 cho ng\u01b0\u1eddi lao \u0111\u1ed9ng n\u01b0\u1edbc ngo\u00e0i theo ch\u01b0\u01a1ng tr\u00ecnh n\u00e0y th\u00f4ng qua Th\u1ecfa thu\u1eadn Lao \u0111\u1ed9ng n\u1ebfu c\u1ea7n nh\u01b0\u1ee3ng b\u1ed9 m\u1ed9t s\u1ed1 y\u00eau c\u1ea7u v\u00e0\/ho\u1eb7c m\u1ed9t ngh\u1ec1 nghi\u1ec7p nh\u1ea5t \u0111\u1ecbnh li\u00ean quan \u0111\u1ebfn v\u1ecb tr\u00ed th\u1ef1c s\u1ef1 c\u1ea7n thi\u1ebft kh\u00f4ng c\u00f3 trong b\u1ea5t k\u1ef3 danh s\u00e1ch ngh\u1ec1 nghi\u1ec7p c\u00f3 k\u1ef9 n\u0103ng n\u00e0o.<\/p>\n<\/p>\n<p>Tr\u01b0\u1edbc khi doanh nghi\u1ec7p c\u00f3 th\u1ec3 n\u1ed9p \u0111\u01a1n \u0111\u1ec1 c\u1eed, v\u1ecb tr\u00ed \u0111\u01b0\u1ee3c \u0111\u1ec1 xu\u1ea5t c\u0169ng ph\u1ea3i xin \u00fd ki\u1ebfn \u200b\u200bc\u1ee7a C\u01a1 quan Ch\u1ee9ng nh\u1eadn Khu v\u1ef1c c\u00f3 li\u00ean quan \u0111\u1ec3 bi\u1ebft \u00fd ki\u1ebfn \u200b\u200bc\u1ee7a h\u1ecd v\u1ec1 \u0111i\u1ec1u ki\u1ec7n th\u1ecb tr\u01b0\u1eddng lao \u0111\u1ed9ng trong khu v\u1ef1c \u0111\u1ed1i v\u1edbi v\u1ecb tr\u00ed v\u00e0 m\u1ee9c l\u01b0\u01a1ng th\u1ecb tr\u01b0\u1eddng h\u00e0ng n\u0103m (AMSR).<\/p>\n<\/p>\n<p>Ngo\u1ea1i tr\u1eeb m\u1ed9t s\u1ed1 mi\u1ec5n tr\u1eeb h\u1ea1n ch\u1ebf, ng\u01b0\u1eddi n\u1ed9p \u0111\u01a1n ph\u1ea3i d\u01b0\u1edbi 45 tu\u1ed5i, c\u00f3 \u00edt nh\u1ea5t 3 n\u0103m kinh nghi\u1ec7m l\u00e0m vi\u1ec7c trong ng\u00e0nh ngh\u1ec1 \u0111\u01b0\u1ee3c ch\u1ec9 \u0111\u1ecbnh, c\u00f3 tr\u00ecnh \u0111\u1ed9 ti\u1ebfng Anh th\u00e0nh th\u1ea1o v\u00e0 \u0111\u00e1nh gi\u00e1 k\u1ef9 n\u0103ng t\u00edch c\u1ef1c cho ng\u00e0nh ngh\u1ec1 \u0111\u01b0\u1ee3c ch\u1ec9 \u0111\u1ecbnh.<\/p>\n<\/p>\n<p>Th\u1ecb th\u1ef1c khu v\u1ef1c (t\u1ea1m th\u1eddi) \u0111\u01b0\u1ee3c nh\u00e0 tuy\u1ec3n d\u1ee5ng c\u00f3 tay ngh\u1ec1 t\u00e0i tr\u1ee3 494 khi \u0111\u01b0\u1ee3c c\u1ea5p s\u1ebd c\u00f3 hi\u1ec7u l\u1ef1c trong th\u1eddi h\u1ea1n 5 n\u0103m.<\/p>\n<\/p>\n<p>Ng\u01b0\u1eddi lao \u0111\u1ed9ng n\u01b0\u1edbc ngo\u00e0i \u0111\u01b0\u1ee3c t\u00e0i tr\u1ee3 c\u00f3 th\u1ec3 chuy\u1ec3n sang, b\u1eb1ng c\u00e1ch n\u1ed9p \u0111\u01a1n xin th\u1ecb th\u1ef1c th\u01b0\u1eddng tr\u00fa lo\u1ea1i 191 (Khu v\u1ef1c c\u00f3 tay ngh\u1ec1) sau khi h\u1ecd \u0111\u00e3 gi\u1eef th\u1ecb th\u1ef1c lo\u1ea1i 494 t\u1ea1m th\u1eddi trong \u00edt nh\u1ea5t 3 n\u0103m. C\u00e1c y\u00eau c\u1ea7u c\u1ed1t l\u00f5i ph\u1ea3i \u0111\u00e1p \u1ee9ng \u0111\u1ec3 \u0111\u01b0\u1ee3c c\u1ea5p th\u1ecb th\u1ef1c th\u01b0\u1eddng tr\u00fa bao g\u1ed3m:<\/p>\n<ul style=\"list-style: none;\">\n<li>(a) ph\u1ea3i ch\u1ec9 l\u00e0m vi\u1ec7c, h\u1ecdc t\u1eadp v\u00e0 sinh s\u1ed1ng t\u1ea1i m\u1ed9t khu v\u1ef1c \u0111\u01b0\u1ee3c ch\u1ec9 \u0111\u1ecbnh c\u1ee7a \u00dac trong th\u1eddi gian c\u00f3 th\u1ecb th\u1ef1c t\u1ea1m th\u1eddi 494;<\/li>\n<li>(b) v\u1ec1 c\u01a1 b\u1ea3n \u0111\u00e3 tu\u00e2n th\u1ee7 t\u1ea5t c\u1ea3 c\u00e1c \u0111i\u1ec1u ki\u1ec7n th\u1ecb th\u1ef1c kh\u00e1c bao g\u1ed3m ch\u1ec9 l\u00e0m vi\u1ec7c cho ch\u1ee7 lao \u0111\u1ed9ng t\u00e0i tr\u1ee3 \u1edf v\u1ecb tr\u00ed \u0111\u01b0\u1ee3c ch\u1ec9 \u0111\u1ecbnh; V\u00e0<\/li>\n<li>(c) \u0111\u00e1p \u1ee9ng y\u00eau c\u1ea7u ng\u01b0\u1ee1ng thu nh\u1eadp t\u1ed1i thi\u1ec3u trong \u00edt nh\u1ea5t 3 n\u0103m thu nh\u1eadp d\u1ef1a tr\u00ean Th\u00f4ng b\u00e1o \u0110\u00e1nh gi\u00e1 Thu\u1ebf Thu nh\u1eadp C\u00e1 nh\u00e2n.<\/li>\n<\/ul>\n\t\t\t\t\t\t<\/div>\n\t\t\t\t<\/div>\n\t\t\t\t\t<\/div>\n\t\t<\/div>\n\t\t\t\t\t\t\t<\/div>\n\t\t<\/section>\n\t\t\t\t\t\t\t<\/div>\n\t\t","protected":false},"excerpt":{"rendered":"<p>Trang ch\u1ee7\u00a0&gt; Lu\u1eadt Di tr\u00fa&gt; Doanh Nghi\u1ec7p&gt; Subclass 494 Visa \u0111\u1ecbnh c\u01b0 di\u1ec7n tay ngh\u1ec1 v\u00f9ng th\u01b0a d\u00e2n (chuy\u1ec3n ti\u1ebfp) v\u00e0 Subclass 191 Visa tay ngh\u1ec1 th\u01b0\u1eddng tr\u00fa Subclass 494 Visa \u0111\u1ecbnh c\u01b0 di\u1ec7n tay ngh\u1ec1 v\u00f9ng th\u01b0a d\u00e2n (chuy\u1ec3n ti\u1ebfp) v\u00e0 Subclass 191 Visa tay ngh\u1ec1 th\u01b0\u1eddng tr\u00fa Th\u1ecb th\u1ef1c khu v\u1ef1c (t\u1ea1m th\u1eddi) [&hellip;]<\/p>\n","protected":false},"author":1,"featured_media":0,"parent":0,"menu_order":0,"comment_status":"closed","ping_status":"closed","template":"","meta":{"footnotes":""},"class_list":["post-14047","page","type-page","status-publish","hentry"],"yoast_head":"<!-- This site is optimized with the Yoast SEO plugin v20.3 - https:\/\/yoast.com\/wordpress\/plugins\/seo\/ -->\n<title>Subclass 494 Visa \u0111\u1ecbnh c\u01b0 di\u1ec7n tay ngh\u1ec1 v\u00f9ng th\u01b0a d\u00e2n (chuy\u1ec3n ti\u1ebfp) v\u00e0 Subclass 191 Visa tay ngh\u1ec1 th\u01b0\u1eddng tr\u00fa - ProActive Legal<\/title>\n<meta name=\"robots\" content=\"index, follow, max-snippet:-1, max-image-preview:large, max-video-preview:-1\" \/>\n<link rel=\"canonical\" href=\"https:\/\/proactivelegal.com.au\/vn\/subclass-494-visa-dinh-cu-dien-tay-nghe-vung-thua-dan-chuyen-tiep-va-subclass-191-visa-tay-nghe-thuong-tru\/\" \/>\n<meta property=\"og:locale\" content=\"vi_VN\" \/>\n<meta property=\"og:type\" content=\"article\" \/>\n<meta property=\"og:title\" content=\"Subclass 494 Visa \u0111\u1ecbnh c\u01b0 di\u1ec7n tay ngh\u1ec1 v\u00f9ng th\u01b0a d\u00e2n (chuy\u1ec3n ti\u1ebfp) v\u00e0 Subclass 191 Visa tay ngh\u1ec1 th\u01b0\u1eddng tr\u00fa - ProActive Legal\" \/>\n<meta property=\"og:description\" content=\"Trang ch\u1ee7\u00a0&gt; Lu\u1eadt Di tr\u00fa&gt; Doanh Nghi\u1ec7p&gt; Subclass 494 Visa \u0111\u1ecbnh c\u01b0 di\u1ec7n tay ngh\u1ec1 v\u00f9ng th\u01b0a d\u00e2n (chuy\u1ec3n ti\u1ebfp) v\u00e0 Subclass 191 Visa tay ngh\u1ec1 th\u01b0\u1eddng tr\u00fa Subclass 494 Visa \u0111\u1ecbnh c\u01b0 di\u1ec7n tay ngh\u1ec1 v\u00f9ng th\u01b0a d\u00e2n (chuy\u1ec3n ti\u1ebfp) v\u00e0 Subclass 191 Visa tay ngh\u1ec1 th\u01b0\u1eddng tr\u00fa Th\u1ecb th\u1ef1c khu v\u1ef1c (t\u1ea1m th\u1eddi) [&hellip;]\" \/>\n<meta property=\"og:url\" content=\"https:\/\/proactivelegal.com.au\/vn\/subclass-494-visa-dinh-cu-dien-tay-nghe-vung-thua-dan-chuyen-tiep-va-subclass-191-visa-tay-nghe-thuong-tru\/\" \/>\n<meta property=\"og:site_name\" content=\"ProActive Legal\" \/>\n<meta property=\"article:modified_time\" content=\"2023-05-05T08:42:01+00:00\" \/>\n<meta name=\"twitter:card\" content=\"summary_large_image\" \/>\n<meta name=\"twitter:label1\" content=\"Est. reading time\" \/>\n\t<meta name=\"twitter:data1\" content=\"3 minutes\" \/>\n<script type=\"application\/ld+json\" class=\"yoast-schema-graph\">{\"@context\":\"https:\/\/schema.org\",\"@graph\":[{\"@type\":\"WebPage\",\"@id\":\"https:\/\/proactivelegal.com.au\/vn\/subclass-494-visa-dinh-cu-dien-tay-nghe-vung-thua-dan-chuyen-tiep-va-subclass-191-visa-tay-nghe-thuong-tru\/\",\"url\":\"https:\/\/proactivelegal.com.au\/vn\/subclass-494-visa-dinh-cu-dien-tay-nghe-vung-thua-dan-chuyen-tiep-va-subclass-191-visa-tay-nghe-thuong-tru\/\",\"name\":\"Subclass 494 Visa \u0111\u1ecbnh c\u01b0 di\u1ec7n tay ngh\u1ec1 v\u00f9ng th\u01b0a d\u00e2n (chuy\u1ec3n ti\u1ebfp) v\u00e0 Subclass 191 Visa tay ngh\u1ec1 th\u01b0\u1eddng tr\u00fa - ProActive Legal\",\"isPartOf\":{\"@id\":\"https:\/\/proactivelegal.com.au\/#website\"},\"datePublished\":\"2023-05-04T14:30:51+00:00\",\"dateModified\":\"2023-05-05T08:42:01+00:00\",\"breadcrumb\":{\"@id\":\"https:\/\/proactivelegal.com.au\/vn\/subclass-494-visa-dinh-cu-dien-tay-nghe-vung-thua-dan-chuyen-tiep-va-subclass-191-visa-tay-nghe-thuong-tru\/#breadcrumb\"},\"inLanguage\":\"vi-VN\",\"potentialAction\":[{\"@type\":\"ReadAction\",\"target\":[\"https:\/\/proactivelegal.com.au\/vn\/subclass-494-visa-dinh-cu-dien-tay-nghe-vung-thua-dan-chuyen-tiep-va-subclass-191-visa-tay-nghe-thuong-tru\/\"]}]},{\"@type\":\"BreadcrumbList\",\"@id\":\"https:\/\/proactivelegal.com.au\/vn\/subclass-494-visa-dinh-cu-dien-tay-nghe-vung-thua-dan-chuyen-tiep-va-subclass-191-visa-tay-nghe-thuong-tru\/#breadcrumb\",\"itemListElement\":[{\"@type\":\"ListItem\",\"position\":1,\"name\":\"\u9996\u9875\",\"item\":\"https:\/\/proactivelegal.com.au\/vn\/\"},{\"@type\":\"ListItem\",\"position\":2,\"name\":\"Subclass 494 Visa \u0111\u1ecbnh c\u01b0 di\u1ec7n tay ngh\u1ec1 v\u00f9ng th\u01b0a d\u00e2n (chuy\u1ec3n ti\u1ebfp) v\u00e0 Subclass 191 Visa tay ngh\u1ec1 th\u01b0\u1eddng tr\u00fa\"}]},{\"@type\":\"WebSite\",\"@id\":\"https:\/\/proactivelegal.com.au\/#website\",\"url\":\"https:\/\/proactivelegal.com.au\/\",\"name\":\"ProActive Legal\",\"description\":\"\",\"potentialAction\":[{\"@type\":\"SearchAction\",\"target\":{\"@type\":\"EntryPoint\",\"urlTemplate\":\"https:\/\/proactivelegal.com.au\/?s={search_term_string}\"},\"query-input\":\"required name=search_term_string\"}],\"inLanguage\":\"vi-VN\"}]}<\/script>\n<!-- \/ Yoast SEO plugin. -->","yoast_head_json":{"title":"Subclass 494 Visa \u0111\u1ecbnh c\u01b0 di\u1ec7n tay ngh\u1ec1 v\u00f9ng th\u01b0a d\u00e2n (chuy\u1ec3n ti\u1ebfp) v\u00e0 Subclass 191 Visa tay ngh\u1ec1 th\u01b0\u1eddng tr\u00fa - ProActive Legal","robots":{"index":"index","follow":"follow","max-snippet":"max-snippet:-1","max-image-preview":"max-image-preview:large","max-video-preview":"max-video-preview:-1"},"canonical":"https:\/\/proactivelegal.com.au\/vn\/subclass-494-visa-dinh-cu-dien-tay-nghe-vung-thua-dan-chuyen-tiep-va-subclass-191-visa-tay-nghe-thuong-tru\/","og_locale":"vi_VN","og_type":"article","og_title":"Subclass 494 Visa \u0111\u1ecbnh c\u01b0 di\u1ec7n tay ngh\u1ec1 v\u00f9ng th\u01b0a d\u00e2n (chuy\u1ec3n ti\u1ebfp) v\u00e0 Subclass 191 Visa tay ngh\u1ec1 th\u01b0\u1eddng tr\u00fa - ProActive Legal","og_description":"Trang ch\u1ee7\u00a0&gt; Lu\u1eadt Di tr\u00fa&gt; Doanh Nghi\u1ec7p&gt; Subclass 494 Visa \u0111\u1ecbnh c\u01b0 di\u1ec7n tay ngh\u1ec1 v\u00f9ng th\u01b0a d\u00e2n (chuy\u1ec3n ti\u1ebfp) v\u00e0 Subclass 191 Visa tay ngh\u1ec1 th\u01b0\u1eddng tr\u00fa Subclass 494 Visa \u0111\u1ecbnh c\u01b0 di\u1ec7n tay ngh\u1ec1 v\u00f9ng th\u01b0a d\u00e2n (chuy\u1ec3n ti\u1ebfp) v\u00e0 Subclass 191 Visa tay ngh\u1ec1 th\u01b0\u1eddng tr\u00fa Th\u1ecb th\u1ef1c khu v\u1ef1c (t\u1ea1m th\u1eddi) [&hellip;]","og_url":"https:\/\/proactivelegal.com.au\/vn\/subclass-494-visa-dinh-cu-dien-tay-nghe-vung-thua-dan-chuyen-tiep-va-subclass-191-visa-tay-nghe-thuong-tru\/","og_site_name":"ProActive Legal","article_modified_time":"2023-05-05T08:42:01+00:00","twitter_card":"summary_large_image","twitter_misc":{"Est. reading time":"3 minutes"},"schema":{"@context":"https:\/\/schema.org","@graph":[{"@type":"WebPage","@id":"https:\/\/proactivelegal.com.au\/vn\/subclass-494-visa-dinh-cu-dien-tay-nghe-vung-thua-dan-chuyen-tiep-va-subclass-191-visa-tay-nghe-thuong-tru\/","url":"https:\/\/proactivelegal.com.au\/vn\/subclass-494-visa-dinh-cu-dien-tay-nghe-vung-thua-dan-chuyen-tiep-va-subclass-191-visa-tay-nghe-thuong-tru\/","name":"Subclass 494 Visa \u0111\u1ecbnh c\u01b0 di\u1ec7n tay ngh\u1ec1 v\u00f9ng th\u01b0a d\u00e2n (chuy\u1ec3n ti\u1ebfp) v\u00e0 Subclass 191 Visa tay ngh\u1ec1 th\u01b0\u1eddng tr\u00fa - ProActive Legal","isPartOf":{"@id":"https:\/\/proactivelegal.com.au\/#website"},"datePublished":"2023-05-04T14:30:51+00:00","dateModified":"2023-05-05T08:42:01+00:00","breadcrumb":{"@id":"https:\/\/proactivelegal.com.au\/vn\/subclass-494-visa-dinh-cu-dien-tay-nghe-vung-thua-dan-chuyen-tiep-va-subclass-191-visa-tay-nghe-thuong-tru\/#breadcrumb"},"inLanguage":"vi-VN","potentialAction":[{"@type":"ReadAction","target":["https:\/\/proactivelegal.com.au\/vn\/subclass-494-visa-dinh-cu-dien-tay-nghe-vung-thua-dan-chuyen-tiep-va-subclass-191-visa-tay-nghe-thuong-tru\/"]}]},{"@type":"BreadcrumbList","@id":"https:\/\/proactivelegal.com.au\/vn\/subclass-494-visa-dinh-cu-dien-tay-nghe-vung-thua-dan-chuyen-tiep-va-subclass-191-visa-tay-nghe-thuong-tru\/#breadcrumb","itemListElement":[{"@type":"ListItem","position":1,"name":"\u9996\u9875","item":"https:\/\/proactivelegal.com.au\/vn\/"},{"@type":"ListItem","position":2,"name":"Subclass 494 Visa \u0111\u1ecbnh c\u01b0 di\u1ec7n tay ngh\u1ec1 v\u00f9ng th\u01b0a d\u00e2n (chuy\u1ec3n ti\u1ebfp) v\u00e0 Subclass 191 Visa tay ngh\u1ec1 th\u01b0\u1eddng tr\u00fa"}]},{"@type":"WebSite","@id":"https:\/\/proactivelegal.com.au\/#website","url":"https:\/\/proactivelegal.com.au\/","name":"ProActive Legal","description":"","potentialAction":[{"@type":"SearchAction","target":{"@type":"EntryPoint","urlTemplate":"https:\/\/proactivelegal.com.au\/?s={search_term_string}"},"query-input":"required name=search_term_string"}],"inLanguage":"vi-VN"}]}},"_links":{"self":[{"href":"https:\/\/proactivelegal.com.au\/vn\/wp-json\/wp\/v2\/pages\/14047","targetHints":{"allow":["GET"]}}],"collection":[{"href":"https:\/\/proactivelegal.com.au\/vn\/wp-json\/wp\/v2\/pages"}],"about":[{"href":"https:\/\/proactivelegal.com.au\/vn\/wp-json\/wp\/v2\/types\/page"}],"author":[{"embeddable":true,"href":"https:\/\/proactivelegal.com.au\/vn\/wp-json\/wp\/v2\/users\/1"}],"replies":[{"embeddable":true,"href":"https:\/\/proactivelegal.com.au\/vn\/wp-json\/wp\/v2\/comments?post=14047"}],"version-history":[{"count":8,"href":"https:\/\/proactivelegal.com.au\/vn\/wp-json\/wp\/v2\/pages\/14047\/revisions"}],"predecessor-version":[{"id":14554,"href":"https:\/\/proactivelegal.com.au\/vn\/wp-json\/wp\/v2\/pages\/14047\/revisions\/14554"}],"wp:attachment":[{"href":"https:\/\/proactivelegal.com.au\/vn\/wp-json\/wp\/v2\/media?parent=14047"}],"curies":[{"name":"wp","href":"https:\/\/api.w.org\/{rel}","templated":true}]}}