{"id":14042,"date":"2023-05-04T14:27:53","date_gmt":"2023-05-04T14:27:53","guid":{"rendered":"https:\/\/proactivelegal.com.au\/thi-thuc-hoat-dong-tam-thoi-subclass-408\/"},"modified":"2023-05-05T08:40:19","modified_gmt":"2023-05-05T08:40:19","slug":"subclass-408-visa-hoat-dong-tam-thoi","status":"publish","type":"page","link":"https:\/\/proactivelegal.com.au\/vn\/subclass-408-visa-hoat-dong-tam-thoi\/","title":{"rendered":"Subclass 408 Visa ho\u1ea1t \u0111\u1ed9ng t\u1ea1m th\u1eddi"},"content":{"rendered":"\t\t<div data-elementor-type=\"wp-page\" data-elementor-id=\"14042\" class=\"elementor elementor-14042 elementor-7125\" data-elementor-post-type=\"page\">\n\t\t\t\t\t\t\t\t\t<section class=\"elementor-section elementor-top-section elementor-element elementor-element-cb4f671 elementor-section-boxed elementor-section-height-default elementor-section-height-default\" data-id=\"cb4f671\" data-element_type=\"section\">\n\t\t\t\t\t\t<div class=\"elementor-container elementor-column-gap-default\">\n\t\t\t\t\t<div class=\"elementor-column elementor-col-100 elementor-top-column elementor-element elementor-element-78db61a\" data-id=\"78db61a\" data-element_type=\"column\">\n\t\t\t<div class=\"elementor-widget-wrap elementor-element-populated\">\n\t\t\t\t\t\t\t\t<div class=\"elementor-element elementor-element-1670bd4 elementor-widget elementor-widget-text-editor\" data-id=\"1670bd4\" data-element_type=\"widget\" data-widget_type=\"text-editor.default\">\n\t\t\t\t<div class=\"elementor-widget-container\">\n\t\t\t<style>\/*! elementor - v3.15.0 - 09-08-2023 *\/\n.elementor-widget-text-editor.elementor-drop-cap-view-stacked .elementor-drop-cap{background-color:#69727d;color:#fff}.elementor-widget-text-editor.elementor-drop-cap-view-framed .elementor-drop-cap{color:#69727d;border:3px solid;background-color:transparent}.elementor-widget-text-editor:not(.elementor-drop-cap-view-default) .elementor-drop-cap{margin-top:8px}.elementor-widget-text-editor:not(.elementor-drop-cap-view-default) .elementor-drop-cap-letter{width:1em;height:1em}.elementor-widget-text-editor .elementor-drop-cap{float:left;text-align:center;line-height:1;font-size:50px}.elementor-widget-text-editor .elementor-drop-cap-letter{display:inline-block}<\/style>\t\t\t\t<p><a style=\"color: #000;\" href=\"https:\/\/proactivelegal.com.au\/vn\">Trang ch\u1ee7\u00a0<\/a>&gt; Lu\u1eadt Di tr\u00fa&gt; Doanh Nghi\u1ec7p&gt; Subclass 408 Visa ho\u1ea1t \u0111\u1ed9ng t\u1ea1m th\u1eddi<\/p>\t\t\t\t\t\t<\/div>\n\t\t\t\t<\/div>\n\t\t\t\t<div class=\"elementor-element elementor-element-cf6e534 elementor-widget elementor-widget-text-editor\" data-id=\"cf6e534\" data-element_type=\"widget\" data-widget_type=\"text-editor.default\">\n\t\t\t\t<div class=\"elementor-widget-container\">\n\t\t\t\t\t\t\t<p>Subclass 408 Visa ho\u1ea1t \u0111\u1ed9ng t\u1ea1m th\u1eddi<\/p>\t\t\t\t\t\t<\/div>\n\t\t\t\t<\/div>\n\t\t\t\t\t<\/div>\n\t\t<\/div>\n\t\t\t\t\t\t\t<\/div>\n\t\t<\/section>\n\t\t\t\t<section class=\"elementor-section elementor-top-section elementor-element elementor-element-9a65b9a elementor-section-boxed elementor-section-height-default elementor-section-height-default\" data-id=\"9a65b9a\" data-element_type=\"section\">\n\t\t\t\t\t\t<div class=\"elementor-container elementor-column-gap-default\">\n\t\t\t\t\t<div class=\"elementor-column elementor-col-100 elementor-top-column elementor-element elementor-element-6685e34\" data-id=\"6685e34\" data-element_type=\"column\">\n\t\t\t<div class=\"elementor-widget-wrap elementor-element-populated\">\n\t\t\t\t\t\t\t\t<div class=\"elementor-element elementor-element-03bcb5f elementor-widget elementor-widget-text-editor\" data-id=\"03bcb5f\" data-element_type=\"widget\" data-widget_type=\"text-editor.default\">\n\t\t\t\t<div class=\"elementor-widget-container\">\n\t\t\t\t\t\t\t<p>Th\u1ecb th\u1ef1c ho\u1ea1t \u0111\u1ed9ng t\u1ea1m th\u1eddi ph\u00e2n l\u1edbp 408 cho ph\u00e9p m\u1ed9t ng\u01b0\u1eddi \u0111\u1ebfn ho\u1eb7c \u1edf l\u1ea1i \u00dac \u0111\u1ec3 th\u1ef1c hi\u1ec7n c\u00e1c lo\u1ea1i ho\u1ea1t \u0111\u1ed9ng c\u1ee5 th\u1ec3 tr\u00ean c\u01a1 s\u1edf t\u1ea1m th\u1eddi. Th\u1ecb th\u1ef1c n\u00e0y \u0111\u01b0\u1ee3c bi\u1ebft \u0111\u1ebfn nhi\u1ec1u h\u01a1n nh\u01b0 m\u1ed9t lo\u1ea1i th\u1ecb th\u1ef1c cho ph\u00e9p ng\u01b0\u1eddi n\u01b0\u1edbc ngo\u00e0i \u0111\u1ebfn \u00dac v\u1edbi nhi\u1ec1u ho\u1ea1t \u0111\u1ed9ng kh\u00e1c nhau bao g\u1ed3m c\u00e1c ho\u1ea1t \u0111\u1ed9ng x\u00e3 h\u1ed9i, v\u0103n h\u00f3a v\u00e0 nghi\u00ean c\u1ee9u c\u0169ng nh\u01b0 c\u00e1c s\u1ef1 ki\u1ec7n qu\u1ed1c t\u1ebf.<\/p>\n<\/p>\n<p>C\u1ee5 th\u1ec3, n\u00f3 bao g\u1ed3m:<\/p>\n<ul style=\"list-style: none;\">\n<li>(a) C\u00e1c s\u1ef1 ki\u1ec7n \u0111\u01b0\u1ee3c Ch\u00ednh ph\u1ee7 \u00dac x\u00e1c nh\u1eadn,<\/li>\n<li>(b) Ch\u01b0\u01a1ng tr\u00ecnh \u0111\u1eb7c bi\u1ec7t,<\/li>\n<li>(b) Ch\u01b0\u01a1ng tr\u00ecnh \u0111\u1eb7c bi\u1ec7t,<\/li>\n<li>(d) Ho\u1ea1t \u0111\u1ed9ng nghi\u00ean c\u1ee9u,<\/li>\n<li>(e) \u0110\u01b0\u1ee3c m\u1eddi tham gia ho\u1ea1t \u0111\u1ed9ng v\u0103n h\u00f3a x\u00e3 h\u1ed9i kh\u00e1c (Ng\u01b0\u1eddi tham gia \u0111\u01b0\u1ee3c m\u1eddi),<\/li>\n<li>(f) Ho\u1ea1t \u0111\u1ed9ng th\u1ec3 thao,<\/li>\n<li>(g) Ho\u1ea1t \u0111\u1ed9ng gi\u1ea3i tr\u00ed,<\/li>\n<li>(h) Th\u1ee7y th\u1ee7 \u0111o\u00e0n si\u00eau du thuy\u1ec1n,<\/li>\n<li>(i) Th\u1ecfa thu\u1eadn trao \u0111\u1ed5i, v\u00e0<\/li>\n<li>(j) C\u00f4ng vi\u1ec7c gia \u0111\u00ecnh cho gi\u00e1m \u0111\u1ed1c \u0111i\u1ec1u h\u00e0nh.<\/li>\n<\/ul>\n\t\t\t\t\t\t<\/div>\n\t\t\t\t<\/div>\n\t\t\t\t\t<\/div>\n\t\t<\/div>\n\t\t\t\t\t\t\t<\/div>\n\t\t<\/section>\n\t\t\t\t\t\t\t<\/div>\n\t\t","protected":false},"excerpt":{"rendered":"<p>Trang ch\u1ee7\u00a0&gt; Lu\u1eadt Di tr\u00fa&gt; Doanh Nghi\u1ec7p&gt; Subclass 408 Visa ho\u1ea1t \u0111\u1ed9ng t\u1ea1m th\u1eddi Subclass 408 Visa ho\u1ea1t \u0111\u1ed9ng t\u1ea1m th\u1eddi Th\u1ecb th\u1ef1c ho\u1ea1t \u0111\u1ed9ng t\u1ea1m th\u1eddi ph\u00e2n l\u1edbp 408 cho ph\u00e9p m\u1ed9t ng\u01b0\u1eddi \u0111\u1ebfn ho\u1eb7c \u1edf l\u1ea1i \u00dac \u0111\u1ec3 th\u1ef1c hi\u1ec7n c\u00e1c lo\u1ea1i ho\u1ea1t \u0111\u1ed9ng c\u1ee5 th\u1ec3 tr\u00ean c\u01a1 s\u1edf t\u1ea1m th\u1eddi. Th\u1ecb th\u1ef1c [&hellip;]<\/p>\n","protected":false},"author":1,"featured_media":0,"parent":0,"menu_order":0,"comment_status":"closed","ping_status":"closed","template":"","meta":{"footnotes":""},"class_list":["post-14042","page","type-page","status-publish","hentry"],"yoast_head":"<!-- This site is optimized with the Yoast SEO plugin v20.3 - https:\/\/yoast.com\/wordpress\/plugins\/seo\/ -->\n<title>Subclass 408 Visa ho\u1ea1t \u0111\u1ed9ng t\u1ea1m th\u1eddi - ProActive Legal<\/title>\n<meta name=\"robots\" content=\"index, follow, max-snippet:-1, max-image-preview:large, max-video-preview:-1\" \/>\n<link rel=\"canonical\" href=\"https:\/\/proactivelegal.com.au\/vn\/subclass-408-visa-hoat-dong-tam-thoi\/\" \/>\n<meta property=\"og:locale\" content=\"vi_VN\" \/>\n<meta property=\"og:type\" content=\"article\" \/>\n<meta property=\"og:title\" content=\"Subclass 408 Visa ho\u1ea1t \u0111\u1ed9ng t\u1ea1m th\u1eddi - ProActive Legal\" \/>\n<meta property=\"og:description\" content=\"Trang ch\u1ee7\u00a0&gt; Lu\u1eadt Di tr\u00fa&gt; Doanh Nghi\u1ec7p&gt; Subclass 408 Visa ho\u1ea1t \u0111\u1ed9ng t\u1ea1m th\u1eddi Subclass 408 Visa ho\u1ea1t \u0111\u1ed9ng t\u1ea1m th\u1eddi Th\u1ecb th\u1ef1c ho\u1ea1t \u0111\u1ed9ng t\u1ea1m th\u1eddi ph\u00e2n l\u1edbp 408 cho ph\u00e9p m\u1ed9t ng\u01b0\u1eddi \u0111\u1ebfn ho\u1eb7c \u1edf l\u1ea1i \u00dac \u0111\u1ec3 th\u1ef1c hi\u1ec7n c\u00e1c lo\u1ea1i ho\u1ea1t \u0111\u1ed9ng c\u1ee5 th\u1ec3 tr\u00ean c\u01a1 s\u1edf t\u1ea1m th\u1eddi. Th\u1ecb th\u1ef1c [&hellip;]\" \/>\n<meta property=\"og:url\" content=\"https:\/\/proactivelegal.com.au\/vn\/subclass-408-visa-hoat-dong-tam-thoi\/\" \/>\n<meta property=\"og:site_name\" content=\"ProActive Legal\" \/>\n<meta property=\"article:modified_time\" content=\"2023-05-05T08:40:19+00:00\" \/>\n<meta name=\"twitter:card\" content=\"summary_large_image\" \/>\n<meta name=\"twitter:label1\" content=\"Est. reading time\" \/>\n\t<meta name=\"twitter:data1\" content=\"1 minute\" \/>\n<script type=\"application\/ld+json\" class=\"yoast-schema-graph\">{\"@context\":\"https:\/\/schema.org\",\"@graph\":[{\"@type\":\"WebPage\",\"@id\":\"https:\/\/proactivelegal.com.au\/vn\/subclass-408-visa-hoat-dong-tam-thoi\/\",\"url\":\"https:\/\/proactivelegal.com.au\/vn\/subclass-408-visa-hoat-dong-tam-thoi\/\",\"name\":\"Subclass 408 Visa ho\u1ea1t \u0111\u1ed9ng t\u1ea1m th\u1eddi - ProActive Legal\",\"isPartOf\":{\"@id\":\"https:\/\/proactivelegal.com.au\/#website\"},\"datePublished\":\"2023-05-04T14:27:53+00:00\",\"dateModified\":\"2023-05-05T08:40:19+00:00\",\"breadcrumb\":{\"@id\":\"https:\/\/proactivelegal.com.au\/vn\/subclass-408-visa-hoat-dong-tam-thoi\/#breadcrumb\"},\"inLanguage\":\"vi-VN\",\"potentialAction\":[{\"@type\":\"ReadAction\",\"target\":[\"https:\/\/proactivelegal.com.au\/vn\/subclass-408-visa-hoat-dong-tam-thoi\/\"]}]},{\"@type\":\"BreadcrumbList\",\"@id\":\"https:\/\/proactivelegal.com.au\/vn\/subclass-408-visa-hoat-dong-tam-thoi\/#breadcrumb\",\"itemListElement\":[{\"@type\":\"ListItem\",\"position\":1,\"name\":\"\u9996\u9875\",\"item\":\"https:\/\/proactivelegal.com.au\/vn\/\"},{\"@type\":\"ListItem\",\"position\":2,\"name\":\"Subclass 408 Visa ho\u1ea1t \u0111\u1ed9ng t\u1ea1m th\u1eddi\"}]},{\"@type\":\"WebSite\",\"@id\":\"https:\/\/proactivelegal.com.au\/#website\",\"url\":\"https:\/\/proactivelegal.com.au\/\",\"name\":\"ProActive Legal\",\"description\":\"\",\"potentialAction\":[{\"@type\":\"SearchAction\",\"target\":{\"@type\":\"EntryPoint\",\"urlTemplate\":\"https:\/\/proactivelegal.com.au\/?s={search_term_string}\"},\"query-input\":\"required name=search_term_string\"}],\"inLanguage\":\"vi-VN\"}]}<\/script>\n<!-- \/ Yoast SEO plugin. -->","yoast_head_json":{"title":"Subclass 408 Visa ho\u1ea1t \u0111\u1ed9ng t\u1ea1m th\u1eddi - ProActive Legal","robots":{"index":"index","follow":"follow","max-snippet":"max-snippet:-1","max-image-preview":"max-image-preview:large","max-video-preview":"max-video-preview:-1"},"canonical":"https:\/\/proactivelegal.com.au\/vn\/subclass-408-visa-hoat-dong-tam-thoi\/","og_locale":"vi_VN","og_type":"article","og_title":"Subclass 408 Visa ho\u1ea1t \u0111\u1ed9ng t\u1ea1m th\u1eddi - ProActive Legal","og_description":"Trang ch\u1ee7\u00a0&gt; Lu\u1eadt Di tr\u00fa&gt; Doanh Nghi\u1ec7p&gt; Subclass 408 Visa ho\u1ea1t \u0111\u1ed9ng t\u1ea1m th\u1eddi Subclass 408 Visa ho\u1ea1t \u0111\u1ed9ng t\u1ea1m th\u1eddi Th\u1ecb th\u1ef1c ho\u1ea1t \u0111\u1ed9ng t\u1ea1m th\u1eddi ph\u00e2n l\u1edbp 408 cho ph\u00e9p m\u1ed9t ng\u01b0\u1eddi \u0111\u1ebfn ho\u1eb7c \u1edf l\u1ea1i \u00dac \u0111\u1ec3 th\u1ef1c hi\u1ec7n c\u00e1c lo\u1ea1i ho\u1ea1t \u0111\u1ed9ng c\u1ee5 th\u1ec3 tr\u00ean c\u01a1 s\u1edf t\u1ea1m th\u1eddi. Th\u1ecb th\u1ef1c [&hellip;]","og_url":"https:\/\/proactivelegal.com.au\/vn\/subclass-408-visa-hoat-dong-tam-thoi\/","og_site_name":"ProActive Legal","article_modified_time":"2023-05-05T08:40:19+00:00","twitter_card":"summary_large_image","twitter_misc":{"Est. reading time":"1 minute"},"schema":{"@context":"https:\/\/schema.org","@graph":[{"@type":"WebPage","@id":"https:\/\/proactivelegal.com.au\/vn\/subclass-408-visa-hoat-dong-tam-thoi\/","url":"https:\/\/proactivelegal.com.au\/vn\/subclass-408-visa-hoat-dong-tam-thoi\/","name":"Subclass 408 Visa ho\u1ea1t \u0111\u1ed9ng t\u1ea1m th\u1eddi - ProActive Legal","isPartOf":{"@id":"https:\/\/proactivelegal.com.au\/#website"},"datePublished":"2023-05-04T14:27:53+00:00","dateModified":"2023-05-05T08:40:19+00:00","breadcrumb":{"@id":"https:\/\/proactivelegal.com.au\/vn\/subclass-408-visa-hoat-dong-tam-thoi\/#breadcrumb"},"inLanguage":"vi-VN","potentialAction":[{"@type":"ReadAction","target":["https:\/\/proactivelegal.com.au\/vn\/subclass-408-visa-hoat-dong-tam-thoi\/"]}]},{"@type":"BreadcrumbList","@id":"https:\/\/proactivelegal.com.au\/vn\/subclass-408-visa-hoat-dong-tam-thoi\/#breadcrumb","itemListElement":[{"@type":"ListItem","position":1,"name":"\u9996\u9875","item":"https:\/\/proactivelegal.com.au\/vn\/"},{"@type":"ListItem","position":2,"name":"Subclass 408 Visa ho\u1ea1t \u0111\u1ed9ng t\u1ea1m th\u1eddi"}]},{"@type":"WebSite","@id":"https:\/\/proactivelegal.com.au\/#website","url":"https:\/\/proactivelegal.com.au\/","name":"ProActive Legal","description":"","potentialAction":[{"@type":"SearchAction","target":{"@type":"EntryPoint","urlTemplate":"https:\/\/proactivelegal.com.au\/?s={search_term_string}"},"query-input":"required name=search_term_string"}],"inLanguage":"vi-VN"}]}},"_links":{"self":[{"href":"https:\/\/proactivelegal.com.au\/vn\/wp-json\/wp\/v2\/pages\/14042","targetHints":{"allow":["GET"]}}],"collection":[{"href":"https:\/\/proactivelegal.com.au\/vn\/wp-json\/wp\/v2\/pages"}],"about":[{"href":"https:\/\/proactivelegal.com.au\/vn\/wp-json\/wp\/v2\/types\/page"}],"author":[{"embeddable":true,"href":"https:\/\/proactivelegal.com.au\/vn\/wp-json\/wp\/v2\/users\/1"}],"replies":[{"embeddable":true,"href":"https:\/\/proactivelegal.com.au\/vn\/wp-json\/wp\/v2\/comments?post=14042"}],"version-history":[{"count":8,"href":"https:\/\/proactivelegal.com.au\/vn\/wp-json\/wp\/v2\/pages\/14042\/revisions"}],"predecessor-version":[{"id":14550,"href":"https:\/\/proactivelegal.com.au\/vn\/wp-json\/wp\/v2\/pages\/14042\/revisions\/14550"}],"wp:attachment":[{"href":"https:\/\/proactivelegal.com.au\/vn\/wp-json\/wp\/v2\/media?parent=14042"}],"curies":[{"name":"wp","href":"https:\/\/api.w.org\/{rel}","templated":true}]}}