{"id":14037,"date":"2023-05-04T14:25:43","date_gmt":"2023-05-04T14:25:43","guid":{"rendered":"https:\/\/proactivelegal.com.au\/thi-thuc-dao-tao-loai-407\/"},"modified":"2023-05-05T08:38:53","modified_gmt":"2023-05-05T08:38:53","slug":"subclass-407-visa-dao-tao","status":"publish","type":"page","link":"https:\/\/proactivelegal.com.au\/vn\/subclass-407-visa-dao-tao\/","title":{"rendered":"Subclass 407 Visa \u0111\u00e0o t\u1ea1o"},"content":{"rendered":"\t\t<div data-elementor-type=\"wp-page\" data-elementor-id=\"14037\" class=\"elementor elementor-14037 elementor-7120\" data-elementor-post-type=\"page\">\n\t\t\t\t\t\t\t\t\t<section class=\"elementor-section elementor-top-section elementor-element elementor-element-cb4f671 elementor-section-boxed elementor-section-height-default elementor-section-height-default\" data-id=\"cb4f671\" data-element_type=\"section\">\n\t\t\t\t\t\t<div class=\"elementor-container elementor-column-gap-default\">\n\t\t\t\t\t<div class=\"elementor-column elementor-col-100 elementor-top-column elementor-element elementor-element-78db61a\" data-id=\"78db61a\" data-element_type=\"column\">\n\t\t\t<div class=\"elementor-widget-wrap elementor-element-populated\">\n\t\t\t\t\t\t\t\t<div class=\"elementor-element elementor-element-1670bd4 elementor-widget elementor-widget-text-editor\" data-id=\"1670bd4\" data-element_type=\"widget\" data-widget_type=\"text-editor.default\">\n\t\t\t\t<div class=\"elementor-widget-container\">\n\t\t\t<style>\/*! elementor - v3.15.0 - 09-08-2023 *\/\n.elementor-widget-text-editor.elementor-drop-cap-view-stacked .elementor-drop-cap{background-color:#69727d;color:#fff}.elementor-widget-text-editor.elementor-drop-cap-view-framed .elementor-drop-cap{color:#69727d;border:3px solid;background-color:transparent}.elementor-widget-text-editor:not(.elementor-drop-cap-view-default) .elementor-drop-cap{margin-top:8px}.elementor-widget-text-editor:not(.elementor-drop-cap-view-default) .elementor-drop-cap-letter{width:1em;height:1em}.elementor-widget-text-editor .elementor-drop-cap{float:left;text-align:center;line-height:1;font-size:50px}.elementor-widget-text-editor .elementor-drop-cap-letter{display:inline-block}<\/style>\t\t\t\t<p><a style=\"color: #000;\" href=\"https:\/\/proactivelegal.com.au\/vn\">Trang ch\u1ee7\u00a0<\/a>&gt; Lu\u1eadt Di tr\u00fa&gt; Doanh Nghi\u1ec7p&gt; Subclass 407 Visa \u0111\u00e0o t\u1ea1o<\/p>\t\t\t\t\t\t<\/div>\n\t\t\t\t<\/div>\n\t\t\t\t<div class=\"elementor-element elementor-element-cf6e534 elementor-widget elementor-widget-text-editor\" data-id=\"cf6e534\" data-element_type=\"widget\" data-widget_type=\"text-editor.default\">\n\t\t\t\t<div class=\"elementor-widget-container\">\n\t\t\t\t\t\t\t<p>Subclass 407 Visa \u0111\u00e0o t\u1ea1o<\/p>\t\t\t\t\t\t<\/div>\n\t\t\t\t<\/div>\n\t\t\t\t\t<\/div>\n\t\t<\/div>\n\t\t\t\t\t\t\t<\/div>\n\t\t<\/section>\n\t\t\t\t<section class=\"elementor-section elementor-top-section elementor-element elementor-element-9a65b9a elementor-section-boxed elementor-section-height-default elementor-section-height-default\" data-id=\"9a65b9a\" data-element_type=\"section\">\n\t\t\t\t\t\t<div class=\"elementor-container elementor-column-gap-default\">\n\t\t\t\t\t<div class=\"elementor-column elementor-col-100 elementor-top-column elementor-element elementor-element-6685e34\" data-id=\"6685e34\" data-element_type=\"column\">\n\t\t\t<div class=\"elementor-widget-wrap elementor-element-populated\">\n\t\t\t\t\t\t\t\t<div class=\"elementor-element elementor-element-03bcb5f elementor-widget elementor-widget-text-editor\" data-id=\"03bcb5f\" data-element_type=\"widget\" data-widget_type=\"text-editor.default\">\n\t\t\t\t<div class=\"elementor-widget-container\">\n\t\t\t\t\t\t\t<p>M\u1ed9t doanh nghi\u1ec7p ho\u1eb7c t\u1ed5 ch\u1ee9c ho\u1ea1t \u0111\u1ed9ng t\u1ea1i \u00dac c\u00f3 th\u1ec3 t\u00e0i tr\u1ee3 cho m\u1ed9t ng\u01b0\u1eddi n\u01b0\u1edbc ngo\u00e0i n\u1ed9p \u0111\u01a1n xin th\u1ecb th\u1ef1c \u0111\u00e0o t\u1ea1o lo\u1ea1i 407 \u0111\u1ec3 th\u1ef1c hi\u1ec7n \u0111\u00e0o t\u1ea1o ngh\u1ec1 nghi\u1ec7p t\u1ea1i n\u01a1i l\u00e0m vi\u1ec7c.<\/p>\n<\/p>\n<p>Vi\u1ec7c \u0111\u00e0o t\u1ea1o ngh\u1ec1 nghi\u1ec7p c\u00f3 th\u1ec3 d\u00e0nh cho b\u1ea5t k\u1ef3 m\u1ee5c \u0111\u00edch n\u00e0o sau \u0111\u00e2y.<\/p>\n<ul style=\"list-style: none;\">\n<li>(a) \u0110\u1ec3 \u0111\u00e1p \u1ee9ng c\u00e1c y\u00eau c\u1ea7u \u0111\u0103ng k\u00fd ho\u1eb7c c\u1ea5p ph\u00e9p li\u00ean quan \u0111\u1ebfn ngh\u1ec1 nghi\u1ec7p c\u1ee7a h\u1ecd.<\/li>\n<li>(b) C\u1ea3i thi\u1ec7n ho\u1eb7c n\u00e2ng cao k\u1ef9 n\u0103ng trong m\u1ed9t ngh\u1ec1 nghi\u1ec7p c\u00f3 k\u1ef9 n\u0103ng \u0111\u1ee7 \u0111i\u1ec1u ki\u1ec7n th\u00f4ng qua ch\u01b0\u01a1ng tr\u00ecnh \u0111\u00e0o t\u1ea1o ph\u00f9 h\u1ee3p v\u00e0 c\u00f3 c\u1ea5u tr\u00fac d\u1ef1a tr\u00ean c\u00f4ng vi\u1ec7c.<\/li>\n<li>(c) Ph\u00e1t tri\u1ec3n chuy\u00ean m\u00f4n th\u00f4ng qua ch\u01b0\u01a1ng tr\u00ecnh \u0111\u00e0o t\u1ea1o \u0111\u01b0\u1ee3c c\u1ea5u tr\u00fac v\u00e0 ph\u00f9 h\u1ee3p v\u1edbi c\u00f4ng vi\u1ec7c.<\/li>\n<\/ul>\n<p>\u1ee8ng vi\u00ean n\u1ed9p \u0111\u01a1n xin th\u1ecb th\u1ef1c n\u00e0y ph\u1ea3i c\u00f3 tr\u00ecnh \u0111\u1ed9 ti\u1ebfng Anh ch\u1ee9c n\u0103ng.<\/p>\n<\/p>\n<p>\u1ee8ng vi\u00ean n\u1ed9p \u0111\u01a1n xin th\u1ecb th\u1ef1c n\u00e0y ph\u1ea3i c\u00f3 tr\u00ecnh \u0111\u1ed9 ti\u1ebfng Anh ch\u1ee9c n\u0103ng.<\/p>\n\t\t\t\t\t\t<\/div>\n\t\t\t\t<\/div>\n\t\t\t\t\t<\/div>\n\t\t<\/div>\n\t\t\t\t\t\t\t<\/div>\n\t\t<\/section>\n\t\t\t\t\t\t\t<\/div>\n\t\t","protected":false},"excerpt":{"rendered":"<p>Trang ch\u1ee7\u00a0&gt; Lu\u1eadt Di tr\u00fa&gt; Doanh Nghi\u1ec7p&gt; Subclass 407 Visa \u0111\u00e0o t\u1ea1o Subclass 407 Visa \u0111\u00e0o t\u1ea1o M\u1ed9t doanh nghi\u1ec7p ho\u1eb7c t\u1ed5 ch\u1ee9c ho\u1ea1t \u0111\u1ed9ng t\u1ea1i \u00dac c\u00f3 th\u1ec3 t\u00e0i tr\u1ee3 cho m\u1ed9t ng\u01b0\u1eddi n\u01b0\u1edbc ngo\u00e0i n\u1ed9p \u0111\u01a1n xin th\u1ecb th\u1ef1c \u0111\u00e0o t\u1ea1o lo\u1ea1i 407 \u0111\u1ec3 th\u1ef1c hi\u1ec7n \u0111\u00e0o t\u1ea1o ngh\u1ec1 nghi\u1ec7p t\u1ea1i n\u01a1i l\u00e0m [&hellip;]<\/p>\n","protected":false},"author":1,"featured_media":0,"parent":0,"menu_order":0,"comment_status":"closed","ping_status":"closed","template":"","meta":{"footnotes":""},"class_list":["post-14037","page","type-page","status-publish","hentry"],"yoast_head":"<!-- This site is optimized with the Yoast SEO plugin v20.3 - https:\/\/yoast.com\/wordpress\/plugins\/seo\/ -->\n<title>Subclass 407 Visa \u0111\u00e0o t\u1ea1o - ProActive Legal<\/title>\n<meta name=\"robots\" content=\"index, follow, max-snippet:-1, max-image-preview:large, max-video-preview:-1\" \/>\n<link rel=\"canonical\" href=\"https:\/\/proactivelegal.com.au\/vn\/subclass-407-visa-dao-tao\/\" \/>\n<meta property=\"og:locale\" content=\"vi_VN\" \/>\n<meta property=\"og:type\" content=\"article\" \/>\n<meta property=\"og:title\" content=\"Subclass 407 Visa \u0111\u00e0o t\u1ea1o - ProActive Legal\" \/>\n<meta property=\"og:description\" content=\"Trang ch\u1ee7\u00a0&gt; Lu\u1eadt Di tr\u00fa&gt; Doanh Nghi\u1ec7p&gt; Subclass 407 Visa \u0111\u00e0o t\u1ea1o Subclass 407 Visa \u0111\u00e0o t\u1ea1o M\u1ed9t doanh nghi\u1ec7p ho\u1eb7c t\u1ed5 ch\u1ee9c ho\u1ea1t \u0111\u1ed9ng t\u1ea1i \u00dac c\u00f3 th\u1ec3 t\u00e0i tr\u1ee3 cho m\u1ed9t ng\u01b0\u1eddi n\u01b0\u1edbc ngo\u00e0i n\u1ed9p \u0111\u01a1n xin th\u1ecb th\u1ef1c \u0111\u00e0o t\u1ea1o lo\u1ea1i 407 \u0111\u1ec3 th\u1ef1c hi\u1ec7n \u0111\u00e0o t\u1ea1o ngh\u1ec1 nghi\u1ec7p t\u1ea1i n\u01a1i l\u00e0m [&hellip;]\" \/>\n<meta property=\"og:url\" content=\"https:\/\/proactivelegal.com.au\/vn\/subclass-407-visa-dao-tao\/\" \/>\n<meta property=\"og:site_name\" content=\"ProActive Legal\" \/>\n<meta property=\"article:modified_time\" content=\"2023-05-05T08:38:53+00:00\" \/>\n<meta name=\"twitter:card\" content=\"summary_large_image\" \/>\n<meta name=\"twitter:label1\" content=\"Est. reading time\" \/>\n\t<meta name=\"twitter:data1\" content=\"1 minute\" \/>\n<script type=\"application\/ld+json\" class=\"yoast-schema-graph\">{\"@context\":\"https:\/\/schema.org\",\"@graph\":[{\"@type\":\"WebPage\",\"@id\":\"https:\/\/proactivelegal.com.au\/vn\/subclass-407-visa-dao-tao\/\",\"url\":\"https:\/\/proactivelegal.com.au\/vn\/subclass-407-visa-dao-tao\/\",\"name\":\"Subclass 407 Visa \u0111\u00e0o t\u1ea1o - ProActive Legal\",\"isPartOf\":{\"@id\":\"https:\/\/proactivelegal.com.au\/#website\"},\"datePublished\":\"2023-05-04T14:25:43+00:00\",\"dateModified\":\"2023-05-05T08:38:53+00:00\",\"breadcrumb\":{\"@id\":\"https:\/\/proactivelegal.com.au\/vn\/subclass-407-visa-dao-tao\/#breadcrumb\"},\"inLanguage\":\"vi-VN\",\"potentialAction\":[{\"@type\":\"ReadAction\",\"target\":[\"https:\/\/proactivelegal.com.au\/vn\/subclass-407-visa-dao-tao\/\"]}]},{\"@type\":\"BreadcrumbList\",\"@id\":\"https:\/\/proactivelegal.com.au\/vn\/subclass-407-visa-dao-tao\/#breadcrumb\",\"itemListElement\":[{\"@type\":\"ListItem\",\"position\":1,\"name\":\"\u9996\u9875\",\"item\":\"https:\/\/proactivelegal.com.au\/vn\/\"},{\"@type\":\"ListItem\",\"position\":2,\"name\":\"Subclass 407 Visa \u0111\u00e0o t\u1ea1o\"}]},{\"@type\":\"WebSite\",\"@id\":\"https:\/\/proactivelegal.com.au\/#website\",\"url\":\"https:\/\/proactivelegal.com.au\/\",\"name\":\"ProActive Legal\",\"description\":\"\",\"potentialAction\":[{\"@type\":\"SearchAction\",\"target\":{\"@type\":\"EntryPoint\",\"urlTemplate\":\"https:\/\/proactivelegal.com.au\/?s={search_term_string}\"},\"query-input\":\"required name=search_term_string\"}],\"inLanguage\":\"vi-VN\"}]}<\/script>\n<!-- \/ Yoast SEO plugin. -->","yoast_head_json":{"title":"Subclass 407 Visa \u0111\u00e0o t\u1ea1o - ProActive Legal","robots":{"index":"index","follow":"follow","max-snippet":"max-snippet:-1","max-image-preview":"max-image-preview:large","max-video-preview":"max-video-preview:-1"},"canonical":"https:\/\/proactivelegal.com.au\/vn\/subclass-407-visa-dao-tao\/","og_locale":"vi_VN","og_type":"article","og_title":"Subclass 407 Visa \u0111\u00e0o t\u1ea1o - ProActive Legal","og_description":"Trang ch\u1ee7\u00a0&gt; Lu\u1eadt Di tr\u00fa&gt; Doanh Nghi\u1ec7p&gt; Subclass 407 Visa \u0111\u00e0o t\u1ea1o Subclass 407 Visa \u0111\u00e0o t\u1ea1o M\u1ed9t doanh nghi\u1ec7p ho\u1eb7c t\u1ed5 ch\u1ee9c ho\u1ea1t \u0111\u1ed9ng t\u1ea1i \u00dac c\u00f3 th\u1ec3 t\u00e0i tr\u1ee3 cho m\u1ed9t ng\u01b0\u1eddi n\u01b0\u1edbc ngo\u00e0i n\u1ed9p \u0111\u01a1n xin th\u1ecb th\u1ef1c \u0111\u00e0o t\u1ea1o lo\u1ea1i 407 \u0111\u1ec3 th\u1ef1c hi\u1ec7n \u0111\u00e0o t\u1ea1o ngh\u1ec1 nghi\u1ec7p t\u1ea1i n\u01a1i l\u00e0m [&hellip;]","og_url":"https:\/\/proactivelegal.com.au\/vn\/subclass-407-visa-dao-tao\/","og_site_name":"ProActive Legal","article_modified_time":"2023-05-05T08:38:53+00:00","twitter_card":"summary_large_image","twitter_misc":{"Est. reading time":"1 minute"},"schema":{"@context":"https:\/\/schema.org","@graph":[{"@type":"WebPage","@id":"https:\/\/proactivelegal.com.au\/vn\/subclass-407-visa-dao-tao\/","url":"https:\/\/proactivelegal.com.au\/vn\/subclass-407-visa-dao-tao\/","name":"Subclass 407 Visa \u0111\u00e0o t\u1ea1o - ProActive Legal","isPartOf":{"@id":"https:\/\/proactivelegal.com.au\/#website"},"datePublished":"2023-05-04T14:25:43+00:00","dateModified":"2023-05-05T08:38:53+00:00","breadcrumb":{"@id":"https:\/\/proactivelegal.com.au\/vn\/subclass-407-visa-dao-tao\/#breadcrumb"},"inLanguage":"vi-VN","potentialAction":[{"@type":"ReadAction","target":["https:\/\/proactivelegal.com.au\/vn\/subclass-407-visa-dao-tao\/"]}]},{"@type":"BreadcrumbList","@id":"https:\/\/proactivelegal.com.au\/vn\/subclass-407-visa-dao-tao\/#breadcrumb","itemListElement":[{"@type":"ListItem","position":1,"name":"\u9996\u9875","item":"https:\/\/proactivelegal.com.au\/vn\/"},{"@type":"ListItem","position":2,"name":"Subclass 407 Visa \u0111\u00e0o t\u1ea1o"}]},{"@type":"WebSite","@id":"https:\/\/proactivelegal.com.au\/#website","url":"https:\/\/proactivelegal.com.au\/","name":"ProActive Legal","description":"","potentialAction":[{"@type":"SearchAction","target":{"@type":"EntryPoint","urlTemplate":"https:\/\/proactivelegal.com.au\/?s={search_term_string}"},"query-input":"required name=search_term_string"}],"inLanguage":"vi-VN"}]}},"_links":{"self":[{"href":"https:\/\/proactivelegal.com.au\/vn\/wp-json\/wp\/v2\/pages\/14037","targetHints":{"allow":["GET"]}}],"collection":[{"href":"https:\/\/proactivelegal.com.au\/vn\/wp-json\/wp\/v2\/pages"}],"about":[{"href":"https:\/\/proactivelegal.com.au\/vn\/wp-json\/wp\/v2\/types\/page"}],"author":[{"embeddable":true,"href":"https:\/\/proactivelegal.com.au\/vn\/wp-json\/wp\/v2\/users\/1"}],"replies":[{"embeddable":true,"href":"https:\/\/proactivelegal.com.au\/vn\/wp-json\/wp\/v2\/comments?post=14037"}],"version-history":[{"count":8,"href":"https:\/\/proactivelegal.com.au\/vn\/wp-json\/wp\/v2\/pages\/14037\/revisions"}],"predecessor-version":[{"id":14546,"href":"https:\/\/proactivelegal.com.au\/vn\/wp-json\/wp\/v2\/pages\/14037\/revisions\/14546"}],"wp:attachment":[{"href":"https:\/\/proactivelegal.com.au\/vn\/wp-json\/wp\/v2\/media?parent=14037"}],"curies":[{"name":"wp","href":"https:\/\/api.w.org\/{rel}","templated":true}]}}