{"id":14032,"date":"2023-05-04T14:24:05","date_gmt":"2023-05-04T14:24:05","guid":{"rendered":"https:\/\/proactivelegal.com.au\/thi-thuc-lam-viec-tam-thoi-chuyen-gia-ngan-han-loai-400\/"},"modified":"2023-05-05T08:36:35","modified_gmt":"2023-05-05T08:36:35","slug":"subclass-400-visa-lam-viec-tam-thoi-tai-uc","status":"publish","type":"page","link":"https:\/\/proactivelegal.com.au\/vn\/subclass-400-visa-lam-viec-tam-thoi-tai-uc\/","title":{"rendered":"Subclass 400 Visa l\u00e0m vi\u1ec7c t\u1ea1m th\u1eddi t\u1ea1i \u00dac"},"content":{"rendered":"\t\t<div data-elementor-type=\"wp-page\" data-elementor-id=\"14032\" class=\"elementor elementor-14032 elementor-7115\" data-elementor-post-type=\"page\">\n\t\t\t\t\t\t\t\t\t<section class=\"elementor-section elementor-top-section elementor-element elementor-element-cb4f671 elementor-section-boxed elementor-section-height-default elementor-section-height-default\" data-id=\"cb4f671\" data-element_type=\"section\">\n\t\t\t\t\t\t<div class=\"elementor-container elementor-column-gap-default\">\n\t\t\t\t\t<div class=\"elementor-column elementor-col-100 elementor-top-column elementor-element elementor-element-78db61a\" data-id=\"78db61a\" data-element_type=\"column\">\n\t\t\t<div class=\"elementor-widget-wrap elementor-element-populated\">\n\t\t\t\t\t\t\t\t<div class=\"elementor-element elementor-element-1670bd4 elementor-widget elementor-widget-text-editor\" data-id=\"1670bd4\" data-element_type=\"widget\" data-widget_type=\"text-editor.default\">\n\t\t\t\t<div class=\"elementor-widget-container\">\n\t\t\t<style>\/*! elementor - v3.15.0 - 09-08-2023 *\/\n.elementor-widget-text-editor.elementor-drop-cap-view-stacked .elementor-drop-cap{background-color:#69727d;color:#fff}.elementor-widget-text-editor.elementor-drop-cap-view-framed .elementor-drop-cap{color:#69727d;border:3px solid;background-color:transparent}.elementor-widget-text-editor:not(.elementor-drop-cap-view-default) .elementor-drop-cap{margin-top:8px}.elementor-widget-text-editor:not(.elementor-drop-cap-view-default) .elementor-drop-cap-letter{width:1em;height:1em}.elementor-widget-text-editor .elementor-drop-cap{float:left;text-align:center;line-height:1;font-size:50px}.elementor-widget-text-editor .elementor-drop-cap-letter{display:inline-block}<\/style>\t\t\t\t<p><a style=\"color: #000;\" href=\"https:\/\/proactivelegal.com.au\/vn\">Trang ch\u1ee7\u00a0<\/a>&gt; Lu\u1eadt Di tr\u00fa&gt; Doanh Nghi\u1ec7p&gt; Subclass 400 Visa l\u00e0m vi\u1ec7c t\u1ea1m th\u1eddi t\u1ea1i \u00dac<\/p>\t\t\t\t\t\t<\/div>\n\t\t\t\t<\/div>\n\t\t\t\t<div class=\"elementor-element elementor-element-cf6e534 elementor-widget elementor-widget-text-editor\" data-id=\"cf6e534\" data-element_type=\"widget\" data-widget_type=\"text-editor.default\">\n\t\t\t\t<div class=\"elementor-widget-container\">\n\t\t\t\t\t\t\t<p>Subclass 400 Visa l\u00e0m vi\u1ec7c t\u1ea1m th\u1eddi t\u1ea1i \u00dac<\/p>\t\t\t\t\t\t<\/div>\n\t\t\t\t<\/div>\n\t\t\t\t\t<\/div>\n\t\t<\/div>\n\t\t\t\t\t\t\t<\/div>\n\t\t<\/section>\n\t\t\t\t<section class=\"elementor-section elementor-top-section elementor-element elementor-element-9a65b9a elementor-section-boxed elementor-section-height-default elementor-section-height-default\" data-id=\"9a65b9a\" data-element_type=\"section\">\n\t\t\t\t\t\t<div class=\"elementor-container elementor-column-gap-default\">\n\t\t\t\t\t<div class=\"elementor-column elementor-col-100 elementor-top-column elementor-element elementor-element-6685e34\" data-id=\"6685e34\" data-element_type=\"column\">\n\t\t\t<div class=\"elementor-widget-wrap elementor-element-populated\">\n\t\t\t\t\t\t\t\t<div class=\"elementor-element elementor-element-03bcb5f elementor-widget elementor-widget-text-editor\" data-id=\"03bcb5f\" data-element_type=\"widget\" data-widget_type=\"text-editor.default\">\n\t\t\t\t<div class=\"elementor-widget-container\">\n\t\t\t\t\t\t\t<p>Subclass 400 Temporary Work (Short Stay Specialist) visa allows a person to enter Australia to undertake a highly specialised form of non-ongoing work, or for those who has been invited by an organisation in Australia to participate in a non-ongoing event. V\u00ed d\u1ee5 bao g\u1ed3m cung c\u1ea5p \u0111\u00e0o t\u1ea1o chuy\u00ean m\u00f4n cao cho m\u1ed9t t\u1ed5 ch\u1ee9c c\u1ee7a \u00dac ho\u1eb7c tham gia v\u1edbi t\u01b0 c\u00e1ch l\u00e0 di\u1ec5n gi\u1ea3 kh\u00e1ch m\u1eddi trong m\u1ed9t h\u1ed9i ngh\u1ecb kinh doanh.<\/p>\n<p>Th\u1ecb th\u1ef1c n\u00e0y kh\u00f4ng y\u00eau c\u1ea7u ph\u1ea3i c\u00f3 s\u1ef1 t\u00e0i tr\u1ee3 ho\u1eb7c \u0111\u1ec1 c\u1eed ch\u00ednh th\u1ee9c t\u1eeb m\u1ed9t doanh nghi\u1ec7p ho\u1eb7c t\u1ed5 ch\u1ee9c t\u1ea1i \u00dac.<\/p>\n<p>Th\u00f4ng th\u01b0\u1eddng, th\u1eddi gian c\u1ea5p th\u1ecb th\u1ef1c s\u1ebd k\u00e9o d\u00e0i trong 6 th\u00e1ng.<\/p>\n\t\t\t\t\t\t<\/div>\n\t\t\t\t<\/div>\n\t\t\t\t\t<\/div>\n\t\t<\/div>\n\t\t\t\t\t\t\t<\/div>\n\t\t<\/section>\n\t\t\t\t\t\t\t<\/div>\n\t\t","protected":false},"excerpt":{"rendered":"<p>Trang ch\u1ee7\u00a0&gt; Lu\u1eadt Di tr\u00fa&gt; Doanh Nghi\u1ec7p&gt; Subclass 400 Visa l\u00e0m vi\u1ec7c t\u1ea1m th\u1eddi t\u1ea1i \u00dac Subclass 400 Visa l\u00e0m vi\u1ec7c t\u1ea1m th\u1eddi t\u1ea1i \u00dac Subclass 400 Temporary Work (Short Stay Specialist) visa allows a person to enter Australia to undertake a highly specialised form of non-ongoing work, or for those who has been invited [&hellip;]<\/p>\n","protected":false},"author":1,"featured_media":0,"parent":0,"menu_order":0,"comment_status":"closed","ping_status":"closed","template":"","meta":{"footnotes":""},"class_list":["post-14032","page","type-page","status-publish","hentry"],"yoast_head":"<!-- This site is optimized with the Yoast SEO plugin v20.3 - https:\/\/yoast.com\/wordpress\/plugins\/seo\/ -->\n<title>Subclass 400 Visa l\u00e0m vi\u1ec7c t\u1ea1m th\u1eddi t\u1ea1i \u00dac - ProActive Legal<\/title>\n<meta name=\"robots\" content=\"index, follow, max-snippet:-1, max-image-preview:large, max-video-preview:-1\" \/>\n<link rel=\"canonical\" href=\"https:\/\/proactivelegal.com.au\/vn\/subclass-400-visa-lam-viec-tam-thoi-tai-uc\/\" \/>\n<meta property=\"og:locale\" content=\"vi_VN\" \/>\n<meta property=\"og:type\" content=\"article\" \/>\n<meta property=\"og:title\" content=\"Subclass 400 Visa l\u00e0m vi\u1ec7c t\u1ea1m th\u1eddi t\u1ea1i \u00dac - ProActive Legal\" \/>\n<meta property=\"og:description\" content=\"Trang ch\u1ee7\u00a0&gt; Lu\u1eadt Di tr\u00fa&gt; Doanh Nghi\u1ec7p&gt; Subclass 400 Visa l\u00e0m vi\u1ec7c t\u1ea1m th\u1eddi t\u1ea1i \u00dac Subclass 400 Visa l\u00e0m vi\u1ec7c t\u1ea1m th\u1eddi t\u1ea1i \u00dac Subclass 400 Temporary Work (Short Stay Specialist) visa allows a person to enter Australia to undertake a highly specialised form of non-ongoing work, or for those who has been invited [&hellip;]\" \/>\n<meta property=\"og:url\" content=\"https:\/\/proactivelegal.com.au\/vn\/subclass-400-visa-lam-viec-tam-thoi-tai-uc\/\" \/>\n<meta property=\"og:site_name\" content=\"ProActive Legal\" \/>\n<meta property=\"article:modified_time\" content=\"2023-05-05T08:36:35+00:00\" \/>\n<meta name=\"twitter:card\" content=\"summary_large_image\" \/>\n<meta name=\"twitter:label1\" content=\"Est. reading time\" \/>\n\t<meta name=\"twitter:data1\" content=\"1 minute\" \/>\n<script type=\"application\/ld+json\" class=\"yoast-schema-graph\">{\"@context\":\"https:\/\/schema.org\",\"@graph\":[{\"@type\":\"WebPage\",\"@id\":\"https:\/\/proactivelegal.com.au\/vn\/subclass-400-visa-lam-viec-tam-thoi-tai-uc\/\",\"url\":\"https:\/\/proactivelegal.com.au\/vn\/subclass-400-visa-lam-viec-tam-thoi-tai-uc\/\",\"name\":\"Subclass 400 Visa l\u00e0m vi\u1ec7c t\u1ea1m th\u1eddi t\u1ea1i \u00dac - ProActive Legal\",\"isPartOf\":{\"@id\":\"https:\/\/proactivelegal.com.au\/#website\"},\"datePublished\":\"2023-05-04T14:24:05+00:00\",\"dateModified\":\"2023-05-05T08:36:35+00:00\",\"breadcrumb\":{\"@id\":\"https:\/\/proactivelegal.com.au\/vn\/subclass-400-visa-lam-viec-tam-thoi-tai-uc\/#breadcrumb\"},\"inLanguage\":\"vi-VN\",\"potentialAction\":[{\"@type\":\"ReadAction\",\"target\":[\"https:\/\/proactivelegal.com.au\/vn\/subclass-400-visa-lam-viec-tam-thoi-tai-uc\/\"]}]},{\"@type\":\"BreadcrumbList\",\"@id\":\"https:\/\/proactivelegal.com.au\/vn\/subclass-400-visa-lam-viec-tam-thoi-tai-uc\/#breadcrumb\",\"itemListElement\":[{\"@type\":\"ListItem\",\"position\":1,\"name\":\"\u9996\u9875\",\"item\":\"https:\/\/proactivelegal.com.au\/vn\/\"},{\"@type\":\"ListItem\",\"position\":2,\"name\":\"Subclass 400 Visa l\u00e0m vi\u1ec7c t\u1ea1m th\u1eddi t\u1ea1i \u00dac\"}]},{\"@type\":\"WebSite\",\"@id\":\"https:\/\/proactivelegal.com.au\/#website\",\"url\":\"https:\/\/proactivelegal.com.au\/\",\"name\":\"ProActive Legal\",\"description\":\"\",\"potentialAction\":[{\"@type\":\"SearchAction\",\"target\":{\"@type\":\"EntryPoint\",\"urlTemplate\":\"https:\/\/proactivelegal.com.au\/?s={search_term_string}\"},\"query-input\":\"required name=search_term_string\"}],\"inLanguage\":\"vi-VN\"}]}<\/script>\n<!-- \/ Yoast SEO plugin. -->","yoast_head_json":{"title":"Subclass 400 Visa l\u00e0m vi\u1ec7c t\u1ea1m th\u1eddi t\u1ea1i \u00dac - ProActive Legal","robots":{"index":"index","follow":"follow","max-snippet":"max-snippet:-1","max-image-preview":"max-image-preview:large","max-video-preview":"max-video-preview:-1"},"canonical":"https:\/\/proactivelegal.com.au\/vn\/subclass-400-visa-lam-viec-tam-thoi-tai-uc\/","og_locale":"vi_VN","og_type":"article","og_title":"Subclass 400 Visa l\u00e0m vi\u1ec7c t\u1ea1m th\u1eddi t\u1ea1i \u00dac - ProActive Legal","og_description":"Trang ch\u1ee7\u00a0&gt; Lu\u1eadt Di tr\u00fa&gt; Doanh Nghi\u1ec7p&gt; Subclass 400 Visa l\u00e0m vi\u1ec7c t\u1ea1m th\u1eddi t\u1ea1i \u00dac Subclass 400 Visa l\u00e0m vi\u1ec7c t\u1ea1m th\u1eddi t\u1ea1i \u00dac Subclass 400 Temporary Work (Short Stay Specialist) visa allows a person to enter Australia to undertake a highly specialised form of non-ongoing work, or for those who has been invited [&hellip;]","og_url":"https:\/\/proactivelegal.com.au\/vn\/subclass-400-visa-lam-viec-tam-thoi-tai-uc\/","og_site_name":"ProActive Legal","article_modified_time":"2023-05-05T08:36:35+00:00","twitter_card":"summary_large_image","twitter_misc":{"Est. reading time":"1 minute"},"schema":{"@context":"https:\/\/schema.org","@graph":[{"@type":"WebPage","@id":"https:\/\/proactivelegal.com.au\/vn\/subclass-400-visa-lam-viec-tam-thoi-tai-uc\/","url":"https:\/\/proactivelegal.com.au\/vn\/subclass-400-visa-lam-viec-tam-thoi-tai-uc\/","name":"Subclass 400 Visa l\u00e0m vi\u1ec7c t\u1ea1m th\u1eddi t\u1ea1i \u00dac - ProActive Legal","isPartOf":{"@id":"https:\/\/proactivelegal.com.au\/#website"},"datePublished":"2023-05-04T14:24:05+00:00","dateModified":"2023-05-05T08:36:35+00:00","breadcrumb":{"@id":"https:\/\/proactivelegal.com.au\/vn\/subclass-400-visa-lam-viec-tam-thoi-tai-uc\/#breadcrumb"},"inLanguage":"vi-VN","potentialAction":[{"@type":"ReadAction","target":["https:\/\/proactivelegal.com.au\/vn\/subclass-400-visa-lam-viec-tam-thoi-tai-uc\/"]}]},{"@type":"BreadcrumbList","@id":"https:\/\/proactivelegal.com.au\/vn\/subclass-400-visa-lam-viec-tam-thoi-tai-uc\/#breadcrumb","itemListElement":[{"@type":"ListItem","position":1,"name":"\u9996\u9875","item":"https:\/\/proactivelegal.com.au\/vn\/"},{"@type":"ListItem","position":2,"name":"Subclass 400 Visa l\u00e0m vi\u1ec7c t\u1ea1m th\u1eddi t\u1ea1i \u00dac"}]},{"@type":"WebSite","@id":"https:\/\/proactivelegal.com.au\/#website","url":"https:\/\/proactivelegal.com.au\/","name":"ProActive Legal","description":"","potentialAction":[{"@type":"SearchAction","target":{"@type":"EntryPoint","urlTemplate":"https:\/\/proactivelegal.com.au\/?s={search_term_string}"},"query-input":"required name=search_term_string"}],"inLanguage":"vi-VN"}]}},"_links":{"self":[{"href":"https:\/\/proactivelegal.com.au\/vn\/wp-json\/wp\/v2\/pages\/14032","targetHints":{"allow":["GET"]}}],"collection":[{"href":"https:\/\/proactivelegal.com.au\/vn\/wp-json\/wp\/v2\/pages"}],"about":[{"href":"https:\/\/proactivelegal.com.au\/vn\/wp-json\/wp\/v2\/types\/page"}],"author":[{"embeddable":true,"href":"https:\/\/proactivelegal.com.au\/vn\/wp-json\/wp\/v2\/users\/1"}],"replies":[{"embeddable":true,"href":"https:\/\/proactivelegal.com.au\/vn\/wp-json\/wp\/v2\/comments?post=14032"}],"version-history":[{"count":8,"href":"https:\/\/proactivelegal.com.au\/vn\/wp-json\/wp\/v2\/pages\/14032\/revisions"}],"predecessor-version":[{"id":14542,"href":"https:\/\/proactivelegal.com.au\/vn\/wp-json\/wp\/v2\/pages\/14032\/revisions\/14542"}],"wp:attachment":[{"href":"https:\/\/proactivelegal.com.au\/vn\/wp-json\/wp\/v2\/media?parent=14032"}],"curies":[{"name":"wp","href":"https:\/\/api.w.org\/{rel}","templated":true}]}}