{"id":14027,"date":"2023-05-04T14:20:15","date_gmt":"2023-05-04T14:20:15","guid":{"rendered":"https:\/\/proactivelegal.com.au\/thi-thuc-chuong-trinh-de-cu-nha-tuyen-dung-subclass-186\/"},"modified":"2023-05-05T08:34:36","modified_gmt":"2023-05-05T08:34:36","slug":"subclass-186-visa-doanh-nghiep-bao-lanh","status":"publish","type":"page","link":"https:\/\/proactivelegal.com.au\/vn\/subclass-186-visa-doanh-nghiep-bao-lanh\/","title":{"rendered":"Subclass 186 Visa doanh nghi\u1ec7p b\u1ea3o l\u00e3nh"},"content":{"rendered":"\t\t<div data-elementor-type=\"wp-page\" data-elementor-id=\"14027\" class=\"elementor elementor-14027 elementor-7110\" data-elementor-post-type=\"page\">\n\t\t\t\t\t\t\t\t\t<section class=\"elementor-section elementor-top-section elementor-element elementor-element-cb4f671 elementor-section-boxed elementor-section-height-default elementor-section-height-default\" data-id=\"cb4f671\" data-element_type=\"section\">\n\t\t\t\t\t\t<div class=\"elementor-container elementor-column-gap-default\">\n\t\t\t\t\t<div class=\"elementor-column elementor-col-100 elementor-top-column elementor-element elementor-element-78db61a\" data-id=\"78db61a\" data-element_type=\"column\">\n\t\t\t<div class=\"elementor-widget-wrap elementor-element-populated\">\n\t\t\t\t\t\t\t\t<div class=\"elementor-element elementor-element-1670bd4 elementor-widget elementor-widget-text-editor\" data-id=\"1670bd4\" data-element_type=\"widget\" data-widget_type=\"text-editor.default\">\n\t\t\t\t<div class=\"elementor-widget-container\">\n\t\t\t<style>\/*! elementor - v3.15.0 - 09-08-2023 *\/\n.elementor-widget-text-editor.elementor-drop-cap-view-stacked .elementor-drop-cap{background-color:#69727d;color:#fff}.elementor-widget-text-editor.elementor-drop-cap-view-framed .elementor-drop-cap{color:#69727d;border:3px solid;background-color:transparent}.elementor-widget-text-editor:not(.elementor-drop-cap-view-default) .elementor-drop-cap{margin-top:8px}.elementor-widget-text-editor:not(.elementor-drop-cap-view-default) .elementor-drop-cap-letter{width:1em;height:1em}.elementor-widget-text-editor .elementor-drop-cap{float:left;text-align:center;line-height:1;font-size:50px}.elementor-widget-text-editor .elementor-drop-cap-letter{display:inline-block}<\/style>\t\t\t\t<p><a style=\"color: #000;\" href=\"https:\/\/proactivelegal.com.au\/vn\">Trang ch\u1ee7\u00a0<\/a>&gt; Lu\u1eadt Di tr\u00fa&gt; Doanh Nghi\u1ec7p&gt; Subclass 186 Visa doanh nghi\u1ec7p b\u1ea3o l\u00e3nh<\/p>\t\t\t\t\t\t<\/div>\n\t\t\t\t<\/div>\n\t\t\t\t<div class=\"elementor-element elementor-element-cf6e534 elementor-widget elementor-widget-text-editor\" data-id=\"cf6e534\" data-element_type=\"widget\" data-widget_type=\"text-editor.default\">\n\t\t\t\t<div class=\"elementor-widget-container\">\n\t\t\t\t\t\t\t<p>Subclass 186 Visa doanh nghi\u1ec7p b\u1ea3o l\u00e3nh<\/p>\t\t\t\t\t\t<\/div>\n\t\t\t\t<\/div>\n\t\t\t\t\t<\/div>\n\t\t<\/div>\n\t\t\t\t\t\t\t<\/div>\n\t\t<\/section>\n\t\t\t\t<section class=\"elementor-section elementor-top-section elementor-element elementor-element-9a65b9a elementor-section-boxed elementor-section-height-default elementor-section-height-default\" data-id=\"9a65b9a\" data-element_type=\"section\">\n\t\t\t\t\t\t<div class=\"elementor-container elementor-column-gap-default\">\n\t\t\t\t\t<div class=\"elementor-column elementor-col-100 elementor-top-column elementor-element elementor-element-6685e34\" data-id=\"6685e34\" data-element_type=\"column\">\n\t\t\t<div class=\"elementor-widget-wrap elementor-element-populated\">\n\t\t\t\t\t\t\t\t<div class=\"elementor-element elementor-element-03bcb5f elementor-widget elementor-widget-text-editor\" data-id=\"03bcb5f\" data-element_type=\"widget\" data-widget_type=\"text-editor.default\">\n\t\t\t\t<div class=\"elementor-widget-container\">\n\t\t\t\t\t\t\t<p>Ch\u01b0\u01a1ng tr\u00ecnh th\u1ecb th\u1ef1c Subclass 186 Employer Nomination Scheme (\u201cENS\u201d) cho ph\u00e9p c\u00e1c doanh nghi\u1ec7p ho\u1ea1t \u0111\u1ed9ng t\u1ea1i \u00dac \u0111\u1ec1 c\u1eed lao \u0111\u1ed9ng c\u00f3 tay ngh\u1ec1 n\u01b0\u1edbc ngo\u00e0i l\u00e0m vi\u1ec7c \u1edf m\u1ed9t v\u1ecb tr\u00ed ngh\u1ec1 nghi\u1ec7p c\u00f3 tay ngh\u1ec1 \u0111\u01b0\u1ee3c ch\u1ec9 \u0111\u1ecbnh c\u1ea7n thi\u1ebft trong \u00edt nh\u1ea5t 2 n\u0103m v\u00e0 ti\u1ebfp t\u1ee5c. \u0110\u00e2y l\u00e0 th\u1ecb th\u1ef1c th\u01b0\u1eddng tr\u00fa.<\/p>\n<\/p>\n<p>N\u00f3i chung, ngh\u1ec1 nghi\u1ec7p c\u00f3 k\u1ef9 n\u0103ng \u0111\u01b0\u1ee3c \u0111\u1ec1 c\u1eed ph\u1ea3i \u0111\u01b0\u1ee3c li\u1ec7t k\u00ea trong Danh s\u00e1ch K\u1ef9 n\u0103ng Chi\u1ebfn l\u01b0\u1ee3c Trung v\u00e0 D\u00e0i h\u1ea1n (MLTSSL). M\u1ed9t s\u1ed1 tr\u01b0\u1eddng h\u1ee3p mi\u1ec5n tr\u1eeb t\u1ed3n t\u1ea1i \u0111\u1ed1i v\u1edbi nh\u1eefng ng\u01b0\u1eddi c\u00f3 ho\u1eb7c tr\u01b0\u1edbc \u0111\u00e2y \u0111\u00e3 c\u00f3 th\u1ecb th\u1ef1c lao \u0111\u1ed9ng t\u1ea1m th\u1eddi (c\u00f3 tay ngh\u1ec1) lo\u1ea1i 457 ho\u1eb7c nh\u1eefng ng\u01b0\u1eddi c\u00f3 th\u1ecb th\u1ef1c lao \u0111\u1ed9ng t\u1ea1m th\u1eddi c\u00f3 tay ngh\u1ec1 thi\u1ebfu (c\u00f3 tay ngh\u1ec1) lo\u1ea1i 482 trong Lu\u1ed3ng ng\u1eafn h\u1ea1n trong \u0111\u1ea1i d\u1ecbch COVID.<\/p>\n<\/p>\n<p>C\u00f3 hai con \u0111\u01b0\u1eddng d\u01b0\u1edbi th\u1ecb th\u1ef1c n\u00e0y. V\u1edbi m\u1ed9t s\u1ed1 tr\u01b0\u1eddng h\u1ee3p mi\u1ec5n tr\u1eeb, y\u00eau c\u1ea7u c\u1ed1t l\u00f5i \u0111\u1ed1i v\u1edbi m\u1ed7i l\u1ed9 tr\u00ecnh l\u00e0:<\/p>\n<ul>\n<li>Direct Entry Stream\u2013 Ng\u01b0\u1eddi n\u1ed9p \u0111\u01a1n ph\u1ea3i d\u01b0\u1edbi 45 tu\u1ed5i, c\u00f3 \u00edt nh\u1ea5t 3 n\u0103m kinh nghi\u1ec7m l\u00e0m vi\u1ec7c trong ng\u00e0nh ngh\u1ec1 \u0111\u01b0\u1ee3c ch\u1ec9 \u0111\u1ecbnh, c\u00f3 tr\u00ecnh \u0111\u1ed9 ti\u1ebfng Anh th\u00e0nh th\u1ea1o v\u00e0 \u0111\u00e1nh gi\u00e1 k\u1ef9 n\u0103ng t\u00edch c\u1ef1c cho ng\u00e0nh ngh\u1ec1 \u0111\u01b0\u1ee3c ch\u1ec9 \u0111\u1ecbnh.<\/li>\n<li>Lu\u1ed3ng t\u1ea1m tr\u00fa chuy\u1ec3n ti\u1ebfp \u2013 Ng\u01b0\u1eddi n\u1ed9p \u0111\u01a1n ph\u1ea3i d\u01b0\u1edbi 45 tu\u1ed5i, c\u00f3 tr\u00ecnh \u0111\u1ed9 ti\u1ebfng Anh th\u00e0nh th\u1ea1o v\u00e0 \u0111\u00e3 l\u00e0m vi\u1ec7c trong ng\u00e0nh ngh\u1ec1 \u0111\u01b0\u1ee3c ch\u1ec9 \u0111\u1ecbnh \u00edt nh\u1ea5t 3 n\u0103m theo th\u1ecb th\u1ef1c 482 T\u1ea1m th\u1eddi thi\u1ebfu h\u1ee5t tay ngh\u1ec1 (c\u00f3 tay ngh\u1ec1).<\/li>\n<\/ul>\n<p>C\u00e1c y\u00eau c\u1ea7u v\u1ec1 tu\u1ed5i t\u00e1c, ti\u1ebfng Anh, kinh nghi\u1ec7m l\u00e0m vi\u1ec7c v\u00e0 \u0111\u00e1nh gi\u00e1 k\u1ef9 n\u0103ng \u0111\u01b0\u1ee3c mi\u1ec5n tr\u1eeb trong m\u1ed9t s\u1ed1 tr\u01b0\u1eddng h\u1ee3p h\u1ea1n ch\u1ebf.<\/p>\n\t\t\t\t\t\t<\/div>\n\t\t\t\t<\/div>\n\t\t\t\t\t<\/div>\n\t\t<\/div>\n\t\t\t\t\t\t\t<\/div>\n\t\t<\/section>\n\t\t\t\t\t\t\t<\/div>\n\t\t","protected":false},"excerpt":{"rendered":"<p>Trang ch\u1ee7\u00a0&gt; Lu\u1eadt Di tr\u00fa&gt; Doanh Nghi\u1ec7p&gt; Subclass 186 Visa doanh nghi\u1ec7p b\u1ea3o l\u00e3nh Subclass 186 Visa doanh nghi\u1ec7p b\u1ea3o l\u00e3nh Ch\u01b0\u01a1ng tr\u00ecnh th\u1ecb th\u1ef1c Subclass 186 Employer Nomination Scheme (\u201cENS\u201d) cho ph\u00e9p c\u00e1c doanh nghi\u1ec7p ho\u1ea1t \u0111\u1ed9ng t\u1ea1i \u00dac \u0111\u1ec1 c\u1eed lao \u0111\u1ed9ng c\u00f3 tay ngh\u1ec1 n\u01b0\u1edbc ngo\u00e0i l\u00e0m vi\u1ec7c \u1edf m\u1ed9t v\u1ecb tr\u00ed [&hellip;]<\/p>\n","protected":false},"author":1,"featured_media":0,"parent":0,"menu_order":0,"comment_status":"closed","ping_status":"closed","template":"","meta":{"footnotes":""},"class_list":["post-14027","page","type-page","status-publish","hentry"],"yoast_head":"<!-- This site is optimized with the Yoast SEO plugin v20.3 - https:\/\/yoast.com\/wordpress\/plugins\/seo\/ -->\n<title>Subclass 186 Visa doanh nghi\u1ec7p b\u1ea3o l\u00e3nh - ProActive Legal<\/title>\n<meta name=\"robots\" content=\"index, follow, max-snippet:-1, max-image-preview:large, max-video-preview:-1\" \/>\n<link rel=\"canonical\" href=\"https:\/\/proactivelegal.com.au\/vn\/subclass-186-visa-doanh-nghiep-bao-lanh\/\" \/>\n<meta property=\"og:locale\" content=\"vi_VN\" \/>\n<meta property=\"og:type\" content=\"article\" \/>\n<meta property=\"og:title\" content=\"Subclass 186 Visa doanh nghi\u1ec7p b\u1ea3o l\u00e3nh - ProActive Legal\" \/>\n<meta property=\"og:description\" content=\"Trang ch\u1ee7\u00a0&gt; Lu\u1eadt Di tr\u00fa&gt; Doanh Nghi\u1ec7p&gt; Subclass 186 Visa doanh nghi\u1ec7p b\u1ea3o l\u00e3nh Subclass 186 Visa doanh nghi\u1ec7p b\u1ea3o l\u00e3nh Ch\u01b0\u01a1ng tr\u00ecnh th\u1ecb th\u1ef1c Subclass 186 Employer Nomination Scheme (\u201cENS\u201d) cho ph\u00e9p c\u00e1c doanh nghi\u1ec7p ho\u1ea1t \u0111\u1ed9ng t\u1ea1i \u00dac \u0111\u1ec1 c\u1eed lao \u0111\u1ed9ng c\u00f3 tay ngh\u1ec1 n\u01b0\u1edbc ngo\u00e0i l\u00e0m vi\u1ec7c \u1edf m\u1ed9t v\u1ecb tr\u00ed [&hellip;]\" \/>\n<meta property=\"og:url\" content=\"https:\/\/proactivelegal.com.au\/vn\/subclass-186-visa-doanh-nghiep-bao-lanh\/\" \/>\n<meta property=\"og:site_name\" content=\"ProActive Legal\" \/>\n<meta property=\"article:modified_time\" content=\"2023-05-05T08:34:36+00:00\" \/>\n<meta name=\"twitter:card\" content=\"summary_large_image\" \/>\n<meta name=\"twitter:label1\" content=\"Est. reading time\" \/>\n\t<meta name=\"twitter:data1\" content=\"2 minutes\" \/>\n<script type=\"application\/ld+json\" class=\"yoast-schema-graph\">{\"@context\":\"https:\/\/schema.org\",\"@graph\":[{\"@type\":\"WebPage\",\"@id\":\"https:\/\/proactivelegal.com.au\/vn\/subclass-186-visa-doanh-nghiep-bao-lanh\/\",\"url\":\"https:\/\/proactivelegal.com.au\/vn\/subclass-186-visa-doanh-nghiep-bao-lanh\/\",\"name\":\"Subclass 186 Visa doanh nghi\u1ec7p b\u1ea3o l\u00e3nh - ProActive Legal\",\"isPartOf\":{\"@id\":\"https:\/\/proactivelegal.com.au\/#website\"},\"datePublished\":\"2023-05-04T14:20:15+00:00\",\"dateModified\":\"2023-05-05T08:34:36+00:00\",\"breadcrumb\":{\"@id\":\"https:\/\/proactivelegal.com.au\/vn\/subclass-186-visa-doanh-nghiep-bao-lanh\/#breadcrumb\"},\"inLanguage\":\"vi-VN\",\"potentialAction\":[{\"@type\":\"ReadAction\",\"target\":[\"https:\/\/proactivelegal.com.au\/vn\/subclass-186-visa-doanh-nghiep-bao-lanh\/\"]}]},{\"@type\":\"BreadcrumbList\",\"@id\":\"https:\/\/proactivelegal.com.au\/vn\/subclass-186-visa-doanh-nghiep-bao-lanh\/#breadcrumb\",\"itemListElement\":[{\"@type\":\"ListItem\",\"position\":1,\"name\":\"\u9996\u9875\",\"item\":\"https:\/\/proactivelegal.com.au\/vn\/\"},{\"@type\":\"ListItem\",\"position\":2,\"name\":\"Subclass 186 Visa doanh nghi\u1ec7p b\u1ea3o l\u00e3nh\"}]},{\"@type\":\"WebSite\",\"@id\":\"https:\/\/proactivelegal.com.au\/#website\",\"url\":\"https:\/\/proactivelegal.com.au\/\",\"name\":\"ProActive Legal\",\"description\":\"\",\"potentialAction\":[{\"@type\":\"SearchAction\",\"target\":{\"@type\":\"EntryPoint\",\"urlTemplate\":\"https:\/\/proactivelegal.com.au\/?s={search_term_string}\"},\"query-input\":\"required name=search_term_string\"}],\"inLanguage\":\"vi-VN\"}]}<\/script>\n<!-- \/ Yoast SEO plugin. -->","yoast_head_json":{"title":"Subclass 186 Visa doanh nghi\u1ec7p b\u1ea3o l\u00e3nh - ProActive Legal","robots":{"index":"index","follow":"follow","max-snippet":"max-snippet:-1","max-image-preview":"max-image-preview:large","max-video-preview":"max-video-preview:-1"},"canonical":"https:\/\/proactivelegal.com.au\/vn\/subclass-186-visa-doanh-nghiep-bao-lanh\/","og_locale":"vi_VN","og_type":"article","og_title":"Subclass 186 Visa doanh nghi\u1ec7p b\u1ea3o l\u00e3nh - ProActive Legal","og_description":"Trang ch\u1ee7\u00a0&gt; Lu\u1eadt Di tr\u00fa&gt; Doanh Nghi\u1ec7p&gt; Subclass 186 Visa doanh nghi\u1ec7p b\u1ea3o l\u00e3nh Subclass 186 Visa doanh nghi\u1ec7p b\u1ea3o l\u00e3nh Ch\u01b0\u01a1ng tr\u00ecnh th\u1ecb th\u1ef1c Subclass 186 Employer Nomination Scheme (\u201cENS\u201d) cho ph\u00e9p c\u00e1c doanh nghi\u1ec7p ho\u1ea1t \u0111\u1ed9ng t\u1ea1i \u00dac \u0111\u1ec1 c\u1eed lao \u0111\u1ed9ng c\u00f3 tay ngh\u1ec1 n\u01b0\u1edbc ngo\u00e0i l\u00e0m vi\u1ec7c \u1edf m\u1ed9t v\u1ecb tr\u00ed [&hellip;]","og_url":"https:\/\/proactivelegal.com.au\/vn\/subclass-186-visa-doanh-nghiep-bao-lanh\/","og_site_name":"ProActive Legal","article_modified_time":"2023-05-05T08:34:36+00:00","twitter_card":"summary_large_image","twitter_misc":{"Est. reading time":"2 minutes"},"schema":{"@context":"https:\/\/schema.org","@graph":[{"@type":"WebPage","@id":"https:\/\/proactivelegal.com.au\/vn\/subclass-186-visa-doanh-nghiep-bao-lanh\/","url":"https:\/\/proactivelegal.com.au\/vn\/subclass-186-visa-doanh-nghiep-bao-lanh\/","name":"Subclass 186 Visa doanh nghi\u1ec7p b\u1ea3o l\u00e3nh - ProActive Legal","isPartOf":{"@id":"https:\/\/proactivelegal.com.au\/#website"},"datePublished":"2023-05-04T14:20:15+00:00","dateModified":"2023-05-05T08:34:36+00:00","breadcrumb":{"@id":"https:\/\/proactivelegal.com.au\/vn\/subclass-186-visa-doanh-nghiep-bao-lanh\/#breadcrumb"},"inLanguage":"vi-VN","potentialAction":[{"@type":"ReadAction","target":["https:\/\/proactivelegal.com.au\/vn\/subclass-186-visa-doanh-nghiep-bao-lanh\/"]}]},{"@type":"BreadcrumbList","@id":"https:\/\/proactivelegal.com.au\/vn\/subclass-186-visa-doanh-nghiep-bao-lanh\/#breadcrumb","itemListElement":[{"@type":"ListItem","position":1,"name":"\u9996\u9875","item":"https:\/\/proactivelegal.com.au\/vn\/"},{"@type":"ListItem","position":2,"name":"Subclass 186 Visa doanh nghi\u1ec7p b\u1ea3o l\u00e3nh"}]},{"@type":"WebSite","@id":"https:\/\/proactivelegal.com.au\/#website","url":"https:\/\/proactivelegal.com.au\/","name":"ProActive Legal","description":"","potentialAction":[{"@type":"SearchAction","target":{"@type":"EntryPoint","urlTemplate":"https:\/\/proactivelegal.com.au\/?s={search_term_string}"},"query-input":"required name=search_term_string"}],"inLanguage":"vi-VN"}]}},"_links":{"self":[{"href":"https:\/\/proactivelegal.com.au\/vn\/wp-json\/wp\/v2\/pages\/14027","targetHints":{"allow":["GET"]}}],"collection":[{"href":"https:\/\/proactivelegal.com.au\/vn\/wp-json\/wp\/v2\/pages"}],"about":[{"href":"https:\/\/proactivelegal.com.au\/vn\/wp-json\/wp\/v2\/types\/page"}],"author":[{"embeddable":true,"href":"https:\/\/proactivelegal.com.au\/vn\/wp-json\/wp\/v2\/users\/1"}],"replies":[{"embeddable":true,"href":"https:\/\/proactivelegal.com.au\/vn\/wp-json\/wp\/v2\/comments?post=14027"}],"version-history":[{"count":8,"href":"https:\/\/proactivelegal.com.au\/vn\/wp-json\/wp\/v2\/pages\/14027\/revisions"}],"predecessor-version":[{"id":14538,"href":"https:\/\/proactivelegal.com.au\/vn\/wp-json\/wp\/v2\/pages\/14027\/revisions\/14538"}],"wp:attachment":[{"href":"https:\/\/proactivelegal.com.au\/vn\/wp-json\/wp\/v2\/media?parent=14027"}],"curies":[{"name":"wp","href":"https:\/\/api.w.org\/{rel}","templated":true}]}}