{"id":14022,"date":"2023-05-04T14:15:46","date_gmt":"2023-05-04T14:15:46","guid":{"rendered":"https:\/\/proactivelegal.com.au\/phan-loai-482-thi-thuc-thieu-tay-nghe-tam-thoi-co-tay-nghe\/"},"modified":"2023-05-05T08:32:43","modified_gmt":"2023-05-05T08:32:43","slug":"subclass-482-visa-tay-nghe-tam-tru","status":"publish","type":"page","link":"https:\/\/proactivelegal.com.au\/vn\/subclass-482-visa-tay-nghe-tam-tru\/","title":{"rendered":"Subclass 482 Visa tay ngh\u1ec1 t\u1ea1m tr\u00fa"},"content":{"rendered":"\t\t<div data-elementor-type=\"wp-page\" data-elementor-id=\"14022\" class=\"elementor elementor-14022 elementor-7091\" data-elementor-post-type=\"page\">\n\t\t\t\t\t\t\t\t\t<section class=\"elementor-section elementor-top-section elementor-element elementor-element-cb4f671 elementor-section-boxed elementor-section-height-default elementor-section-height-default\" data-id=\"cb4f671\" data-element_type=\"section\">\n\t\t\t\t\t\t<div class=\"elementor-container elementor-column-gap-default\">\n\t\t\t\t\t<div class=\"elementor-column elementor-col-100 elementor-top-column elementor-element elementor-element-78db61a\" data-id=\"78db61a\" data-element_type=\"column\">\n\t\t\t<div class=\"elementor-widget-wrap elementor-element-populated\">\n\t\t\t\t\t\t\t\t<div class=\"elementor-element elementor-element-1670bd4 elementor-widget elementor-widget-text-editor\" data-id=\"1670bd4\" data-element_type=\"widget\" data-widget_type=\"text-editor.default\">\n\t\t\t\t<div class=\"elementor-widget-container\">\n\t\t\t<style>\/*! elementor - v3.15.0 - 09-08-2023 *\/\n.elementor-widget-text-editor.elementor-drop-cap-view-stacked .elementor-drop-cap{background-color:#69727d;color:#fff}.elementor-widget-text-editor.elementor-drop-cap-view-framed .elementor-drop-cap{color:#69727d;border:3px solid;background-color:transparent}.elementor-widget-text-editor:not(.elementor-drop-cap-view-default) .elementor-drop-cap{margin-top:8px}.elementor-widget-text-editor:not(.elementor-drop-cap-view-default) .elementor-drop-cap-letter{width:1em;height:1em}.elementor-widget-text-editor .elementor-drop-cap{float:left;text-align:center;line-height:1;font-size:50px}.elementor-widget-text-editor .elementor-drop-cap-letter{display:inline-block}<\/style>\t\t\t\t<a style=\"color: #000\" href=\"https:\/\/proactivelegal.com.au\/vn\">Trang ch\u1ee7\u00a0<\/a>&gt; Lu\u1eadt Di tr\u00fa&gt; Doanh Nghi\u1ec7p&gt; Subclass 482 Visa tay ngh\u1ec1 t\u1ea1m tr\u00fa\t\t\t\t\t\t<\/div>\n\t\t\t\t<\/div>\n\t\t\t\t<div class=\"elementor-element elementor-element-cf6e534 elementor-widget elementor-widget-text-editor\" data-id=\"cf6e534\" data-element_type=\"widget\" data-widget_type=\"text-editor.default\">\n\t\t\t\t<div class=\"elementor-widget-container\">\n\t\t\t\t\t\t\t<p>Subclass 482 Visa tay ngh\u1ec1 t\u1ea1m tr\u00fa<\/p>\t\t\t\t\t\t<\/div>\n\t\t\t\t<\/div>\n\t\t\t\t\t<\/div>\n\t\t<\/div>\n\t\t\t\t\t\t\t<\/div>\n\t\t<\/section>\n\t\t\t\t<section class=\"elementor-section elementor-top-section elementor-element elementor-element-9a65b9a elementor-section-boxed elementor-section-height-default elementor-section-height-default\" data-id=\"9a65b9a\" data-element_type=\"section\">\n\t\t\t\t\t\t<div class=\"elementor-container elementor-column-gap-default\">\n\t\t\t\t\t<div class=\"elementor-column elementor-col-100 elementor-top-column elementor-element elementor-element-6685e34\" data-id=\"6685e34\" data-element_type=\"column\">\n\t\t\t<div class=\"elementor-widget-wrap elementor-element-populated\">\n\t\t\t\t\t\t\t\t<div class=\"elementor-element elementor-element-03bcb5f elementor-widget elementor-widget-text-editor\" data-id=\"03bcb5f\" data-element_type=\"widget\" data-widget_type=\"text-editor.default\">\n\t\t\t\t<div class=\"elementor-widget-container\">\n\t\t\t\t\t\t\t<p>Ch\u01b0\u01a1ng tr\u00ecnh th\u1ecb th\u1ef1c d\u00e0nh cho c\u00e1c doanh nghi\u1ec7p \u0111ang ho\u1ea1t \u0111\u1ed9ng t\u1ea1i \u00dac \u0111\u1ec1 c\u1eed v\u00e0 t\u00e0i tr\u1ee3 cho nh\u1eefng ng\u01b0\u1eddi lao \u0111\u1ed9ng c\u00f3 tay ngh\u1ec1 n\u01b0\u1edbc ngo\u00e0i t\u1ea1m th\u1eddi l\u00e0m vi\u1ec7c trong m\u1ed9t v\u1ecb tr\u00ed ngh\u1ec1 nghi\u1ec7p c\u00f3 tay ngh\u1ec1 \u0111\u01b0\u1ee3c ch\u1ec9 \u0111\u1ecbnh tr\u00ean c\u01a1 s\u1edf t\u1ea1m th\u1eddi.<\/p>\n<p>C\u00e1c ng\u00e0nh ngh\u1ec1 c\u00f3 tay ngh\u1ec1 \u0111\u1ee7 \u0111i\u1ec1u ki\u1ec7n \u0111\u1ec3 \u0111\u01b0\u1ee3c c\u1ea5p th\u1ecb th\u1ef1c TSS lo\u1ea1i 482 \u0111\u01b0\u1ee3c li\u1ec7t k\u00ea trong Danh s\u00e1ch Ngh\u1ec1 nghi\u1ec7p c\u00f3 Tay ngh\u1ec1 Ng\u1eafn h\u1ea1n (\u201cSTSOL\u201d) v\u00e0 Danh s\u00e1ch Tay ngh\u1ec1 Chi\u1ebfn l\u01b0\u1ee3c Trung v\u00e0 D\u00e0i h\u1ea1n (\u201cMLTSSL\u201d).<\/p>\n<p>Th\u1ecb th\u1ef1c TSS lo\u1ea1i 482 c\u00f3 th\u1ec3 \u0111\u01b0\u1ee3c c\u1ea5p trong th\u1eddi gian t\u1ed1i \u0111a l\u00e0 2 n\u0103m cho m\u1ed9t ngh\u1ec1 nghi\u1ec7p trong STSOL. \u0110\u00e2y \u0111\u01b0\u1ee3c g\u1ecdi l\u00e0 th\u1ecb th\u1ef1c D\u00f2ng ng\u1eafn h\u1ea1n TSS. N\u1ebfu ngh\u1ec1 nghi\u1ec7p n\u1eb1m trong MLTSSL, n\u00f3 c\u00f3 th\u1ec3 \u0111\u01b0\u1ee3c c\u1ea5p t\u1edbi 4 n\u0103m. \u0110\u00e2y \u0111\u01b0\u1ee3c g\u1ecdi l\u00e0 th\u1ecb th\u1ef1c Lu\u1ed3ng trung h\u1ea1n d\u00e0i h\u1ea1n TSS. \u0110\u1ed1i v\u1edbi th\u1ecb th\u1ef1c Lu\u1ed3ng ng\u1eafn h\u1ea1n TSS, m\u1ed9t doanh nghi\u1ec7p c\u00f3 th\u1ec3 \u0111\u1ec1 c\u1eed l\u1ea1i v\u00e0 t\u00e0i tr\u1ee3 cho c\u00f9ng m\u1ed9t nh\u00e2n vi\u00ean \u0111\u1ec3 c\u00f3 th\u00eam th\u1ecb th\u1ef1c Lu\u1ed3ng ng\u1eafn h\u1ea1n TSS ph\u00e2n l\u1edbp 482 c\u00f3 th\u1ec3 \u0111\u01b0\u1ee3c c\u1ea5p th\u00eam 2 n\u0103m.<\/p>\n<p>C\u00e1c doanh nghi\u1ec7p c\u0169ng c\u00f3 th\u1ec3 t\u00ecm c\u00e1ch \u0111\u00e0m ph\u00e1n \u0111\u1ec3 b\u1ea3o l\u00e3nh lao \u0111\u1ed9ng c\u00f3 tay ngh\u1ec1 n\u01b0\u1edbc ngo\u00e0i theo th\u1ecb th\u1ef1c n\u00e0y th\u00f4ng qua Th\u1ecfa thu\u1eadn lao \u0111\u1ed9ng. Th\u1ecfa thu\u1eadn lao \u0111\u1ed9ng c\u00f3 th\u1ec3 ph\u00f9 h\u1ee3p trong tr\u01b0\u1eddng h\u1ee3p nhu c\u1ea7u th\u1ef1c s\u1ef1 \u0111\u1ec3 ho\u00e0n th\u00e0nh c\u00e1c v\u1ecb tr\u00ed kh\u00f4ng th\u1ec3 l\u1ea5p \u0111\u1ea7y t\u1ea1i \u0111\u1ecba ph\u01b0\u01a1ng v\u00e0 ch\u01b0\u01a1ng tr\u00ecnh t\u00e0i tr\u1ee3 ti\u00eau chu\u1ea9n l\u00e0 kh\u00f4ng ph\u00f9 h\u1ee3p. V\u00ed d\u1ee5: ngh\u1ec1 nghi\u1ec7p kh\u00f4ng n\u1eb1m trong danh s\u00e1ch k\u1ef9 n\u0103ng \u0111\u1ee7 \u0111i\u1ec1u ki\u1ec7n c\u00f3 s\u1eb5n \u0111\u1ec3 t\u00e0i tr\u1ee3 ho\u1eb7c c\u00f3 m\u1ed9t tr\u01b0\u1eddng h\u1ee3p kinh doanh v\u1eefng ch\u1eafc \u0111\u1ec3 t\u00ecm ki\u1ebfm s\u1ef1 nh\u01b0\u1ee3ng b\u1ed9 \u0111\u1ed1i v\u1edbi m\u1ed9t s\u1ed1 y\u00eau c\u1ea7u ti\u00eau chu\u1ea9n nh\u01b0 y\u00eau c\u1ea7u v\u1ec1 ti\u1ebfng Anh, k\u1ef9 n\u0103ng v\u00e0 tr\u00ecnh \u0111\u1ed9 chuy\u00ean m\u00f4n.<\/p>\n<p>N\u00f3i chung, c\u00f4ng nh\u00e2n l\u00e0nh ngh\u1ec1 \u0111\u01b0\u1ee3c t\u00e0i tr\u1ee3 ph\u1ea3i c\u00f3 c\u00e1c k\u1ef9 n\u0103ng v\u00e0\/ho\u1eb7c tr\u00ecnh \u0111\u1ed9 chuy\u00ean m\u00f4n c\u1ea7n thi\u1ebft \u0111\u1ec3 th\u1ef1c hi\u1ec7n \u1edf v\u1ecb tr\u00ed \u0111\u01b0\u1ee3c ch\u1ec9 \u0111\u1ecbnh, c\u00f3 \u00edt nh\u1ea5t 2 n\u0103m kinh nghi\u1ec7m l\u00e0m vi\u1ec7c trong ngh\u1ec1 ho\u1eb7c l\u0129nh v\u1ef1c li\u00ean quan kh\u00e9p k\u00edn v\u00e0 \u0111\u00e1p \u1ee9ng y\u00eau c\u1ea7u v\u1ec1 ti\u1ebfng Anh.<\/p>\n<p>\u0110\u1ed1i v\u1edbi nh\u1eefng ng\u01b0\u1eddi lao \u0111\u1ed9ng c\u00f3 tay ngh\u1ec1 n\u01b0\u1edbc ngo\u00e0i \u0111\u01b0\u1ee3c t\u00e0i tr\u1ee3 \u0111\u1ec3 l\u00e0m vi\u1ec7c trong c\u00e1c ng\u00e0nh ngh\u1ec1 \u0111\u01b0\u1ee3c ch\u1ec9 \u0111\u1ecbnh theo MLTSSL, ch\u1ee7 lao \u0111\u1ed9ng c\u1ee7a h\u1ecd c\u00f3 kh\u1ea3 n\u0103ng \u0111\u1ec1 c\u1eed h\u1ecd cho th\u1ecb th\u1ef1c Ch\u01b0\u01a1ng tr\u00ecnh \u0110\u1ec1 c\u1eed Nh\u00e0 tuy\u1ec3n d\u1ee5ng 186 v\u0129nh vi\u1ec5n sau khi h\u1ecd \u0111\u00e3 l\u00e0m vi\u1ec7c \u1edf v\u1ecb tr\u00ed \u0111\u00f3 \u00edt nh\u1ea5t 3 n\u0103m v\u00e0 v\u1ecb tr\u00ed \u0111\u00f3 v\u1eabn c\u1ea7n thi\u1ebft trong \u00edt nh\u1ea5t 2 n\u0103m.<\/p>\n<p>V\u00e0o ng\u00e0y 18 th\u00e1ng 3 n\u0103m 2022, nh\u01b0 m\u1ed9t ph\u1ea7n trong c\u00e1c bi\u1ec7n ph\u00e1p ph\u1ee5c h\u1ed3i sau \u0111\u1ea1i d\u1ecbch COVID c\u1ee7a Ch\u00ednh ph\u1ee7 \u00dac, nh\u1eefng ng\u01b0\u1eddi \u0111ang c\u00f3 th\u1ecb th\u1ef1c TSS lo\u1ea1i 482 \u0111ang l\u00e0m vi\u1ec7c trong m\u1ed9t ng\u00e0nh ngh\u1ec1 thu\u1ed9c STSOL trong th\u1eddi k\u1ef3 \u0111\u1ea1i d\u1ecbch COVID c\u0169ng c\u00f3 kh\u1ea3 n\u0103ng \u0111\u01b0\u1ee3c ch\u1ee7 lao \u0111\u1ed9ng c\u1ee7a h\u1ecd \u0111\u1ec1 c\u1eed cho th\u1ecb th\u1ef1c ch\u01b0\u01a1ng tr\u00ecnh \u0111\u1ec1 c\u1eed ng\u01b0\u1eddi s\u1eed d\u1ee5ng lao \u0111\u1ed9ng 186 v\u0129nh vi\u1ec5n.<\/p>\n\t\t\t\t\t\t<\/div>\n\t\t\t\t<\/div>\n\t\t\t\t\t<\/div>\n\t\t<\/div>\n\t\t\t\t\t\t\t<\/div>\n\t\t<\/section>\n\t\t\t\t\t\t\t<\/div>\n\t\t","protected":false},"excerpt":{"rendered":"<p>Home &gt; Immigration Law &gt; Corporate &gt; Subclass 482 Temporary Skilled Shortage (Skilled) visa Ph\u00e2n lo\u1ea1i 482 th\u1ecb th\u1ef1c thi\u1ebfu tay ngh\u1ec1 t\u1ea1m th\u1eddi (c\u00f3 tay ngh\u1ec1) Ch\u01b0\u01a1ng tr\u00ecnh th\u1ecb th\u1ef1c d\u00e0nh cho c\u00e1c doanh nghi\u1ec7p \u0111ang ho\u1ea1t \u0111\u1ed9ng t\u1ea1i \u00dac \u0111\u1ec1 c\u1eed v\u00e0 t\u00e0i tr\u1ee3 cho nh\u1eefng ng\u01b0\u1eddi lao \u0111\u1ed9ng c\u00f3 tay ngh\u1ec1 n\u01b0\u1edbc [&hellip;]<\/p>\n","protected":false},"author":1,"featured_media":0,"parent":0,"menu_order":0,"comment_status":"closed","ping_status":"closed","template":"","meta":{"footnotes":""},"class_list":["post-14022","page","type-page","status-publish","hentry"],"yoast_head":"<!-- This site is optimized with the Yoast SEO plugin v20.3 - https:\/\/yoast.com\/wordpress\/plugins\/seo\/ -->\n<title>Subclass 482 Visa tay ngh\u1ec1 t\u1ea1m tr\u00fa - ProActive Legal<\/title>\n<meta name=\"robots\" content=\"index, follow, max-snippet:-1, max-image-preview:large, max-video-preview:-1\" \/>\n<link rel=\"canonical\" href=\"https:\/\/proactivelegal.com.au\/vn\/subclass-482-visa-tay-nghe-tam-tru\/\" \/>\n<meta property=\"og:locale\" content=\"vi_VN\" \/>\n<meta property=\"og:type\" content=\"article\" \/>\n<meta property=\"og:title\" content=\"Subclass 482 Visa tay ngh\u1ec1 t\u1ea1m tr\u00fa - ProActive Legal\" \/>\n<meta property=\"og:description\" content=\"Home &gt; Immigration Law &gt; Corporate &gt; Subclass 482 Temporary Skilled Shortage (Skilled) visa Ph\u00e2n lo\u1ea1i 482 th\u1ecb th\u1ef1c thi\u1ebfu tay ngh\u1ec1 t\u1ea1m th\u1eddi (c\u00f3 tay ngh\u1ec1) Ch\u01b0\u01a1ng tr\u00ecnh th\u1ecb th\u1ef1c d\u00e0nh cho c\u00e1c doanh nghi\u1ec7p \u0111ang ho\u1ea1t \u0111\u1ed9ng t\u1ea1i \u00dac \u0111\u1ec1 c\u1eed v\u00e0 t\u00e0i tr\u1ee3 cho nh\u1eefng ng\u01b0\u1eddi lao \u0111\u1ed9ng c\u00f3 tay ngh\u1ec1 n\u01b0\u1edbc [&hellip;]\" \/>\n<meta property=\"og:url\" content=\"https:\/\/proactivelegal.com.au\/vn\/subclass-482-visa-tay-nghe-tam-tru\/\" \/>\n<meta property=\"og:site_name\" content=\"ProActive Legal\" \/>\n<meta property=\"article:modified_time\" content=\"2023-05-05T08:32:43+00:00\" \/>\n<meta name=\"twitter:card\" content=\"summary_large_image\" \/>\n<meta name=\"twitter:label1\" content=\"Est. reading time\" \/>\n\t<meta name=\"twitter:data1\" content=\"3 minutes\" \/>\n<script type=\"application\/ld+json\" class=\"yoast-schema-graph\">{\"@context\":\"https:\/\/schema.org\",\"@graph\":[{\"@type\":\"WebPage\",\"@id\":\"https:\/\/proactivelegal.com.au\/vn\/subclass-482-visa-tay-nghe-tam-tru\/\",\"url\":\"https:\/\/proactivelegal.com.au\/vn\/subclass-482-visa-tay-nghe-tam-tru\/\",\"name\":\"Subclass 482 Visa tay ngh\u1ec1 t\u1ea1m tr\u00fa - ProActive Legal\",\"isPartOf\":{\"@id\":\"https:\/\/proactivelegal.com.au\/#website\"},\"datePublished\":\"2023-05-04T14:15:46+00:00\",\"dateModified\":\"2023-05-05T08:32:43+00:00\",\"breadcrumb\":{\"@id\":\"https:\/\/proactivelegal.com.au\/vn\/subclass-482-visa-tay-nghe-tam-tru\/#breadcrumb\"},\"inLanguage\":\"vi-VN\",\"potentialAction\":[{\"@type\":\"ReadAction\",\"target\":[\"https:\/\/proactivelegal.com.au\/vn\/subclass-482-visa-tay-nghe-tam-tru\/\"]}]},{\"@type\":\"BreadcrumbList\",\"@id\":\"https:\/\/proactivelegal.com.au\/vn\/subclass-482-visa-tay-nghe-tam-tru\/#breadcrumb\",\"itemListElement\":[{\"@type\":\"ListItem\",\"position\":1,\"name\":\"\u9996\u9875\",\"item\":\"https:\/\/proactivelegal.com.au\/vn\/\"},{\"@type\":\"ListItem\",\"position\":2,\"name\":\"Subclass 482 Visa tay ngh\u1ec1 t\u1ea1m tr\u00fa\"}]},{\"@type\":\"WebSite\",\"@id\":\"https:\/\/proactivelegal.com.au\/#website\",\"url\":\"https:\/\/proactivelegal.com.au\/\",\"name\":\"ProActive Legal\",\"description\":\"\",\"potentialAction\":[{\"@type\":\"SearchAction\",\"target\":{\"@type\":\"EntryPoint\",\"urlTemplate\":\"https:\/\/proactivelegal.com.au\/?s={search_term_string}\"},\"query-input\":\"required name=search_term_string\"}],\"inLanguage\":\"vi-VN\"}]}<\/script>\n<!-- \/ Yoast SEO plugin. -->","yoast_head_json":{"title":"Subclass 482 Visa tay ngh\u1ec1 t\u1ea1m tr\u00fa - ProActive Legal","robots":{"index":"index","follow":"follow","max-snippet":"max-snippet:-1","max-image-preview":"max-image-preview:large","max-video-preview":"max-video-preview:-1"},"canonical":"https:\/\/proactivelegal.com.au\/vn\/subclass-482-visa-tay-nghe-tam-tru\/","og_locale":"vi_VN","og_type":"article","og_title":"Subclass 482 Visa tay ngh\u1ec1 t\u1ea1m tr\u00fa - ProActive Legal","og_description":"Home &gt; Immigration Law &gt; Corporate &gt; Subclass 482 Temporary Skilled Shortage (Skilled) visa Ph\u00e2n lo\u1ea1i 482 th\u1ecb th\u1ef1c thi\u1ebfu tay ngh\u1ec1 t\u1ea1m th\u1eddi (c\u00f3 tay ngh\u1ec1) Ch\u01b0\u01a1ng tr\u00ecnh th\u1ecb th\u1ef1c d\u00e0nh cho c\u00e1c doanh nghi\u1ec7p \u0111ang ho\u1ea1t \u0111\u1ed9ng t\u1ea1i \u00dac \u0111\u1ec1 c\u1eed v\u00e0 t\u00e0i tr\u1ee3 cho nh\u1eefng ng\u01b0\u1eddi lao \u0111\u1ed9ng c\u00f3 tay ngh\u1ec1 n\u01b0\u1edbc [&hellip;]","og_url":"https:\/\/proactivelegal.com.au\/vn\/subclass-482-visa-tay-nghe-tam-tru\/","og_site_name":"ProActive Legal","article_modified_time":"2023-05-05T08:32:43+00:00","twitter_card":"summary_large_image","twitter_misc":{"Est. reading time":"3 minutes"},"schema":{"@context":"https:\/\/schema.org","@graph":[{"@type":"WebPage","@id":"https:\/\/proactivelegal.com.au\/vn\/subclass-482-visa-tay-nghe-tam-tru\/","url":"https:\/\/proactivelegal.com.au\/vn\/subclass-482-visa-tay-nghe-tam-tru\/","name":"Subclass 482 Visa tay ngh\u1ec1 t\u1ea1m tr\u00fa - ProActive Legal","isPartOf":{"@id":"https:\/\/proactivelegal.com.au\/#website"},"datePublished":"2023-05-04T14:15:46+00:00","dateModified":"2023-05-05T08:32:43+00:00","breadcrumb":{"@id":"https:\/\/proactivelegal.com.au\/vn\/subclass-482-visa-tay-nghe-tam-tru\/#breadcrumb"},"inLanguage":"vi-VN","potentialAction":[{"@type":"ReadAction","target":["https:\/\/proactivelegal.com.au\/vn\/subclass-482-visa-tay-nghe-tam-tru\/"]}]},{"@type":"BreadcrumbList","@id":"https:\/\/proactivelegal.com.au\/vn\/subclass-482-visa-tay-nghe-tam-tru\/#breadcrumb","itemListElement":[{"@type":"ListItem","position":1,"name":"\u9996\u9875","item":"https:\/\/proactivelegal.com.au\/vn\/"},{"@type":"ListItem","position":2,"name":"Subclass 482 Visa tay ngh\u1ec1 t\u1ea1m tr\u00fa"}]},{"@type":"WebSite","@id":"https:\/\/proactivelegal.com.au\/#website","url":"https:\/\/proactivelegal.com.au\/","name":"ProActive Legal","description":"","potentialAction":[{"@type":"SearchAction","target":{"@type":"EntryPoint","urlTemplate":"https:\/\/proactivelegal.com.au\/?s={search_term_string}"},"query-input":"required name=search_term_string"}],"inLanguage":"vi-VN"}]}},"_links":{"self":[{"href":"https:\/\/proactivelegal.com.au\/vn\/wp-json\/wp\/v2\/pages\/14022","targetHints":{"allow":["GET"]}}],"collection":[{"href":"https:\/\/proactivelegal.com.au\/vn\/wp-json\/wp\/v2\/pages"}],"about":[{"href":"https:\/\/proactivelegal.com.au\/vn\/wp-json\/wp\/v2\/types\/page"}],"author":[{"embeddable":true,"href":"https:\/\/proactivelegal.com.au\/vn\/wp-json\/wp\/v2\/users\/1"}],"replies":[{"embeddable":true,"href":"https:\/\/proactivelegal.com.au\/vn\/wp-json\/wp\/v2\/comments?post=14022"}],"version-history":[{"count":9,"href":"https:\/\/proactivelegal.com.au\/vn\/wp-json\/wp\/v2\/pages\/14022\/revisions"}],"predecessor-version":[{"id":14534,"href":"https:\/\/proactivelegal.com.au\/vn\/wp-json\/wp\/v2\/pages\/14022\/revisions\/14534"}],"wp:attachment":[{"href":"https:\/\/proactivelegal.com.au\/vn\/wp-json\/wp\/v2\/media?parent=14022"}],"curies":[{"name":"wp","href":"https:\/\/api.w.org\/{rel}","templated":true}]}}