{"id":13225,"date":"2023-04-03T07:34:54","date_gmt":"2023-04-03T07:34:54","guid":{"rendered":"https:\/\/proactivelegal.com.au\/?page_id=13225"},"modified":"2023-06-26T08:03:28","modified_gmt":"2023-06-26T08:03:28","slug":"tho-nguyen","status":"publish","type":"page","link":"https:\/\/proactivelegal.com.au\/vn\/tho-nguyen\/","title":{"rendered":"Tho Nguyen"},"content":{"rendered":"\t\t<div data-elementor-type=\"wp-page\" data-elementor-id=\"13225\" class=\"elementor elementor-13225\" data-elementor-post-type=\"page\">\n\t\t\t\t\t\t\t\t\t<section class=\"elementor-section elementor-top-section elementor-element elementor-element-190a6d1f elementor-section-boxed elementor-section-height-default elementor-section-height-default\" data-id=\"190a6d1f\" data-element_type=\"section\">\n\t\t\t\t\t\t<div class=\"elementor-container elementor-column-gap-default\">\n\t\t\t\t\t<div class=\"elementor-column elementor-col-100 elementor-top-column elementor-element elementor-element-45d60c7e\" data-id=\"45d60c7e\" data-element_type=\"column\">\n\t\t\t<div class=\"elementor-widget-wrap elementor-element-populated\">\n\t\t\t\t\t\t\t\t<div class=\"elementor-element elementor-element-704e7023 elementor-widget elementor-widget-text-editor\" data-id=\"704e7023\" data-element_type=\"widget\" data-widget_type=\"text-editor.default\">\n\t\t\t\t<div class=\"elementor-widget-container\">\n\t\t\t<style>\/*! elementor - v3.15.0 - 09-08-2023 *\/\n.elementor-widget-text-editor.elementor-drop-cap-view-stacked .elementor-drop-cap{background-color:#69727d;color:#fff}.elementor-widget-text-editor.elementor-drop-cap-view-framed .elementor-drop-cap{color:#69727d;border:3px solid;background-color:transparent}.elementor-widget-text-editor:not(.elementor-drop-cap-view-default) .elementor-drop-cap{margin-top:8px}.elementor-widget-text-editor:not(.elementor-drop-cap-view-default) .elementor-drop-cap-letter{width:1em;height:1em}.elementor-widget-text-editor .elementor-drop-cap{float:left;text-align:center;line-height:1;font-size:50px}.elementor-widget-text-editor .elementor-drop-cap-letter{display:inline-block}<\/style>\t\t\t\t<p><a style=\"color: var( --e-global-color-d90d778 );\" href=\"https:\/\/proactivelegal.com.au\/vn\">Trang Ch\u1ee7<\/a> &gt; <a style=\"color: var( --e-global-color-d90d778 );\" href=\"https:\/\/proactivelegal.com.au\/vn\/team\/\">V\u1ec1 ch\u00fang t\u00f4i\u00a0<\/a>\u00a0&gt;\u00a0<a style=\"color: var( --e-global-color-d90d778 );\" href=\"https:\/\/proactivelegal.com.au\/vn\/team\/\">\u0110\u1ed9i ng\u0169 c\u1ee7a ch\u00fang t\u00f4i\u00a0<\/a>&gt; Tho Nguyen<\/p>\t\t\t\t\t\t<\/div>\n\t\t\t\t<\/div>\n\t\t\t\t\t<\/div>\n\t\t<\/div>\n\t\t\t\t\t\t\t<\/div>\n\t\t<\/section>\n\t\t\t\t<section class=\"elementor-section elementor-top-section elementor-element elementor-element-743c3371 elementor-reverse-mobile elementor-section-boxed elementor-section-height-default elementor-section-height-default\" data-id=\"743c3371\" data-element_type=\"section\">\n\t\t\t\t\t\t<div class=\"elementor-container elementor-column-gap-default\">\n\t\t\t\t\t<div class=\"elementor-column elementor-col-50 elementor-top-column elementor-element elementor-element-42825759\" data-id=\"42825759\" data-element_type=\"column\">\n\t\t\t<div class=\"elementor-widget-wrap elementor-element-populated\">\n\t\t\t\t\t\t\t\t<div class=\"elementor-element elementor-element-5bf4e436 elementor-widget elementor-widget-text-editor\" data-id=\"5bf4e436\" data-element_type=\"widget\" data-widget_type=\"text-editor.default\">\n\t\t\t\t<div class=\"elementor-widget-container\">\n\t\t\t\t\t\t\t<p>Tho Nguyen<\/p>\t\t\t\t\t\t<\/div>\n\t\t\t\t<\/div>\n\t\t\t\t<div class=\"elementor-element elementor-element-5828116a elementor-widget elementor-widget-text-editor\" data-id=\"5828116a\" data-element_type=\"widget\" data-widget_type=\"text-editor.default\">\n\t\t\t\t<div class=\"elementor-widget-container\">\n\t\t\t\t\t\t\t<p>&#8220;GI\u1ea2I PH\u00c1P T\u1ed0T NH\u1ea4T L\u00c0 M\u1ed8T GI\u1ea2I PH\u00c1P PH\u00d9 H\u1ee2P, K\u1ecaP TH\u1edcI V\u00c0 CH\u00cdNH X\u00c1C&#8221; <br \/><br \/>T\u1ed1t nghi\u1ec7p Th\u1ea1c s\u0129 v\u00e0 Ti\u1ebfn s\u0129 t\u1ea1i \u0110\u1ea1i h\u1ecdc Monash danh ti\u1ebfng, Th\u1ecd Nguy\u1ec5n \u0111\u00e3 c\u00f3 nhi\u1ec1u kinh nghi\u1ec7m l\u00e0m vi\u1ec7c v\u1edbi c\u00e1c doanh nghi\u1ec7p t\u1ea1i Vi\u1ec7t Nam v\u00e0 \u00dac. L\u00e0 m\u1ed9t t\u01b0 v\u1ea5n di tr\u00fa\u00a0 b\u1edfi ch\u00ednh ph\u1ee7 \u00dac, anh c\u00f9ng \u0111\u1ed9i ng\u0169 t\u01b0 v\u1ea5n ProActive Legal \u0111\u00e3 gi\u00fap \u0111\u1ee1 nhi\u1ec1u kh\u00e1ch h\u00e0ng chu\u1ea9n b\u1ecb h\u1ed3 s\u01a1 di tr\u00fa \u0111\u1ecbnh c\u01b0 di\u1ec7n \u0111\u1ea7u t\u01b0, c\u0169ng nh\u01b0 c\u00e1c lo\u1ea1i h\u00ecnh di tr\u00fa kh\u00e1c.<br \/><br \/><br \/>B\u1eb1ng ki\u1ebfn th\u1ee9c chuy\u00ean m\u00f4n cao v\u00e0 kh\u1ea3 n\u0103ng ph\u00e2n t\u00edch c\u1eb7n k\u1ebd, anh lu\u00f4n \u0111\u1ea3m b\u1ea3o kh\u00e1ch h\u00e0ng c\u00f3 m\u1ed9t c\u00e1i nh\u00ecn th\u1ea5u \u0111\u00e1o v\u1ec1 h\u1ed3 s\u01a1 c\u1ee7a m\u00ecnh. Sau \u0111\u00f3, kh\u00e1ch h\u00e0ng s\u1ebd \u0111\u01b0\u1ee3c t\u01b0 v\u1ea5n v\u1ec1 h\u01b0\u1edbng \u0111i hi\u1ec7u qu\u1ea3 nh\u1ea5t, c\u0169ng nh\u01b0 ti\u1ebft ki\u1ec7m v\u1ec1 th\u1eddi gian v\u00e0 chi ph\u00ed. Anh c\u0169ng l\u00e0 kh\u00e1ch m\u1eddi th\u01b0\u1eddng xuy\u00ean cho chuy\u00ean m\u1ee5c Di tr\u00fa c\u1ee7a \u0111\u00e0i truy\u1ec1n h\u00ecnh SBS Australia.<br \/><br \/><br \/>Ngo\u00e0i ki\u1ebfn th\u1ee9c chuy\u00ean m\u00f4n, Th\u1ecd c\u0169ng c\u00f3 h\u01a1n 10 n\u0103m sinh s\u1ed1ng v\u00e0 l\u00e0m vi\u1ec7c t\u1ea1i Melbourne. Anh kh\u00f4ng ch\u1ec9 t\u01b0 v\u1ea5n v\u1ec1 v\u1ea5n \u0111\u1ec1 di tr\u00fa m\u00e0 c\u00f2n c\u00f3 th\u1ec3 chia s\u1ebb th\u00eam c\u00e1c th\u00f4ng tin v\u1ec1 sinh s\u1ed1ng, \u0111\u1ea7u t\u01b0, c\u0169ng nh\u01b0 h\u1ec7 th\u1ed1ng gi\u00e1o d\u1ee5c t\u1ea1i \u00dac.<\/p>\t\t\t\t\t\t<\/div>\n\t\t\t\t<\/div>\n\t\t\t\t\t<\/div>\n\t\t<\/div>\n\t\t\t\t<div class=\"elementor-column elementor-col-50 elementor-top-column elementor-element elementor-element-4893b82c\" data-id=\"4893b82c\" data-element_type=\"column\">\n\t\t\t<div class=\"elementor-widget-wrap elementor-element-populated\">\n\t\t\t\t\t\t\t\t<div class=\"elementor-element elementor-element-350255c6 elementor-widget elementor-widget-image\" data-id=\"350255c6\" data-element_type=\"widget\" data-widget_type=\"image.default\">\n\t\t\t\t<div class=\"elementor-widget-container\">\n\t\t\t<style>\/*! elementor - v3.15.0 - 09-08-2023 *\/\n.elementor-widget-image{text-align:center}.elementor-widget-image a{display:inline-block}.elementor-widget-image a img[src$=\".svg\"]{width:48px}.elementor-widget-image img{vertical-align:middle;display:inline-block}<\/style>\t\t\t\t\t\t\t\t\t\t\t\t<img loading=\"lazy\" decoding=\"async\" width=\"408\" height=\"486\" src=\"https:\/\/proactivelegal.com.au\/wp-content\/uploads\/2023\/04\/Background323.png\" class=\"attachment-full size-full wp-image-13244\" alt=\"\" srcset=\"https:\/\/proactivelegal.com.au\/wp-content\/uploads\/2023\/04\/Background323.png 408w, https:\/\/proactivelegal.com.au\/wp-content\/uploads\/2023\/04\/Background323-252x300.png 252w\" sizes=\"auto, (max-width: 408px) 100vw, 408px\" \/>\t\t\t\t\t\t\t\t\t\t\t\t\t\t\t<\/div>\n\t\t\t\t<\/div>\n\t\t\t\t<div class=\"elementor-element elementor-element-4164bc10 elementor-hidden-mobile elementor-widget elementor-widget-text-editor\" data-id=\"4164bc10\" data-element_type=\"widget\" data-widget_type=\"text-editor.default\">\n\t\t\t\t<div class=\"elementor-widget-container\">\n\t\t\t\t\t\t\t<p><strong>Tr\u00ecnh \u0111\u1ed9 chuy\u00ean m\u00f4n v\u00e0 hi\u1ec7p h\u1ed9i ngh\u1ec1 nghi\u1ec7p:<\/strong><\/p><ul><li><p><span data-contrast=\"auto\">C\u1ed1 v\u1ea5n Di tr\u00fa \u0111\u01b0\u1ee3c c\u1ea5p ph\u00e9p (MARN: 1803323)<\/span><span data-ccp-props=\"{}\">\u00a0<\/span><\/p><\/li><li><p><span data-contrast=\"auto\">Th\u00e0nh vi\u00ean Vi\u1ec7n Di tr\u00fa \u00dac<\/span><span data-ccp-props=\"{}\">\u00a0<\/span><\/p><\/li><li><p><span data-contrast=\"auto\">Ti\u1ebfn s\u0129 (PhD)<\/span><span data-ccp-props=\"{}\">\u00a0<\/span><\/p><\/li><li><p><span data-contrast=\"auto\">Ch\u1ee9ng ch\u1ec9 Lu\u1eadt Di tr\u00fa \u00dac<\/span><span data-ccp-props=\"{}\">\u00a0<\/span><\/p><\/li><li><p><span data-contrast=\"auto\">Kh\u00e1ch m\u1eddi cho chuy\u00ean m\u1ee5c Di tr\u00fa c\u1ee7a \u0111\u00e0i truy\u1ec1n h\u00ecnh SBS Australia<\/span><\/p><\/li><\/ul>\t\t\t\t\t\t<\/div>\n\t\t\t\t<\/div>\n\t\t\t\t\t<\/div>\n\t\t<\/div>\n\t\t\t\t\t\t\t<\/div>\n\t\t<\/section>\n\t\t\t\t\t\t\t<\/div>\n\t\t","protected":false},"excerpt":{"rendered":"<p>Trang Ch\u1ee7 &gt; V\u1ec1 ch\u00fang t\u00f4i\u00a0\u00a0&gt;\u00a0\u0110\u1ed9i ng\u0169 c\u1ee7a ch\u00fang t\u00f4i\u00a0&gt; Tho Nguyen Tho Nguyen &#8220;GI\u1ea2I PH\u00c1P T\u1ed0T NH\u1ea4T L\u00c0 M\u1ed8T GI\u1ea2I PH\u00c1P PH\u00d9 H\u1ee2P, K\u1ecaP TH\u1edcI V\u00c0 CH\u00cdNH X\u00c1C&#8221; T\u1ed1t nghi\u1ec7p Th\u1ea1c s\u0129 v\u00e0 Ti\u1ebfn s\u0129 t\u1ea1i \u0110\u1ea1i h\u1ecdc Monash danh ti\u1ebfng, Th\u1ecd Nguy\u1ec5n \u0111\u00e3 c\u00f3 nhi\u1ec1u kinh nghi\u1ec7m l\u00e0m vi\u1ec7c v\u1edbi c\u00e1c doanh nghi\u1ec7p [&hellip;]<\/p>\n","protected":false},"author":2,"featured_media":0,"parent":0,"menu_order":0,"comment_status":"closed","ping_status":"closed","template":"","meta":{"footnotes":""},"class_list":["post-13225","page","type-page","status-publish","hentry"],"yoast_head":"<!-- This site is optimized with the Yoast SEO plugin v20.3 - https:\/\/yoast.com\/wordpress\/plugins\/seo\/ -->\n<title>Tho Nguyen - ProActive Legal<\/title>\n<meta name=\"robots\" content=\"index, follow, max-snippet:-1, max-image-preview:large, max-video-preview:-1\" \/>\n<link rel=\"canonical\" href=\"https:\/\/proactivelegal.com.au\/vn\/tho-nguyen\/\" \/>\n<meta property=\"og:locale\" content=\"vi_VN\" \/>\n<meta property=\"og:type\" content=\"article\" \/>\n<meta property=\"og:title\" content=\"Tho Nguyen - ProActive Legal\" \/>\n<meta property=\"og:description\" content=\"Trang Ch\u1ee7 &gt; V\u1ec1 ch\u00fang t\u00f4i\u00a0\u00a0&gt;\u00a0\u0110\u1ed9i ng\u0169 c\u1ee7a ch\u00fang t\u00f4i\u00a0&gt; Tho Nguyen Tho Nguyen &#8220;GI\u1ea2I PH\u00c1P T\u1ed0T NH\u1ea4T L\u00c0 M\u1ed8T GI\u1ea2I PH\u00c1P PH\u00d9 H\u1ee2P, K\u1ecaP TH\u1edcI V\u00c0 CH\u00cdNH X\u00c1C&#8221; T\u1ed1t nghi\u1ec7p Th\u1ea1c s\u0129 v\u00e0 Ti\u1ebfn s\u0129 t\u1ea1i \u0110\u1ea1i h\u1ecdc Monash danh ti\u1ebfng, Th\u1ecd Nguy\u1ec5n \u0111\u00e3 c\u00f3 nhi\u1ec1u kinh nghi\u1ec7m l\u00e0m vi\u1ec7c v\u1edbi c\u00e1c doanh nghi\u1ec7p [&hellip;]\" \/>\n<meta property=\"og:url\" content=\"https:\/\/proactivelegal.com.au\/vn\/tho-nguyen\/\" \/>\n<meta property=\"og:site_name\" content=\"ProActive Legal\" \/>\n<meta property=\"article:modified_time\" content=\"2023-06-26T08:03:28+00:00\" \/>\n<meta property=\"og:image\" content=\"https:\/\/proactivelegal.com.au\/wp-content\/uploads\/2023\/04\/Background323.png\" \/>\n<meta name=\"twitter:card\" content=\"summary_large_image\" \/>\n<meta name=\"twitter:label1\" content=\"Est. reading time\" \/>\n\t<meta name=\"twitter:data1\" content=\"2 minutes\" \/>\n<script type=\"application\/ld+json\" class=\"yoast-schema-graph\">{\"@context\":\"https:\/\/schema.org\",\"@graph\":[{\"@type\":\"WebPage\",\"@id\":\"https:\/\/proactivelegal.com.au\/vn\/tho-nguyen\/\",\"url\":\"https:\/\/proactivelegal.com.au\/vn\/tho-nguyen\/\",\"name\":\"Tho Nguyen - ProActive Legal\",\"isPartOf\":{\"@id\":\"https:\/\/proactivelegal.com.au\/#website\"},\"datePublished\":\"2023-04-03T07:34:54+00:00\",\"dateModified\":\"2023-06-26T08:03:28+00:00\",\"breadcrumb\":{\"@id\":\"https:\/\/proactivelegal.com.au\/vn\/tho-nguyen\/#breadcrumb\"},\"inLanguage\":\"vi-VN\",\"potentialAction\":[{\"@type\":\"ReadAction\",\"target\":[\"https:\/\/proactivelegal.com.au\/vn\/tho-nguyen\/\"]}]},{\"@type\":\"BreadcrumbList\",\"@id\":\"https:\/\/proactivelegal.com.au\/vn\/tho-nguyen\/#breadcrumb\",\"itemListElement\":[{\"@type\":\"ListItem\",\"position\":1,\"name\":\"\u9996\u9875\",\"item\":\"https:\/\/proactivelegal.com.au\/vn\/\"},{\"@type\":\"ListItem\",\"position\":2,\"name\":\"Tho Nguyen\"}]},{\"@type\":\"WebSite\",\"@id\":\"https:\/\/proactivelegal.com.au\/#website\",\"url\":\"https:\/\/proactivelegal.com.au\/\",\"name\":\"ProActive Legal\",\"description\":\"\",\"potentialAction\":[{\"@type\":\"SearchAction\",\"target\":{\"@type\":\"EntryPoint\",\"urlTemplate\":\"https:\/\/proactivelegal.com.au\/?s={search_term_string}\"},\"query-input\":\"required name=search_term_string\"}],\"inLanguage\":\"vi-VN\"}]}<\/script>\n<!-- \/ Yoast SEO plugin. -->","yoast_head_json":{"title":"Tho Nguyen - ProActive Legal","robots":{"index":"index","follow":"follow","max-snippet":"max-snippet:-1","max-image-preview":"max-image-preview:large","max-video-preview":"max-video-preview:-1"},"canonical":"https:\/\/proactivelegal.com.au\/vn\/tho-nguyen\/","og_locale":"vi_VN","og_type":"article","og_title":"Tho Nguyen - ProActive Legal","og_description":"Trang Ch\u1ee7 &gt; V\u1ec1 ch\u00fang t\u00f4i\u00a0\u00a0&gt;\u00a0\u0110\u1ed9i ng\u0169 c\u1ee7a ch\u00fang t\u00f4i\u00a0&gt; Tho Nguyen Tho Nguyen &#8220;GI\u1ea2I PH\u00c1P T\u1ed0T NH\u1ea4T L\u00c0 M\u1ed8T GI\u1ea2I PH\u00c1P PH\u00d9 H\u1ee2P, K\u1ecaP TH\u1edcI V\u00c0 CH\u00cdNH X\u00c1C&#8221; T\u1ed1t nghi\u1ec7p Th\u1ea1c s\u0129 v\u00e0 Ti\u1ebfn s\u0129 t\u1ea1i \u0110\u1ea1i h\u1ecdc Monash danh ti\u1ebfng, Th\u1ecd Nguy\u1ec5n \u0111\u00e3 c\u00f3 nhi\u1ec1u kinh nghi\u1ec7m l\u00e0m vi\u1ec7c v\u1edbi c\u00e1c doanh nghi\u1ec7p [&hellip;]","og_url":"https:\/\/proactivelegal.com.au\/vn\/tho-nguyen\/","og_site_name":"ProActive Legal","article_modified_time":"2023-06-26T08:03:28+00:00","og_image":[{"url":"https:\/\/proactivelegal.com.au\/wp-content\/uploads\/2023\/04\/Background323.png"}],"twitter_card":"summary_large_image","twitter_misc":{"Est. reading time":"2 minutes"},"schema":{"@context":"https:\/\/schema.org","@graph":[{"@type":"WebPage","@id":"https:\/\/proactivelegal.com.au\/vn\/tho-nguyen\/","url":"https:\/\/proactivelegal.com.au\/vn\/tho-nguyen\/","name":"Tho Nguyen - ProActive Legal","isPartOf":{"@id":"https:\/\/proactivelegal.com.au\/#website"},"datePublished":"2023-04-03T07:34:54+00:00","dateModified":"2023-06-26T08:03:28+00:00","breadcrumb":{"@id":"https:\/\/proactivelegal.com.au\/vn\/tho-nguyen\/#breadcrumb"},"inLanguage":"vi-VN","potentialAction":[{"@type":"ReadAction","target":["https:\/\/proactivelegal.com.au\/vn\/tho-nguyen\/"]}]},{"@type":"BreadcrumbList","@id":"https:\/\/proactivelegal.com.au\/vn\/tho-nguyen\/#breadcrumb","itemListElement":[{"@type":"ListItem","position":1,"name":"\u9996\u9875","item":"https:\/\/proactivelegal.com.au\/vn\/"},{"@type":"ListItem","position":2,"name":"Tho Nguyen"}]},{"@type":"WebSite","@id":"https:\/\/proactivelegal.com.au\/#website","url":"https:\/\/proactivelegal.com.au\/","name":"ProActive Legal","description":"","potentialAction":[{"@type":"SearchAction","target":{"@type":"EntryPoint","urlTemplate":"https:\/\/proactivelegal.com.au\/?s={search_term_string}"},"query-input":"required name=search_term_string"}],"inLanguage":"vi-VN"}]}},"_links":{"self":[{"href":"https:\/\/proactivelegal.com.au\/vn\/wp-json\/wp\/v2\/pages\/13225","targetHints":{"allow":["GET"]}}],"collection":[{"href":"https:\/\/proactivelegal.com.au\/vn\/wp-json\/wp\/v2\/pages"}],"about":[{"href":"https:\/\/proactivelegal.com.au\/vn\/wp-json\/wp\/v2\/types\/page"}],"author":[{"embeddable":true,"href":"https:\/\/proactivelegal.com.au\/vn\/wp-json\/wp\/v2\/users\/2"}],"replies":[{"embeddable":true,"href":"https:\/\/proactivelegal.com.au\/vn\/wp-json\/wp\/v2\/comments?post=13225"}],"version-history":[{"count":31,"href":"https:\/\/proactivelegal.com.au\/vn\/wp-json\/wp\/v2\/pages\/13225\/revisions"}],"predecessor-version":[{"id":14917,"href":"https:\/\/proactivelegal.com.au\/vn\/wp-json\/wp\/v2\/pages\/13225\/revisions\/14917"}],"wp:attachment":[{"href":"https:\/\/proactivelegal.com.au\/vn\/wp-json\/wp\/v2\/media?parent=13225"}],"curies":[{"name":"wp","href":"https:\/\/api.w.org\/{rel}","templated":true}]}}