{"id":13168,"date":"2023-03-28T08:17:55","date_gmt":"2023-03-28T08:17:55","guid":{"rendered":"https:\/\/proactivelegal.com.au\/jeffrey-johnson\/"},"modified":"2023-11-23T02:41:18","modified_gmt":"2023-11-23T02:41:18","slug":"jeffrey-johnson","status":"publish","type":"page","link":"https:\/\/proactivelegal.com.au\/vn\/jeffrey-johnson\/","title":{"rendered":"Jeffrey Johnson"},"content":{"rendered":"\t\t<div data-elementor-type=\"wp-page\" data-elementor-id=\"13168\" class=\"elementor elementor-13168 elementor-3035\" data-elementor-post-type=\"page\">\n\t\t\t\t\t\t\t\t\t<section class=\"elementor-section elementor-top-section elementor-element elementor-element-333f819 elementor-section-boxed elementor-section-height-default elementor-section-height-default\" data-id=\"333f819\" data-element_type=\"section\">\n\t\t\t\t\t\t<div class=\"elementor-container elementor-column-gap-default\">\n\t\t\t\t\t<div class=\"elementor-column elementor-col-100 elementor-top-column elementor-element elementor-element-177f96b\" data-id=\"177f96b\" data-element_type=\"column\">\n\t\t\t<div class=\"elementor-widget-wrap elementor-element-populated\">\n\t\t\t\t\t\t\t\t<div class=\"elementor-element elementor-element-3631a62 elementor-widget elementor-widget-text-editor\" data-id=\"3631a62\" data-element_type=\"widget\" data-widget_type=\"text-editor.default\">\n\t\t\t\t<div class=\"elementor-widget-container\">\n\t\t\t<style>\/*! elementor - v3.15.0 - 09-08-2023 *\/\n.elementor-widget-text-editor.elementor-drop-cap-view-stacked .elementor-drop-cap{background-color:#69727d;color:#fff}.elementor-widget-text-editor.elementor-drop-cap-view-framed .elementor-drop-cap{color:#69727d;border:3px solid;background-color:transparent}.elementor-widget-text-editor:not(.elementor-drop-cap-view-default) .elementor-drop-cap{margin-top:8px}.elementor-widget-text-editor:not(.elementor-drop-cap-view-default) .elementor-drop-cap-letter{width:1em;height:1em}.elementor-widget-text-editor .elementor-drop-cap{float:left;text-align:center;line-height:1;font-size:50px}.elementor-widget-text-editor .elementor-drop-cap-letter{display:inline-block}<\/style>\t\t\t\t<p><a style=\"color: var( --e-global-color-d90d778 );\" href=\"https:\/\/proactivelegal.com.au\/vn\">Trang Ch\u1ee7<\/a> &gt; <a style=\"color: var( --e-global-color-d90d778 );\" href=\"https:\/\/proactivelegal.com.au\/vn\/team\/\">V\u1ec1 ch\u00fang t\u00f4i\u00a0<\/a>\u00a0&gt;\u00a0<a style=\"color: var( --e-global-color-d90d778 );\" href=\"https:\/\/proactivelegal.com.au\/vn\/team\/\">\u0110\u1ed9i ng\u0169 c\u1ee7a ch\u00fang t\u00f4i\u00a0<\/a>&gt; Jeffrey Johnson<\/p>\t\t\t\t\t\t<\/div>\n\t\t\t\t<\/div>\n\t\t\t\t\t<\/div>\n\t\t<\/div>\n\t\t\t\t\t\t\t<\/div>\n\t\t<\/section>\n\t\t\t\t<section class=\"elementor-section elementor-top-section elementor-element elementor-element-a1a0966 elementor-reverse-mobile elementor-section-boxed elementor-section-height-default elementor-section-height-default\" data-id=\"a1a0966\" data-element_type=\"section\">\n\t\t\t\t\t\t<div class=\"elementor-container elementor-column-gap-default\">\n\t\t\t\t\t<div class=\"elementor-column elementor-col-50 elementor-top-column elementor-element elementor-element-e2bbcad\" data-id=\"e2bbcad\" data-element_type=\"column\">\n\t\t\t<div class=\"elementor-widget-wrap elementor-element-populated\">\n\t\t\t\t\t\t\t\t<div class=\"elementor-element elementor-element-2ae482d elementor-widget elementor-widget-text-editor\" data-id=\"2ae482d\" data-element_type=\"widget\" data-widget_type=\"text-editor.default\">\n\t\t\t\t<div class=\"elementor-widget-container\">\n\t\t\t\t\t\t\t<p>Jeffrey Johnsons<\/p>\n\t\t\t\t\t\t<\/div>\n\t\t\t\t<\/div>\n\t\t\t\t<div class=\"elementor-element elementor-element-b3860cf elementor-widget elementor-widget-text-editor\" data-id=\"b3860cf\" data-element_type=\"widget\" data-widget_type=\"text-editor.default\">\n\t\t\t\t<div class=\"elementor-widget-container\">\n\t\t\t\t\t\t\t<p>Jeffrey tham gia ProActive Legal v\u1edbi t\u01b0 c\u00e1ch l\u00e0 C\u1ed1 v\u1ea5n \u0110\u1eb7c bi\u1ec7t v\u00e0o th\u00e1ng 6 n\u0103m 2013. Tr\u01b0\u1edbc \u0111\u00e2y \u00f4ng \u0111\u00e3 l\u00e0m vi\u1ec7c cho Christopher Levingston &amp; Associates (5 n\u0103m) v\u00e0 Bartier Perry Lawyers (13 n\u0103m). T\u1eeb n\u0103m 1977, \u00f4ng \u0111\u00e3 b\u1eaft \u0111\u1ea7u t\u00edch lu\u1ef9 kinh nghi\u1ec7m tranh t\u1ee5ng khi l\u00e0m vi\u1ec7c cho C\u01a1 quan Qu\u1ea3n l\u00fd T\u00f2a \u00e1n S\u01a1 th\u1ea9m c\u1ee7a NSW.<br \/><br \/>N\u0103m 1987, Jeffrey \u0111\u01b0\u1ee3c trao b\u1eb1ng C\u1eed nh\u00e2n Lu\u1eadt h\u1ea1ng Nh\u1ea5t c\u1ee7a \u0110\u1ea1i h\u1ecdc C\u00f4ng ngh\u1ec7 Sydney. Sau khi t\u1ed1t nghi\u1ec7p lu\u1eadt s\u01b0, Jeffrey l\u00e0m vi\u1ec7c t\u1ea1i Chi nh\u00e1nh Ph\u00e1p l\u00fd c\u1ee7a \u1ee6y ban Qu\u1ea3n l\u00fd \u00d4 nhi\u1ec5m c\u1ee7a Ti\u1ec3u bang (ng\u00e0y nay l\u00e0 C\u01a1 quan B\u1ea3o v\u1ec7 M\u00f4i tr\u01b0\u1eddng NSW) v\u00e0 sau \u0111\u00f3 l\u00e0 \u1ee6y ban N\u01b0\u1edbc Sydney.<br \/><br \/>Jeffrey l\u00e0m vi\u1ec7c t\u1ea1i T\u00f2a \u00e1n T\u1ed1i cao NSW n\u0103m 1987 v\u00e0 T\u00f2a \u00e1n C\u1ea5p cao \u00dac (1993). \u00d4ng chuy\u00ean v\u1ec1 gi\u1ea3i quy\u1ebft tranh ch\u1ea5p th\u01b0\u01a1ng m\u1ea1i (bao g\u1ed3m c\u1ea3 ki\u1ec7n t\u1ee5ng) li\u00ean quan \u0111\u1ebfn:<br \/>&#8211; Th\u1eeba k\u1ebf v\u00e0 B\u1ea5t \u0111\u1ed9ng s\u1ea3n<br \/>&#8211; H\u1ee3p \u0111\u1ed3ng<br \/>&#8211; B\u1ea5t \u0111\u1ed9ng s\u1ea3n<br \/>&#8211; Quy ho\u1ea1ch v\u00e0 m\u00f4i tr\u01b0\u1eddng<br \/>&#8211; Lu\u1eadt gia \u0111\u00ecnh v\u00e0 c\u00e1c tranh ch\u1ea5p t\u00e0i s\u1ea3n kh\u00e1c.<br \/><br \/>Jeffrey c\u00f3 kinh nghi\u1ec7m trong vi\u1ec7c gi\u1ea3i quy\u1ebft tranh ch\u1ea5p th\u01b0\u01a1ng m\u1ea1i (bao g\u1ed3m c\u1ea3 ki\u1ec7n t\u1ee5ng) trong c\u00e1c l\u0129nh v\u1ef1c sau:<br \/><br \/><strong>Di ch\u00fac v\u00e0 B\u1ea5t \u0111\u1ed9ng s\u1ea3n<\/strong><\/p><p>&#8211; Kh\u01b0\u1edbc t\u1eeb n\u0103ng l\u1ef1c ph\u00e1p l\u00fd c\u1ee7a Ng\u01b0\u1eddi l\u1eadp Di ch\u00fac<br \/>&#8211; C\u00e1c v\u1ea5n \u0111\u1ec1 ph\u00e1t sinh trong qu\u00e1 tr\u00ecnh qu\u1ea3n l\u00fd t\u00e0i s\u1ea3n c\u1ee7a ng\u01b0\u1eddi qua \u0111\u1eddi<br \/>&#8211; Gi\u1ea3i th\u00edch di ch\u00fac<br \/>&#8211; \u0110\u01a1n xin cung c\u1ea5p t\u00e0i s\u1ea3n c\u1ee7a ng\u01b0\u1eddi ch\u1ebft theo Di ch\u00fac ho\u1eb7c theo di ch\u00fac<br \/>&#8211; C\u00e1c khi\u1ebfu n\u1ea1i kh\u00e1c nhau li\u00ean quan \u0111\u1ebfn t\u00e0i s\u1ea3n c\u1ee7a ng\u01b0\u1eddi ch\u1ebft bao g\u1ed3m c\u1ea3 vi\u1ec7c chi\u1ebfm gi\u1eef t\u00e0i s\u1ea3n l\u00e0 b\u1ea5t \u0111\u1ed9ng s\u1ea3n<br \/><br \/><br \/><\/p><p><strong>Tranh Ch\u1ea5p B\u1ea5t \u0110\u1ed9ng S\u1ea3n<\/strong><\/p><p>&#8211; C\u01b0\u1ee1ng ch\u1ebf thu h\u1ed3i \u0111\u1ea5t<br \/>&#8211; H\u1ee3p \u0111\u1ed3ng mua b\u00e1n \u0111\u1ea5t<br \/>&#8211; Ng\u0103n c\u1ea5m x\u00e2y d\u1ef1ng<br \/>&#8211; C\u00e1c v\u1ea5n \u0111\u1ec1 li\u00ean quan ho\u1ea1t \u0111\u1ed9ng x\u00e2y d\u1ef1ng ho\u1eb7c c\u00f4ng tr\u01b0\u1eddng<br \/>&#8211; L\u1ea5n chi\u1ebfm \u0111\u1ea5t li\u1ec1n k\u1ec1<br \/>&#8211; S\u1eed d\u1ee5ng \u0111\u1ea5t li\u1ec1n k\u1ec1<br \/><br \/><strong>Quy ho\u1ea1ch v\u00e0 M\u00f4i tr\u01b0\u1eddng<\/strong><br \/>&#8211; S\u1eed d\u1ee5ng \u0111\u1ea5t tr\u00e1i ph\u00e1p lu\u1eadt<br \/>&#8211; \u0110\u01a1n xin x\u00e2y d\u1ef1ng<br \/>&#8211; \u0110\u1ed3ng \u00fd x\u00e2y d\u1ef1ng<br \/>&#8211; Chuy\u1ec3n nh\u01b0\u1ee3ng v\u00e0 h\u1ea1n ch\u1ebf s\u1eed d\u1ee5ng \u0111\u1ea5t<br \/>&#8211; \u0110\u00f3ng g\u00f3p ph\u1ea3i tr\u1ea3 khi ph\u00ea duy\u1ec7t x\u00e2y d\u1ef1ng<br \/>&#8211; M\u1ec7nh l\u1ec7nh c\u1ee7a h\u1ed9i \u0111\u1ed3ng y\u00eau c\u1ea7u c\u00f4ng vi\u1ec7c ph\u1ea3i \u0111\u01b0\u1ee3c ho\u00e0n th\u00e0nh<br \/>&#8211; C\u00e2y c\u1ed1i [\u0110\u1ea1o lu\u1eadt v\u1ec1 c\u00e2y c\u1ed1i (Tranh ch\u1ea5p gi\u1eefa nh\u1eefng ng\u01b0\u1eddi h\u00e0ng x\u00f3m)]<br \/>&#8211; Th\u00f4ng b\u00e1o d\u1ecdn d\u1eb9p (\u0110\u1ea1o lu\u1eadt Ho\u1ea1t \u0111\u1ed9ng B\u1ea3o v\u1ec7 M\u00f4i tr\u01b0\u1eddng)<br \/>&#8211; B\u00e0o ch\u1eefa cho c\u00e1c vi ph\u1ea1m m\u00f4i tr\u01b0\u1eddng b\u1ecb c\u00e1o bu\u1ed9c<br \/><br \/><br \/><strong>Lu\u1eadt gia \u0111\u00ecnh<\/strong><br \/>&#8211; Tranh ch\u1ea5p t\u00e0i s\u1ea3n theo Lu\u1eadt Gia \u0111\u00ecnh v\u00e0 L\u1ec7nh c\u1ee7a T\u00f2a \u00e1n<br \/>&#8211; Tranh ch\u1ea5p nu\u00f4i con<\/p>\t\t\t\t\t\t<\/div>\n\t\t\t\t<\/div>\n\t\t\t\t\t<\/div>\n\t\t<\/div>\n\t\t\t\t<div class=\"elementor-column elementor-col-50 elementor-top-column elementor-element elementor-element-3ff8667\" data-id=\"3ff8667\" data-element_type=\"column\">\n\t\t\t<div class=\"elementor-widget-wrap elementor-element-populated\">\n\t\t\t\t\t\t\t\t<div class=\"elementor-element elementor-element-21957d5 elementor-widget elementor-widget-image\" data-id=\"21957d5\" data-element_type=\"widget\" data-widget_type=\"image.default\">\n\t\t\t\t<div class=\"elementor-widget-container\">\n\t\t\t<style>\/*! elementor - v3.15.0 - 09-08-2023 *\/\n.elementor-widget-image{text-align:center}.elementor-widget-image a{display:inline-block}.elementor-widget-image a img[src$=\".svg\"]{width:48px}.elementor-widget-image img{vertical-align:middle;display:inline-block}<\/style>\t\t\t\t\t\t\t\t\t\t\t\t<img loading=\"lazy\" decoding=\"async\" width=\"408\" height=\"486\" src=\"https:\/\/proactivelegal.com.au\/wp-content\/uploads\/2022\/09\/Jeff-1.png\" class=\"attachment-full size-full wp-image-8780\" alt=\"\" srcset=\"https:\/\/proactivelegal.com.au\/wp-content\/uploads\/2022\/09\/Jeff-1.png 408w, https:\/\/proactivelegal.com.au\/wp-content\/uploads\/2022\/09\/Jeff-1-252x300.png 252w\" sizes=\"auto, (max-width: 408px) 100vw, 408px\" \/>\t\t\t\t\t\t\t\t\t\t\t\t\t\t\t<\/div>\n\t\t\t\t<\/div>\n\t\t\t\t<div class=\"elementor-element elementor-element-47cccab elementor-hidden-mobile elementor-widget elementor-widget-text-editor\" data-id=\"47cccab\" data-element_type=\"widget\" data-widget_type=\"text-editor.default\">\n\t\t\t\t<div class=\"elementor-widget-container\">\n\t\t\t\t\t\t\t<p><strong>Tr\u00ecnh \u0111\u1ed9 chuy\u00ean m\u00f4n v\u00e0 hi\u1ec7p h\u1ed9i ngh\u1ec1 nghi\u1ec7p:<\/strong><\/p><ul><li><p><span data-contrast=\"auto\">Lu\u1eadt s\u01b0 T\u00f2a \u00e1n T\u1ed1i cao New South Wales<\/span><span data-ccp-props=\"{}\">\u00a0<\/span><\/p><\/li><li><p><span data-contrast=\"auto\">Lu\u1eadt s\u01b0 To\u00e0 \u00e1n C\u1ea5p cao \u00dac<\/span><\/p><\/li><li><p><span data-contrast=\"auto\">Th\u00e0nh vi\u00ean c\u1ee7a Hi\u1ec7p h\u1ed9i Lu\u1eadt ph\u00e1p New South Wales<\/span><span data-ccp-props=\"{}\">\u00a0<\/span><\/p><\/li><li><p><span data-contrast=\"auto\">C\u1eed nh\u00e2n Lu\u1eadt (First Class Honours)<\/span><\/p><\/li><\/ul>\t\t\t\t\t\t<\/div>\n\t\t\t\t<\/div>\n\t\t\t\t\t<\/div>\n\t\t<\/div>\n\t\t\t\t\t\t\t<\/div>\n\t\t<\/section>\n\t\t\t\t\t\t\t<\/div>\n\t\t","protected":false},"excerpt":{"rendered":"<p>Trang Ch\u1ee7 &gt; V\u1ec1 ch\u00fang t\u00f4i\u00a0\u00a0&gt;\u00a0\u0110\u1ed9i ng\u0169 c\u1ee7a ch\u00fang t\u00f4i\u00a0&gt; Jeffrey Johnson Jeffrey Johnsons Jeffrey tham gia ProActive Legal v\u1edbi t\u01b0 c\u00e1ch l\u00e0 C\u1ed1 v\u1ea5n \u0110\u1eb7c bi\u1ec7t v\u00e0o th\u00e1ng 6 n\u0103m 2013. Tr\u01b0\u1edbc \u0111\u00e2y \u00f4ng \u0111\u00e3 l\u00e0m vi\u1ec7c cho Christopher Levingston &amp; Associates (5 n\u0103m) v\u00e0 Bartier Perry Lawyers (13 n\u0103m). T\u1eeb n\u0103m 1977, \u00f4ng [&hellip;]<\/p>\n","protected":false},"author":1,"featured_media":0,"parent":0,"menu_order":0,"comment_status":"closed","ping_status":"closed","template":"","meta":{"footnotes":""},"class_list":["post-13168","page","type-page","status-publish","hentry"],"yoast_head":"<!-- This site is optimized with the Yoast SEO plugin v20.3 - https:\/\/yoast.com\/wordpress\/plugins\/seo\/ -->\n<title>Jeffrey Johnson - ProActive Legal<\/title>\n<meta name=\"robots\" content=\"index, follow, max-snippet:-1, max-image-preview:large, max-video-preview:-1\" \/>\n<link rel=\"canonical\" href=\"https:\/\/proactivelegal.com.au\/jeffrey-johnson\/\" \/>\n<meta property=\"og:locale\" content=\"vi_VN\" \/>\n<meta property=\"og:type\" content=\"article\" \/>\n<meta property=\"og:title\" content=\"Jeffrey Johnson - ProActive Legal\" \/>\n<meta property=\"og:description\" content=\"Trang Ch\u1ee7 &gt; V\u1ec1 ch\u00fang t\u00f4i\u00a0\u00a0&gt;\u00a0\u0110\u1ed9i ng\u0169 c\u1ee7a ch\u00fang t\u00f4i\u00a0&gt; Jeffrey Johnson Jeffrey Johnsons Jeffrey tham gia ProActive Legal v\u1edbi t\u01b0 c\u00e1ch l\u00e0 C\u1ed1 v\u1ea5n \u0110\u1eb7c bi\u1ec7t v\u00e0o th\u00e1ng 6 n\u0103m 2013. Tr\u01b0\u1edbc \u0111\u00e2y \u00f4ng \u0111\u00e3 l\u00e0m vi\u1ec7c cho Christopher Levingston &amp; Associates (5 n\u0103m) v\u00e0 Bartier Perry Lawyers (13 n\u0103m). T\u1eeb n\u0103m 1977, \u00f4ng [&hellip;]\" \/>\n<meta property=\"og:url\" content=\"https:\/\/proactivelegal.com.au\/jeffrey-johnson\/\" \/>\n<meta property=\"og:site_name\" content=\"ProActive Legal\" \/>\n<meta property=\"article:modified_time\" content=\"2023-11-23T02:41:18+00:00\" \/>\n<meta property=\"og:image\" content=\"https:\/\/proactivelegal.com.au\/wp-content\/uploads\/2022\/09\/Jeff-1.png\" \/>\n<meta name=\"twitter:card\" content=\"summary_large_image\" \/>\n<meta name=\"twitter:label1\" content=\"Est. reading time\" \/>\n\t<meta name=\"twitter:data1\" content=\"3 minutes\" \/>\n<script type=\"application\/ld+json\" class=\"yoast-schema-graph\">{\"@context\":\"https:\/\/schema.org\",\"@graph\":[{\"@type\":\"WebPage\",\"@id\":\"https:\/\/proactivelegal.com.au\/jeffrey-johnson\/\",\"url\":\"https:\/\/proactivelegal.com.au\/jeffrey-johnson\/\",\"name\":\"Jeffrey Johnson - ProActive Legal\",\"isPartOf\":{\"@id\":\"https:\/\/proactivelegal.com.au\/#website\"},\"datePublished\":\"2023-03-28T08:17:55+00:00\",\"dateModified\":\"2023-11-23T02:41:18+00:00\",\"breadcrumb\":{\"@id\":\"https:\/\/proactivelegal.com.au\/jeffrey-johnson\/#breadcrumb\"},\"inLanguage\":\"vi-VN\",\"potentialAction\":[{\"@type\":\"ReadAction\",\"target\":[\"https:\/\/proactivelegal.com.au\/jeffrey-johnson\/\"]}]},{\"@type\":\"BreadcrumbList\",\"@id\":\"https:\/\/proactivelegal.com.au\/jeffrey-johnson\/#breadcrumb\",\"itemListElement\":[{\"@type\":\"ListItem\",\"position\":1,\"name\":\"\u9996\u9875\",\"item\":\"https:\/\/proactivelegal.com.au\/vn\/\"},{\"@type\":\"ListItem\",\"position\":2,\"name\":\"Jeffrey Johnson\"}]},{\"@type\":\"WebSite\",\"@id\":\"https:\/\/proactivelegal.com.au\/#website\",\"url\":\"https:\/\/proactivelegal.com.au\/\",\"name\":\"ProActive Legal\",\"description\":\"\",\"potentialAction\":[{\"@type\":\"SearchAction\",\"target\":{\"@type\":\"EntryPoint\",\"urlTemplate\":\"https:\/\/proactivelegal.com.au\/?s={search_term_string}\"},\"query-input\":\"required name=search_term_string\"}],\"inLanguage\":\"vi-VN\"}]}<\/script>\n<!-- \/ Yoast SEO plugin. -->","yoast_head_json":{"title":"Jeffrey Johnson - ProActive Legal","robots":{"index":"index","follow":"follow","max-snippet":"max-snippet:-1","max-image-preview":"max-image-preview:large","max-video-preview":"max-video-preview:-1"},"canonical":"https:\/\/proactivelegal.com.au\/jeffrey-johnson\/","og_locale":"vi_VN","og_type":"article","og_title":"Jeffrey Johnson - ProActive Legal","og_description":"Trang Ch\u1ee7 &gt; V\u1ec1 ch\u00fang t\u00f4i\u00a0\u00a0&gt;\u00a0\u0110\u1ed9i ng\u0169 c\u1ee7a ch\u00fang t\u00f4i\u00a0&gt; Jeffrey Johnson Jeffrey Johnsons Jeffrey tham gia ProActive Legal v\u1edbi t\u01b0 c\u00e1ch l\u00e0 C\u1ed1 v\u1ea5n \u0110\u1eb7c bi\u1ec7t v\u00e0o th\u00e1ng 6 n\u0103m 2013. Tr\u01b0\u1edbc \u0111\u00e2y \u00f4ng \u0111\u00e3 l\u00e0m vi\u1ec7c cho Christopher Levingston &amp; Associates (5 n\u0103m) v\u00e0 Bartier Perry Lawyers (13 n\u0103m). T\u1eeb n\u0103m 1977, \u00f4ng [&hellip;]","og_url":"https:\/\/proactivelegal.com.au\/jeffrey-johnson\/","og_site_name":"ProActive Legal","article_modified_time":"2023-11-23T02:41:18+00:00","og_image":[{"url":"https:\/\/proactivelegal.com.au\/wp-content\/uploads\/2022\/09\/Jeff-1.png"}],"twitter_card":"summary_large_image","twitter_misc":{"Est. reading time":"3 minutes"},"schema":{"@context":"https:\/\/schema.org","@graph":[{"@type":"WebPage","@id":"https:\/\/proactivelegal.com.au\/jeffrey-johnson\/","url":"https:\/\/proactivelegal.com.au\/jeffrey-johnson\/","name":"Jeffrey Johnson - ProActive Legal","isPartOf":{"@id":"https:\/\/proactivelegal.com.au\/#website"},"datePublished":"2023-03-28T08:17:55+00:00","dateModified":"2023-11-23T02:41:18+00:00","breadcrumb":{"@id":"https:\/\/proactivelegal.com.au\/jeffrey-johnson\/#breadcrumb"},"inLanguage":"vi-VN","potentialAction":[{"@type":"ReadAction","target":["https:\/\/proactivelegal.com.au\/jeffrey-johnson\/"]}]},{"@type":"BreadcrumbList","@id":"https:\/\/proactivelegal.com.au\/jeffrey-johnson\/#breadcrumb","itemListElement":[{"@type":"ListItem","position":1,"name":"\u9996\u9875","item":"https:\/\/proactivelegal.com.au\/vn\/"},{"@type":"ListItem","position":2,"name":"Jeffrey Johnson"}]},{"@type":"WebSite","@id":"https:\/\/proactivelegal.com.au\/#website","url":"https:\/\/proactivelegal.com.au\/","name":"ProActive Legal","description":"","potentialAction":[{"@type":"SearchAction","target":{"@type":"EntryPoint","urlTemplate":"https:\/\/proactivelegal.com.au\/?s={search_term_string}"},"query-input":"required name=search_term_string"}],"inLanguage":"vi-VN"}]}},"_links":{"self":[{"href":"https:\/\/proactivelegal.com.au\/vn\/wp-json\/wp\/v2\/pages\/13168","targetHints":{"allow":["GET"]}}],"collection":[{"href":"https:\/\/proactivelegal.com.au\/vn\/wp-json\/wp\/v2\/pages"}],"about":[{"href":"https:\/\/proactivelegal.com.au\/vn\/wp-json\/wp\/v2\/types\/page"}],"author":[{"embeddable":true,"href":"https:\/\/proactivelegal.com.au\/vn\/wp-json\/wp\/v2\/users\/1"}],"replies":[{"embeddable":true,"href":"https:\/\/proactivelegal.com.au\/vn\/wp-json\/wp\/v2\/comments?post=13168"}],"version-history":[{"count":26,"href":"https:\/\/proactivelegal.com.au\/vn\/wp-json\/wp\/v2\/pages\/13168\/revisions"}],"predecessor-version":[{"id":15193,"href":"https:\/\/proactivelegal.com.au\/vn\/wp-json\/wp\/v2\/pages\/13168\/revisions\/15193"}],"wp:attachment":[{"href":"https:\/\/proactivelegal.com.au\/vn\/wp-json\/wp\/v2\/media?parent=13168"}],"curies":[{"name":"wp","href":"https:\/\/api.w.org\/{rel}","templated":true}]}}