{"id":13157,"date":"2023-03-28T08:08:17","date_gmt":"2023-03-28T08:08:17","guid":{"rendered":"https:\/\/proactivelegal.com.au\/sean-dong\/"},"modified":"2023-06-26T08:25:01","modified_gmt":"2023-06-26T08:25:01","slug":"sean-dong","status":"publish","type":"page","link":"https:\/\/proactivelegal.com.au\/vn\/sean-dong\/","title":{"rendered":"Sean Dong"},"content":{"rendered":"\t\t<div data-elementor-type=\"wp-page\" data-elementor-id=\"13157\" class=\"elementor elementor-13157 elementor-3748\" data-elementor-post-type=\"page\">\n\t\t\t\t\t\t\t\t\t<section class=\"elementor-section elementor-top-section elementor-element elementor-element-69e4688 elementor-section-boxed elementor-section-height-default elementor-section-height-default\" data-id=\"69e4688\" data-element_type=\"section\">\n\t\t\t\t\t\t<div class=\"elementor-container elementor-column-gap-default\">\n\t\t\t\t\t<div class=\"elementor-column elementor-col-100 elementor-top-column elementor-element elementor-element-10ed255\" data-id=\"10ed255\" data-element_type=\"column\">\n\t\t\t<div class=\"elementor-widget-wrap elementor-element-populated\">\n\t\t\t\t\t\t\t\t<div class=\"elementor-element elementor-element-07dd6af elementor-widget elementor-widget-text-editor\" data-id=\"07dd6af\" data-element_type=\"widget\" data-widget_type=\"text-editor.default\">\n\t\t\t\t<div class=\"elementor-widget-container\">\n\t\t\t<style>\/*! elementor - v3.15.0 - 09-08-2023 *\/\n.elementor-widget-text-editor.elementor-drop-cap-view-stacked .elementor-drop-cap{background-color:#69727d;color:#fff}.elementor-widget-text-editor.elementor-drop-cap-view-framed .elementor-drop-cap{color:#69727d;border:3px solid;background-color:transparent}.elementor-widget-text-editor:not(.elementor-drop-cap-view-default) .elementor-drop-cap{margin-top:8px}.elementor-widget-text-editor:not(.elementor-drop-cap-view-default) .elementor-drop-cap-letter{width:1em;height:1em}.elementor-widget-text-editor .elementor-drop-cap{float:left;text-align:center;line-height:1;font-size:50px}.elementor-widget-text-editor .elementor-drop-cap-letter{display:inline-block}<\/style>\t\t\t\t<p><a style=\"color: var( --e-global-color-d90d778 );\" href=\"https:\/\/proactivelegal.com.au\/vn\">Trang Ch\u1ee7<\/a> &gt; <a style=\"color: var( --e-global-color-d90d778 );\" href=\"https:\/\/proactivelegal.com.au\/vn\/team\/\">V\u1ec1 ch\u00fang t\u00f4i\u00a0<\/a>\u00a0&gt;\u00a0<a style=\"color: var( --e-global-color-d90d778 );\" href=\"https:\/\/proactivelegal.com.au\/vn\/team\/\">\u0110\u1ed9i ng\u0169 c\u1ee7a ch\u00fang t\u00f4i\u00a0<\/a>&gt; Sean Dong\u00a0<\/p>\t\t\t\t\t\t<\/div>\n\t\t\t\t<\/div>\n\t\t\t\t\t<\/div>\n\t\t<\/div>\n\t\t\t\t\t\t\t<\/div>\n\t\t<\/section>\n\t\t\t\t<section class=\"elementor-section elementor-top-section elementor-element elementor-element-ab2d8ef elementor-reverse-mobile elementor-section-boxed elementor-section-height-default elementor-section-height-default\" data-id=\"ab2d8ef\" data-element_type=\"section\">\n\t\t\t\t\t\t<div class=\"elementor-container elementor-column-gap-default\">\n\t\t\t\t\t<div class=\"elementor-column elementor-col-50 elementor-top-column elementor-element elementor-element-f925750\" data-id=\"f925750\" data-element_type=\"column\">\n\t\t\t<div class=\"elementor-widget-wrap elementor-element-populated\">\n\t\t\t\t\t\t\t\t<div class=\"elementor-element elementor-element-5719040 elementor-widget elementor-widget-text-editor\" data-id=\"5719040\" data-element_type=\"widget\" data-widget_type=\"text-editor.default\">\n\t\t\t\t<div class=\"elementor-widget-container\">\n\t\t\t\t\t\t\t<p>Sean Dong<\/p>\t\t\t\t\t\t<\/div>\n\t\t\t\t<\/div>\n\t\t\t\t<div class=\"elementor-element elementor-element-d1b97ef elementor-widget elementor-widget-text-editor\" data-id=\"d1b97ef\" data-element_type=\"widget\" data-widget_type=\"text-editor.default\">\n\t\t\t\t<div class=\"elementor-widget-container\">\n\t\t\t\t\t\t\t<p>Sean Dong l\u00e0 <span class=\"NormalTextRun SpellingErrorV2Themed SCXW236340050 BCX9\">Lu\u1eadt<\/span> <span class=\"NormalTextRun SpellingErrorV2Themed SCXW236340050 BCX9\">s\u01b0<\/span> <span class=\"NormalTextRun SpellingErrorV2Themed SCXW236340050 BCX9\">C\u1ea5p<\/span> <span class=\"NormalTextRun SpellingErrorV2Themed SCXW236340050 BCX9\">cao<\/span> v\u00e0 Gi\u00e1m \u0111\u1ed1c c\u1ee7a ProActive Legal. Sean \u0111\u01b0\u1ee3c c\u00f4ng nh\u1eadn l\u00e0 C\u1ed1 v\u1ea5n di tr\u00fa v\u00e0o n\u0103m 2010 (MARN: 1066448) v\u1edbi ki\u1ebfn th\u1ee9c s\u00e2u r\u1ed9ng v\u1ec1 lu\u1eadt di tr\u00fa. \u00d4ng l\u00e0 th\u00e0nh vi\u00ean c\u1ee7a Vi\u1ec7n Lu\u1eadt Victoria (LIV) v\u00e0 Vi\u1ec7n Di tr\u00fa \u00dac (MIA).<\/p><p>\u00a0<\/p><p>L\u00e0 Gi\u00e1m \u0111\u1ed1c c\u1ee7a ProActive Legal, Sean kh\u00f4ng ch\u1ec9 d\u00e0nh th\u1eddi gian h\u1ed7 tr\u1ee3 kh\u00e1ch h\u00e0ng v\u1ec1 visa v\u00e0 di tr\u00fa, m\u00e0 \u00f4ng c\u00f2n ch\u1ecbu tr\u00e1ch nhi\u1ec7m cho vi\u1ec7c qu\u1ea3ng b\u00e1, l\u1eadp k\u1ebf ho\u1ea1ch chi\u1ebfn l\u01b0\u1ee3c v\u00e0 ph\u00e1t tri\u1ec3n c\u00f4ng ty.<\/p><p>\u00a0<\/p><p>Sean l\u00e0 m\u1ed9t l\u00e3nh \u0111\u1ea1o t\u1eadn t\u1ee5y v\u1edbi s\u1ef1 quan t\u00e2m \u0111\u1ebfn v\u1ea5n \u0111\u1ec1 kh\u1edfi nghi\u1ec7p. \u00d4ng \u0111\u00e3 t\u1ed1t nghi\u1ec7p C\u1eed nh\u00e2n Th\u01b0\u01a1ng m\u1ea1i t\u1ea1i \u0110\u1ea1i h\u1ecdc Melbourne. \u00d4ng c\u1ea3m th\u1ea5y h\u1ee9ng th\u00fa v\u1edbi l\u0129nh v\u1ef1c di tr\u00fa t\u1ea1i \u00dac n\u00ean \u0111\u00e3 nhanh ch\u00f3ng ho\u00e0n th\u00e0nh ch\u01b0\u01a1ng tr\u00ecnh Th\u1ea1c s\u0129 Lu\u1eadt Di tr\u00fa &amp; Th\u1ef1c h\u00e0nh t\u1ea1i \u0110\u1ea1i h\u1ecdc Griffith, v\u00e0 Th\u1ea1c s\u0129 Lu\u1eadt t\u1ea1i \u0110\u1ea1i h\u1ecdc Qu\u1ed1c gia \u00dac.<\/p><p>\u00a0<\/p><p>Sean r\u1ea5t gi\u00e0u kinh nghi\u1ec7m trong vi\u1ec7c x\u1eed l\u00fd c\u00e1c lo\u1ea1i h\u1ed3 s\u01a1 xin visa bao g\u1ed3m Visa tay ngh\u1ec1, Visa Doanh nghi\u1ec7p b\u1ea3o l\u00e3nh, visa k\u1ebft h\u00f4n, visa b\u1ea3o l\u00e3nh cha m\u1eb9, Visa \u0111\u1ea7u t\u01b0 kinh doanh &amp; \u0111\u1ed5i m\u1edbi. H\u01a1n n\u1eefa, Sean c\u00f3 kh\u1ea3 n\u0103ng xu\u1ea5t s\u1eafc trong vi\u1ec7c gi\u1ea3i quy\u1ebft c\u00e1c v\u1ea5n \u0111\u1ec1 di tr\u00fa ph\u1ee9c t\u1ea1p, ch\u1eb3ng h\u1ea1n nh\u01b0 visa b\u1ecb t\u1eeb ch\u1ed1i, hu\u1ef7 b\u1ecf, ho\u1eb7c nh\u1eadn \u0111\u01b0\u1ee3c Th\u00f4ng b\u00e1o \u00dd \u0111\u1ecbnh Xem x\u00e9t H\u1ee7y b\u1ecf (NOICC) visa, xin mi\u1ec5n tr\u1eeb c\u00e1c v\u1ea5n \u0111\u1ec1 s\u1ee9c kh\u1ecfe v\u00e0 \u0111\u1ea1o \u0111\u1ee9c, v\u00e0 Public Interest Criterion (PIC). Kinh nghi\u1ec7m c\u1ee7a Sean tr\u1ea3i d\u00e0i t\u1eeb v\u1ea5n \u0111\u1ec1 Di tr\u00fa &amp; T\u1ecb n\u1ea1n cho \u0111\u1ebfn General Division t\u1ea1i Administrative Appeals Tribunal (AAT).<\/p><p>\u00a0<\/p><p>L\u00e0 m\u1ed9t C\u1ed1 v\u1ea5n di tr\u00fa \u0111\u1ea7y uy t\u00edn v\u00e0 d\u00e0y kinh nghi\u1ec7m, Sean \u1ee7ng h\u1ed9 m\u1ea1nh m\u1ebd c\u1ed9ng \u0111\u1ed3ng ng\u01b0\u1eddi nh\u1eadp c\u01b0 t\u1ea1i Melbourne. \u00d4ng th\u01b0\u1eddng \u0111\u01b0\u1ee3c c\u00e1c ph\u01b0\u01a1ng ti\u1ec7n truy\u1ec1n th\u00f4ng \u0111\u1ea1i ch\u00fang nh\u01b0 ABC, Herald Sun v\u00e0 nh\u1eefng b\u00ean kh\u00e1c \u0111\u1ec3 \u0111\u01b0a ra b\u00ecnh lu\u1eadn v\u1ec1 ch\u00ednh s\u00e1ch di tr\u00fa. Ngo\u00e0i ra, Sean c\u00f2n s\u1ea3n xu\u1ea5t v\u00e0 \u0111\u0103ng t\u1ea3i nhi\u1ec1u video th\u00f4ng tin v\u1ec1 ch\u00ednh s\u00e1ch v\u00e0 ph\u00e1p lu\u1eadt.<\/p><p>\u00a0<\/p><p>Sean c\u0169ng d\u00e0nh m\u1ed9t ph\u1ea7n l\u1edbn th\u1eddi gian c\u1ee7a m\u00ecnh cho c\u00e1c d\u1ef1 \u00e1n c\u1ed9ng \u0111\u1ed3ng. \u00d4ng l\u00e0 ch\u1ee7 t\u1ecbch c\u1ee7a Elite Talks Inc, m\u1ed9t t\u1ed5 ch\u1ee9c phi l\u1ee3i nhu\u1eadn h\u1ed7 tr\u1ee3 s\u1ef1 ph\u00e1t tri\u1ec3n ngh\u1ec1 nghi\u1ec7p cho th\u1ebf h\u1ec7 nh\u1eadp c\u01b0 tr\u1ebb tu\u1ed5i, v\u00e0 c\u0169ng t\u1eebng l\u00e0 u\u1ef7 vi\u00ean c\u1ee7a Asian-Australian Foundation. V\u1edbi t\u00e0i n\u0103ng l\u00e3nh \u0111\u1ea1o v\u00e0 b\u1ec1 d\u00e0y kinh nghi\u1ec7m tr\u00ean th\u1ecb tr\u01b0\u1eddng, Sean \u0111\u00e3 v\u00e0 \u0111ang c\u1ed1ng hi\u1ebfn th\u1eddi gian v\u00e0 s\u1ee9c l\u1ef1c c\u1ee7a m\u00ecnh nh\u1eb1m th\u00fac \u0111\u1ea9y s\u1ef1 ph\u00e1t tri\u1ec3n c\u1ee7a c\u00f4ng ty, \u0111\u1ed3ng th\u1eddi tr\u1edf th\u00e0nh \u0111\u1ea1i di\u1ec7n c\u00f3 ti\u1ebfng n\u00f3i cho c\u1ed9ng \u0111\u1ed3ng ng\u01b0\u1eddi nh\u1eadp c\u01b0.<\/p>\t\t\t\t\t\t<\/div>\n\t\t\t\t<\/div>\n\t\t\t\t<div class=\"elementor-element elementor-element-42f1260 elementor-hidden-desktop elementor-hidden-tablet elementor-widget elementor-widget-text-editor\" data-id=\"42f1260\" data-element_type=\"widget\" data-widget_type=\"text-editor.default\">\n\t\t\t\t<div class=\"elementor-widget-container\">\n\t\t\t\t\t\t\t<ul style=\"padding-left: 20px;\">\n<li>\u6ce8\u518c\u79fb\u6c11\u4ee3\u7406 (MARN 1066448)<\/li>\n<li>\u7ef4\u591a\u5229\u4e9a\u5dde\u5f8b\u5e08\u534f\u4f1a\u4f1a\u5458<\/li>\n<li>\n<p>\u6fb3\u5927\u5229\u4e9a\u79fb\u6c11\u534f\u4f1a\u4f1a\u5458<\/p>\n<\/li>\n<li>\u6fb3\u5927\u5229\u4e9a\u56fd\u7acb\u5927\u5b66\u6cd5\u5b66\u7855\u58eb (LLM)<\/li>\n<li>\u683c\u91cc\u83f2\u65af\u5927\u5b66\u79fb\u6c11\u6cd5\u7855\u58eb (MMigrationLaw&amp;Prac)<\/li>\n<li>\n<p>\u58a8\u5c14\u672c\u5927\u5b66\u5546\u5b66\u5b66\u58eb (BCom)<\/p>\n<\/li>\n<li>\u6fb3\u5927\u5229\u4e9a\u5e7f\u64ad\u7535\u89c6\u53f0 (ABC) \u5ba2\u5ea7\u79fb\u6c11\u8bc4\u8bba\u5458<\/li>\n<\/ul>\n\t\t\t\t\t\t<\/div>\n\t\t\t\t<\/div>\n\t\t\t\t\t<\/div>\n\t\t<\/div>\n\t\t\t\t<div class=\"elementor-column elementor-col-50 elementor-top-column elementor-element elementor-element-923bbc2\" data-id=\"923bbc2\" data-element_type=\"column\">\n\t\t\t<div class=\"elementor-widget-wrap elementor-element-populated\">\n\t\t\t\t\t\t\t\t<div class=\"elementor-element elementor-element-c2d1050 elementor-widget elementor-widget-image\" data-id=\"c2d1050\" data-element_type=\"widget\" data-widget_type=\"image.default\">\n\t\t\t\t<div class=\"elementor-widget-container\">\n\t\t\t<style>\/*! elementor - v3.15.0 - 09-08-2023 *\/\n.elementor-widget-image{text-align:center}.elementor-widget-image a{display:inline-block}.elementor-widget-image a img[src$=\".svg\"]{width:48px}.elementor-widget-image img{vertical-align:middle;display:inline-block}<\/style>\t\t\t\t\t\t\t\t\t\t\t\t<img loading=\"lazy\" decoding=\"async\" width=\"408\" height=\"486\" src=\"https:\/\/proactivelegal.com.au\/wp-content\/uploads\/2022\/09\/Sean-1.png\" class=\"attachment-full size-full wp-image-8773\" alt=\"\" srcset=\"https:\/\/proactivelegal.com.au\/wp-content\/uploads\/2022\/09\/Sean-1.png 408w, https:\/\/proactivelegal.com.au\/wp-content\/uploads\/2022\/09\/Sean-1-252x300.png 252w\" sizes=\"auto, (max-width: 408px) 100vw, 408px\" \/>\t\t\t\t\t\t\t\t\t\t\t\t\t\t\t<\/div>\n\t\t\t\t<\/div>\n\t\t\t\t<div class=\"elementor-element elementor-element-6fac013 elementor-hidden-mobile elementor-widget elementor-widget-text-editor\" data-id=\"6fac013\" data-element_type=\"widget\" data-widget_type=\"text-editor.default\">\n\t\t\t\t<div class=\"elementor-widget-container\">\n\t\t\t\t\t\t\t<p><strong>Tr\u00ecnh \u0111\u1ed9 chuy\u00ean m\u00f4n v\u00e0 hi\u1ec7p h\u1ed9i ngh\u1ec1 nghi\u1ec7p:<\/strong><\/p><ul><li><span data-contrast=\"auto\">Lu\u1eadt s\u01b0 To\u00e0 \u00e1n T\u1ed1i cao Victoria<\/span><\/li><li>Lu\u1eadt s\u01b0 To\u00e0 \u00e1n C\u1ea5p cao \u00dac\u202f<\/li><li>Th\u1ea1c s\u0129 Lu\u1eadt<\/li><li>Th\u1ea1c s\u0129 lu\u1eadt di tr\u00fa v\u00e0 th\u1ef1c h\u00e0nh<\/li><li>C\u1eed nh\u00e2n Lu\u1eadt \u202f<\/li><li>C\u1eed nh\u00e2n th\u01b0\u01a1ng m\u1ea1i<\/li><li>Ch\u1ee9ng ch\u1ec9 lu\u1eadt th\u1ef1c h\u00e0nh\u202f<\/li><li>Th\u00e0nh vi\u00ean Vi\u1ec7n Lu\u1eadt Victoria<\/li><li>Th\u00e0nh vi\u00ean Vi\u1ec7n Di tr\u00fa \u00dac<\/li><li>Th\u00e0nh vi\u00ean h\u1ed9i \u0111\u1ed3ng Lu\u1eadt \u00dac<\/li><\/ul><p>\u00a0<\/p>\t\t\t\t\t\t<\/div>\n\t\t\t\t<\/div>\n\t\t\t\t\t<\/div>\n\t\t<\/div>\n\t\t\t\t\t\t\t<\/div>\n\t\t<\/section>\n\t\t\t\t\t\t\t<\/div>\n\t\t","protected":false},"excerpt":{"rendered":"<p>Trang Ch\u1ee7 &gt; V\u1ec1 ch\u00fang t\u00f4i\u00a0\u00a0&gt;\u00a0\u0110\u1ed9i ng\u0169 c\u1ee7a ch\u00fang t\u00f4i\u00a0&gt; Sean Dong\u00a0 Sean Dong Sean Dong l\u00e0 Lu\u1eadt s\u01b0 C\u1ea5p cao v\u00e0 Gi\u00e1m \u0111\u1ed1c c\u1ee7a ProActive Legal. Sean \u0111\u01b0\u1ee3c c\u00f4ng nh\u1eadn l\u00e0 C\u1ed1 v\u1ea5n di tr\u00fa v\u00e0o n\u0103m 2010 (MARN: 1066448) v\u1edbi ki\u1ebfn th\u1ee9c s\u00e2u r\u1ed9ng v\u1ec1 lu\u1eadt di tr\u00fa. \u00d4ng l\u00e0 th\u00e0nh vi\u00ean c\u1ee7a [&hellip;]<\/p>\n","protected":false},"author":1,"featured_media":0,"parent":0,"menu_order":0,"comment_status":"closed","ping_status":"closed","template":"","meta":{"footnotes":""},"class_list":["post-13157","page","type-page","status-publish","hentry"],"yoast_head":"<!-- This site is optimized with the Yoast SEO plugin v20.3 - https:\/\/yoast.com\/wordpress\/plugins\/seo\/ -->\n<title>Sean Dong - ProActive Legal<\/title>\n<meta name=\"robots\" content=\"index, follow, max-snippet:-1, max-image-preview:large, max-video-preview:-1\" \/>\n<link rel=\"canonical\" href=\"https:\/\/proactivelegal.com.au\/vn\/sean-dong\/\" \/>\n<meta property=\"og:locale\" content=\"vi_VN\" \/>\n<meta property=\"og:type\" content=\"article\" \/>\n<meta property=\"og:title\" content=\"Sean Dong - ProActive Legal\" \/>\n<meta property=\"og:description\" content=\"Trang Ch\u1ee7 &gt; V\u1ec1 ch\u00fang t\u00f4i\u00a0\u00a0&gt;\u00a0\u0110\u1ed9i ng\u0169 c\u1ee7a ch\u00fang t\u00f4i\u00a0&gt; Sean Dong\u00a0 Sean Dong Sean Dong l\u00e0 Lu\u1eadt s\u01b0 C\u1ea5p cao v\u00e0 Gi\u00e1m \u0111\u1ed1c c\u1ee7a ProActive Legal. Sean \u0111\u01b0\u1ee3c c\u00f4ng nh\u1eadn l\u00e0 C\u1ed1 v\u1ea5n di tr\u00fa v\u00e0o n\u0103m 2010 (MARN: 1066448) v\u1edbi ki\u1ebfn th\u1ee9c s\u00e2u r\u1ed9ng v\u1ec1 lu\u1eadt di tr\u00fa. \u00d4ng l\u00e0 th\u00e0nh vi\u00ean c\u1ee7a [&hellip;]\" \/>\n<meta property=\"og:url\" content=\"https:\/\/proactivelegal.com.au\/vn\/sean-dong\/\" \/>\n<meta property=\"og:site_name\" content=\"ProActive Legal\" \/>\n<meta property=\"article:modified_time\" content=\"2023-06-26T08:25:01+00:00\" \/>\n<meta property=\"og:image\" content=\"https:\/\/proactivelegal.com.au\/wp-content\/uploads\/2022\/09\/Sean-1.png\" \/>\n<meta name=\"twitter:card\" content=\"summary_large_image\" \/>\n<meta name=\"twitter:label1\" content=\"Est. reading time\" \/>\n\t<meta name=\"twitter:data1\" content=\"3 minutes\" \/>\n<script type=\"application\/ld+json\" class=\"yoast-schema-graph\">{\"@context\":\"https:\/\/schema.org\",\"@graph\":[{\"@type\":\"WebPage\",\"@id\":\"https:\/\/proactivelegal.com.au\/vn\/sean-dong\/\",\"url\":\"https:\/\/proactivelegal.com.au\/vn\/sean-dong\/\",\"name\":\"Sean Dong - ProActive Legal\",\"isPartOf\":{\"@id\":\"https:\/\/proactivelegal.com.au\/#website\"},\"datePublished\":\"2023-03-28T08:08:17+00:00\",\"dateModified\":\"2023-06-26T08:25:01+00:00\",\"breadcrumb\":{\"@id\":\"https:\/\/proactivelegal.com.au\/vn\/sean-dong\/#breadcrumb\"},\"inLanguage\":\"vi-VN\",\"potentialAction\":[{\"@type\":\"ReadAction\",\"target\":[\"https:\/\/proactivelegal.com.au\/vn\/sean-dong\/\"]}]},{\"@type\":\"BreadcrumbList\",\"@id\":\"https:\/\/proactivelegal.com.au\/vn\/sean-dong\/#breadcrumb\",\"itemListElement\":[{\"@type\":\"ListItem\",\"position\":1,\"name\":\"\u9996\u9875\",\"item\":\"https:\/\/proactivelegal.com.au\/vn\/\"},{\"@type\":\"ListItem\",\"position\":2,\"name\":\"Sean Dong\"}]},{\"@type\":\"WebSite\",\"@id\":\"https:\/\/proactivelegal.com.au\/#website\",\"url\":\"https:\/\/proactivelegal.com.au\/\",\"name\":\"ProActive Legal\",\"description\":\"\",\"potentialAction\":[{\"@type\":\"SearchAction\",\"target\":{\"@type\":\"EntryPoint\",\"urlTemplate\":\"https:\/\/proactivelegal.com.au\/?s={search_term_string}\"},\"query-input\":\"required name=search_term_string\"}],\"inLanguage\":\"vi-VN\"}]}<\/script>\n<!-- \/ Yoast SEO plugin. -->","yoast_head_json":{"title":"Sean Dong - ProActive Legal","robots":{"index":"index","follow":"follow","max-snippet":"max-snippet:-1","max-image-preview":"max-image-preview:large","max-video-preview":"max-video-preview:-1"},"canonical":"https:\/\/proactivelegal.com.au\/vn\/sean-dong\/","og_locale":"vi_VN","og_type":"article","og_title":"Sean Dong - ProActive Legal","og_description":"Trang Ch\u1ee7 &gt; V\u1ec1 ch\u00fang t\u00f4i\u00a0\u00a0&gt;\u00a0\u0110\u1ed9i ng\u0169 c\u1ee7a ch\u00fang t\u00f4i\u00a0&gt; Sean Dong\u00a0 Sean Dong Sean Dong l\u00e0 Lu\u1eadt s\u01b0 C\u1ea5p cao v\u00e0 Gi\u00e1m \u0111\u1ed1c c\u1ee7a ProActive Legal. Sean \u0111\u01b0\u1ee3c c\u00f4ng nh\u1eadn l\u00e0 C\u1ed1 v\u1ea5n di tr\u00fa v\u00e0o n\u0103m 2010 (MARN: 1066448) v\u1edbi ki\u1ebfn th\u1ee9c s\u00e2u r\u1ed9ng v\u1ec1 lu\u1eadt di tr\u00fa. \u00d4ng l\u00e0 th\u00e0nh vi\u00ean c\u1ee7a [&hellip;]","og_url":"https:\/\/proactivelegal.com.au\/vn\/sean-dong\/","og_site_name":"ProActive Legal","article_modified_time":"2023-06-26T08:25:01+00:00","og_image":[{"url":"https:\/\/proactivelegal.com.au\/wp-content\/uploads\/2022\/09\/Sean-1.png"}],"twitter_card":"summary_large_image","twitter_misc":{"Est. reading time":"3 minutes"},"schema":{"@context":"https:\/\/schema.org","@graph":[{"@type":"WebPage","@id":"https:\/\/proactivelegal.com.au\/vn\/sean-dong\/","url":"https:\/\/proactivelegal.com.au\/vn\/sean-dong\/","name":"Sean Dong - ProActive Legal","isPartOf":{"@id":"https:\/\/proactivelegal.com.au\/#website"},"datePublished":"2023-03-28T08:08:17+00:00","dateModified":"2023-06-26T08:25:01+00:00","breadcrumb":{"@id":"https:\/\/proactivelegal.com.au\/vn\/sean-dong\/#breadcrumb"},"inLanguage":"vi-VN","potentialAction":[{"@type":"ReadAction","target":["https:\/\/proactivelegal.com.au\/vn\/sean-dong\/"]}]},{"@type":"BreadcrumbList","@id":"https:\/\/proactivelegal.com.au\/vn\/sean-dong\/#breadcrumb","itemListElement":[{"@type":"ListItem","position":1,"name":"\u9996\u9875","item":"https:\/\/proactivelegal.com.au\/vn\/"},{"@type":"ListItem","position":2,"name":"Sean Dong"}]},{"@type":"WebSite","@id":"https:\/\/proactivelegal.com.au\/#website","url":"https:\/\/proactivelegal.com.au\/","name":"ProActive Legal","description":"","potentialAction":[{"@type":"SearchAction","target":{"@type":"EntryPoint","urlTemplate":"https:\/\/proactivelegal.com.au\/?s={search_term_string}"},"query-input":"required name=search_term_string"}],"inLanguage":"vi-VN"}]}},"_links":{"self":[{"href":"https:\/\/proactivelegal.com.au\/vn\/wp-json\/wp\/v2\/pages\/13157","targetHints":{"allow":["GET"]}}],"collection":[{"href":"https:\/\/proactivelegal.com.au\/vn\/wp-json\/wp\/v2\/pages"}],"about":[{"href":"https:\/\/proactivelegal.com.au\/vn\/wp-json\/wp\/v2\/types\/page"}],"author":[{"embeddable":true,"href":"https:\/\/proactivelegal.com.au\/vn\/wp-json\/wp\/v2\/users\/1"}],"replies":[{"embeddable":true,"href":"https:\/\/proactivelegal.com.au\/vn\/wp-json\/wp\/v2\/comments?post=13157"}],"version-history":[{"count":20,"href":"https:\/\/proactivelegal.com.au\/vn\/wp-json\/wp\/v2\/pages\/13157\/revisions"}],"predecessor-version":[{"id":14936,"href":"https:\/\/proactivelegal.com.au\/vn\/wp-json\/wp\/v2\/pages\/13157\/revisions\/14936"}],"wp:attachment":[{"href":"https:\/\/proactivelegal.com.au\/vn\/wp-json\/wp\/v2\/media?parent=13157"}],"curies":[{"name":"wp","href":"https:\/\/api.w.org\/{rel}","templated":true}]}}