{"id":13137,"date":"2023-03-28T07:55:08","date_gmt":"2023-03-28T07:55:08","guid":{"rendered":"https:\/\/proactivelegal.com.au\/david-gu\/"},"modified":"2023-06-26T08:25:59","modified_gmt":"2023-06-26T08:25:59","slug":"david-gu","status":"publish","type":"page","link":"https:\/\/proactivelegal.com.au\/vn\/david-gu\/","title":{"rendered":"David Gu"},"content":{"rendered":"\t\t<div data-elementor-type=\"wp-page\" data-elementor-id=\"13137\" class=\"elementor elementor-13137 elementor-406\" data-elementor-post-type=\"page\">\n\t\t\t\t\t\t\t\t\t<section class=\"elementor-section elementor-top-section elementor-element elementor-element-69e4688 elementor-section-boxed elementor-section-height-default elementor-section-height-default\" data-id=\"69e4688\" data-element_type=\"section\">\n\t\t\t\t\t\t<div class=\"elementor-container elementor-column-gap-default\">\n\t\t\t\t\t<div class=\"elementor-column elementor-col-100 elementor-top-column elementor-element elementor-element-10ed255\" data-id=\"10ed255\" data-element_type=\"column\">\n\t\t\t<div class=\"elementor-widget-wrap elementor-element-populated\">\n\t\t\t\t\t\t\t\t<div class=\"elementor-element elementor-element-07dd6af elementor-widget elementor-widget-text-editor\" data-id=\"07dd6af\" data-element_type=\"widget\" data-widget_type=\"text-editor.default\">\n\t\t\t\t<div class=\"elementor-widget-container\">\n\t\t\t<style>\/*! elementor - v3.15.0 - 09-08-2023 *\/\n.elementor-widget-text-editor.elementor-drop-cap-view-stacked .elementor-drop-cap{background-color:#69727d;color:#fff}.elementor-widget-text-editor.elementor-drop-cap-view-framed .elementor-drop-cap{color:#69727d;border:3px solid;background-color:transparent}.elementor-widget-text-editor:not(.elementor-drop-cap-view-default) .elementor-drop-cap{margin-top:8px}.elementor-widget-text-editor:not(.elementor-drop-cap-view-default) .elementor-drop-cap-letter{width:1em;height:1em}.elementor-widget-text-editor .elementor-drop-cap{float:left;text-align:center;line-height:1;font-size:50px}.elementor-widget-text-editor .elementor-drop-cap-letter{display:inline-block}<\/style>\t\t\t\t<p><a style=\"color: var( --e-global-color-d90d778 );\" href=\"https:\/\/proactivelegal.com.au\/vn\">Trang Ch\u1ee7<\/a> &gt; <a style=\"color: var( --e-global-color-d90d778 );\" href=\"https:\/\/proactivelegal.com.au\/vn\/team\/\">V\u1ec1 ch\u00fang t\u00f4i\u00a0<\/a>\u00a0&gt;\u00a0<a style=\"color: var( --e-global-color-d90d778 );\" href=\"https:\/\/proactivelegal.com.au\/vn\/team\/\">\u0110\u1ed9i ng\u0169 c\u1ee7a ch\u00fang t\u00f4i\u00a0<\/a>&gt; David Gu<\/p><p>\u00a0<\/p>\t\t\t\t\t\t<\/div>\n\t\t\t\t<\/div>\n\t\t\t\t\t<\/div>\n\t\t<\/div>\n\t\t\t\t\t\t\t<\/div>\n\t\t<\/section>\n\t\t\t\t<section class=\"elementor-section elementor-top-section elementor-element elementor-element-ab2d8ef elementor-reverse-mobile elementor-section-boxed elementor-section-height-default elementor-section-height-default\" data-id=\"ab2d8ef\" data-element_type=\"section\">\n\t\t\t\t\t\t<div class=\"elementor-container elementor-column-gap-default\">\n\t\t\t\t\t<div class=\"elementor-column elementor-col-50 elementor-top-column elementor-element elementor-element-f925750\" data-id=\"f925750\" data-element_type=\"column\">\n\t\t\t<div class=\"elementor-widget-wrap elementor-element-populated\">\n\t\t\t\t\t\t\t\t<div class=\"elementor-element elementor-element-5719040 elementor-widget elementor-widget-text-editor\" data-id=\"5719040\" data-element_type=\"widget\" data-widget_type=\"text-editor.default\">\n\t\t\t\t<div class=\"elementor-widget-container\">\n\t\t\t\t\t\t\t<p>David Gu<\/p>\t\t\t\t\t\t<\/div>\n\t\t\t\t<\/div>\n\t\t\t\t<div class=\"elementor-element elementor-element-d1b97ef elementor-widget elementor-widget-text-editor\" data-id=\"d1b97ef\" data-element_type=\"widget\" data-widget_type=\"text-editor.default\">\n\t\t\t\t<div class=\"elementor-widget-container\">\n\t\t\t\t\t\t\t<p>David Gu l\u00e0 Lu\u1eadt s\u01b0 tr\u01b0\u1edfng v\u00e0 Gi\u00e1m \u0111\u1ed1c c\u1ee7a ProActive Legal. \u00d4ng l\u00e0 m\u1ed9t trong nh\u1eefng chuy\u00ean gia h\u00e0ng \u0111\u1ea7u v\u1ec1 Lu\u1eadt di tr\u00fa t\u1ea1i \u00dac v\u1edbi h\u01a1n 17 n\u0103m kinh nghi\u1ec7m.<\/p><p>\u00a0<\/p><p>David l\u00e0 Chuy\u00ean gia v\u1ec1 Lu\u1eadt di tr\u00fa \u0111\u01b0\u1ee3c ch\u1ee9ng nh\u1eadn b\u1edfi Hi\u1ec7p h\u1ed9i Lu\u1eadt s\u01b0 New South Wales t\u1eeb n\u0103m 2014. Ch\u1ec9 c\u00f3 46 lu\u1eadt s\u01b0 \u0111\u01b0\u1ee3c c\u00f4ng nh\u1eadn l\u00e0 Chuy\u00ean gia v\u1ec1 Lu\u1eadt di tr\u00fa t\u1ea1i New South Wales v\u00e0 s\u1ed1 l\u01b0\u1ee3ng n\u00e0y \u00edt h\u01a1n 100 ng\u01b0\u1eddi tr\u00ean to\u00e0n \u00dac.<\/p><p>\u00a0<\/p><p>David c\u0169ng l\u00e0 M\u1ed9t nh\u00e2n vi\u00ean c\u00f4ng ch\u1ee9ng t\u1ea1i New South Wales, \u00dac.<\/p><p>\u00a0<\/p><p>Tr\u01b0\u1edbc khi th\u00e0nh l\u1eadp ProActive Legal, David \u0111\u00e3 l\u00e0m vi\u1ec7c t\u1ea1i B\u1ed9 Di tr\u00fa v\u00e0 qu\u1ed1c t\u1ecbch c\u1ee7a Ch\u00ednh ph\u1ee7 \u00dac (hi\u1ec7n l\u00e0 B\u1ed9 Di tr\u00fa) t\u1eeb n\u0103m 2005 \u0111\u1ebfn n\u0103m 2010. Trong th\u1eddi gian \u0111\u00f3, \u00f4ng \u0111\u00e3 tr\u1ea3i qua nhi\u1ec1u vai tr\u00f2 kh\u00e1c nhau bao g\u1ed3m nh\u00e2n vi\u00ean \u0111\u00e1nh gi\u00e1 v\u00e0 ra quy\u1ebft \u0111\u1ecbnh cho c\u00e1c h\u1ed3 s\u01a1 xin visa v\u00e0 qu\u1ed1c t\u1ecbch t\u1ea1i V\u0103n ph\u00f2ng Sydney, c\u0169ng nh\u01b0 l\u00e0m nh\u00e2n vi\u00ean t\u01b0 v\u1ea5n ph\u00e1p l\u00fd t\u1ea1i V\u0103n ph\u00f2ng Qu\u1ed1c gia t\u1ea1i Canberra. David c\u0169ng \u0111\u00e3 l\u00e0m vi\u1ec7c t\u1ea1i Migration Review Tribunal v\u00e0 Refugee Review Tribunal (hi\u1ec7n l\u00e0 Administrative Appeals Tribunal) tr\u01b0\u1edbc khi l\u00e0m vi\u1ec7c t\u1ea1i B\u1ed9 Di tr\u00fa.<\/p><p>\u00a0<\/p><p>David c\u00f3 kinh nghi\u1ec7m trong vi\u1ec7c x\u1eed l\u00fd t\u1ea5t c\u1ea3 c\u00e1c lo\u1ea1i \u0111\u01a1n xin visa, gi\u1ea3i quy\u1ebft c\u00e1c h\u1ed3 s\u01a1 li\u00ean quan \u0111\u1ebfn vi\u1ec7c visa b\u1ecb hu\u1ef7 b\u1ecf, gi\u00e1m s\u00e1t v\u00e0 tr\u1eebng ph\u1ea1t c\u00e1c doanh nghi\u1ec7p b\u1ea3o l\u00e3nh, xem x\u00e9t \u0111\u1ea1o \u0111\u1ee9c, xem x\u00e9t l\u1ea1i t\u01b0 ph\u00e1p v\u00e0 c\u00e1c y\u00eau c\u1ea7u can thi\u1ec7p c\u1ee7a B\u1ed9 tr\u01b0\u1edfng. V\u1edbi b\u1ec1 d\u00e0y ki\u1ebfn th\u1ee9c v\u1ec1 lu\u1eadt, ch\u00ednh s\u00e1ch v\u00e0 th\u1ee7 t\u1ee5c nh\u1eadp c\u01b0, c\u00f9ng v\u1edbi kinh nghi\u1ec7m th\u1ef1c ti\u1ec5n s\u1eafc b\u00e9n, \u00f4ng \u0111\u00e3 gi\u1ea3i quy\u1ebft th\u00e0nh c\u00f4ng v\u00f4 s\u1ed1 v\u1ea5n \u0111\u1ec1 v\u1ec1 di tr\u00fa ph\u1ee9c t\u1ea1p cho kh\u00e1ch h\u00e0ng.<\/p><p>\u00a0<\/p><p>David th\u01b0\u1eddng \u0111\u01b0\u1ee3c bi\u1ebft \u0111\u1ebfn v\u00e0 nh\u1eadn \u0111\u01b0\u1ee3c s\u1ef1 tin t\u01b0\u1edfng t\u1eeb kh\u00e1ch h\u00e0ng, c\u00e1c C\u1ed1 v\u1ea5n di tr\u00fa, lu\u1eadt s\u01b0 t\u1ea1i \u00dac khi t\u00ecm ki\u1ebfm l\u1eddi khuy\u00ean v\u1ec1 c\u00e1c v\u1ea5n \u0111\u1ec1 di tr\u00fa ph\u1ee9c t\u1ea1p.<\/p><p>\u00a0<\/p><p>David c\u0169ng \u0111\u00e3 th\u1eafng c\u00e1c <span style=\"font-weight: 400;\">h\u1ed3 s\u01a1 kh\u00e1ng c\u00e1o <\/span>\u0111\u1ea7y th\u00e1ch th\u1ee9c m\u00e0 kh\u00f4ng c\u00f3 lu\u1eadt s\u01b0 c\u1ed9ng t\u00e1c. \u00d4ng \u0111\u1ea1i di\u1ec7n cho kh\u00e1ch h\u00e0ng trong t\u00f2a \u00e1n v\u1edbi t\u01b0 c\u00e1ch l\u00e0 lu\u1eadt s\u01b0 b\u00e0o ch\u1eefa. Hai v\u1ee5 ki\u1ec7n \u0111\u00e1ng ch\u00fa \u00fd l\u00e0:<\/p><ul><li>Singh v Minister for Immigration and Citizenship &amp; Anor [2012] FMCA 145 &#8211; \u0110\u00e2y l\u00e0 judicial review \u0111\u1ea7u ti\u00ean li\u00ean quan \u0111\u1ebfn Public Interest Criterion (PIC 4020) x\u1eed l\u00fd th\u00f4ng tin sai l\u1ec7ch v\u00e0 t\u00e0i li\u1ec7u gi\u1ea3 m\u1ea1o \u0111\u01b0\u1ee3c cung c\u1ea5p trong h\u1ed3 s\u01a1 xin visa.<\/li><li>Yao &amp; Ors v Minister for Immigration [2016] FCCA 3164 &#8211; V\u1ee5 ki\u1ec7n n\u00e0y li\u00ean quan \u0111\u1ebfn vi\u1ec7c gi\u1ea3i th\u00edch thu\u1eadt ng\u1eef k\u1ebf to\u00e1n chuy\u00ean m\u00f4n \u0111\u01b0\u1ee3c s\u1eed d\u1ee5ng trong l\u1eadp lu\u1eadt nh\u1eadp c\u01b0 cho visa thu\u1ed9c Ch\u01b0\u01a1ng tr\u00ecnh Visa Kinh doanh \u0110\u1ed5i m\u1edbi v\u00e0 \u0110\u1ea7u t\u01b0.<\/li><\/ul><p>\u00a0<\/p><p><span style=\"font-weight: 400;\">David c\u0169ng l\u00e0 m\u1ed9t C\u1ed1 v\u1ea5n di tr\u00fa (MARN 1066304) tr\u01b0\u1edbc khi ch\u1ee9ng ch\u1ec9 C\u1ed1 v\u1ea5n Di tr\u00fa d\u1eebng \u00e1p d\u1ee5ng cho lu\u1eadt s\u01b0 sau n\u0103m 2021.<\/span><\/p><p>\u00a0<\/p><p>David c\u0169ng t\u01b0 v\u1ea5n v\u00e0 x\u1eed l\u00fd c\u00e1c tranh ch\u1ea5p lao \u0111\u1ed9ng, gi\u1ea3i quy\u1ebft tranh ch\u1ea5p th\u01b0\u01a1ng m\u1ea1i v\u00e0 d\u00e2n s\u1ef1, c\u0169ng nh\u01b0 ki\u1ec7n t\u1ee5ng. Ngo\u00e0i ra, \u00f4ng c\u0169ng h\u1ed7 tr\u1ee3 v\u00e0 \u0111\u1ea1i di\u1ec7n cho c\u00e1c C\u1ed1 v\u1ea5n di tr\u00fa \u0111\u00e3 \u0111\u0103ng k\u00fd trong vi\u1ec7c \u0111\u00e1p \u1ee9ng c\u00e1c v\u1ea5n \u0111\u1ec1 \u0111i\u1ec1u tra v\u00e0 k\u1ef7 lu\u1eadt \u0111\u01b0\u1ee3c th\u1ef1c hi\u1ec7n b\u1edfi C\u01a1 quan Qu\u1ea3n l\u00fd C\u1ed1 v\u1ea5n di tr\u00fa (OMARA).<\/p><p>\u00a0<\/p><p>David c\u00f3 th\u1ec3 n\u00f3i ti\u1ebfng Anh v\u00e0 ti\u1ebfng Trung.<\/p>\t\t\t\t\t\t<\/div>\n\t\t\t\t<\/div>\n\t\t\t\t<div class=\"elementor-element elementor-element-9f76136 elementor-hidden-desktop elementor-hidden-tablet elementor-widget elementor-widget-text-editor\" data-id=\"9f76136\" data-element_type=\"widget\" data-widget_type=\"text-editor.default\">\n\t\t\t\t<div class=\"elementor-widget-container\">\n\t\t\t\t\t\t\t<ul style=\"padding-left: 20px;\">\n<li>\u79fb\u6c11\u6cd5\u8ba4\u8bc1\u4e13\u5bb6\u5f8b\u5e08 (Accredited Specialist in Immigration Law)<\/li>\n<li>\u65b0\u5357\u5a01\u5c14\u58eb\u5dde\u9ad8\u7b49\u6cd5\u9662\u6ce8\u518c\u5f8b\u5e08<\/li>\n<li>\u6fb3\u5927\u5229\u4e9a\u9ad8\u7b49\u6cd5\u9662\u6ce8\u518c\u5f8b\u5e08<\/li>\n<li>\u56fd\u9645\u516c\u8bc1\u5e08<\/li>\n<li>\u524d\u6fb3\u5927\u5229\u4e9a\u79fb\u6c11\u5c40\u79fb\u6c11\u5b98\u3001\u6cd5\u52a1\u5b98<\/li>\n<\/ul>\n\t\t\t\t\t\t<\/div>\n\t\t\t\t<\/div>\n\t\t\t\t\t<\/div>\n\t\t<\/div>\n\t\t\t\t<div class=\"elementor-column elementor-col-50 elementor-top-column elementor-element elementor-element-923bbc2\" data-id=\"923bbc2\" data-element_type=\"column\">\n\t\t\t<div class=\"elementor-widget-wrap elementor-element-populated\">\n\t\t\t\t\t\t\t\t<div class=\"elementor-element elementor-element-c2d1050 elementor-widget elementor-widget-image\" data-id=\"c2d1050\" data-element_type=\"widget\" data-widget_type=\"image.default\">\n\t\t\t\t<div class=\"elementor-widget-container\">\n\t\t\t<style>\/*! elementor - v3.15.0 - 09-08-2023 *\/\n.elementor-widget-image{text-align:center}.elementor-widget-image a{display:inline-block}.elementor-widget-image a img[src$=\".svg\"]{width:48px}.elementor-widget-image img{vertical-align:middle;display:inline-block}<\/style>\t\t\t\t\t\t\t\t\t\t\t\t<img loading=\"lazy\" decoding=\"async\" width=\"408\" height=\"486\" src=\"https:\/\/proactivelegal.com.au\/wp-content\/uploads\/2022\/09\/David.png\" class=\"attachment-full size-full wp-image-13096\" alt=\"\" srcset=\"https:\/\/proactivelegal.com.au\/wp-content\/uploads\/2022\/09\/David.png 408w, https:\/\/proactivelegal.com.au\/wp-content\/uploads\/2022\/09\/David-252x300.png 252w\" sizes=\"auto, (max-width: 408px) 100vw, 408px\" \/>\t\t\t\t\t\t\t\t\t\t\t\t\t\t\t<\/div>\n\t\t\t\t<\/div>\n\t\t\t\t<div class=\"elementor-element elementor-element-6fac013 elementor-hidden-mobile elementor-widget elementor-widget-text-editor\" data-id=\"6fac013\" data-element_type=\"widget\" data-widget_type=\"text-editor.default\">\n\t\t\t\t<div class=\"elementor-widget-container\">\n\t\t\t\t\t\t\t<p><strong>Tr\u00ecnh \u0111\u1ed9 chuy\u00ean m\u00f4n v\u00e0 hi\u1ec7p h\u1ed9i ngh\u1ec1 nghi\u1ec7p:<\/strong><\/p><ul><li><p><span data-contrast=\"auto\">Chuy\u00ean gia v\u1ec1 Lu\u1eadt di tr\u00fa (Accredited Specialist in Immigration Law)<\/span><span data-ccp-props=\"{\">\u00a0<\/span><\/p><\/li><li><p><span data-contrast=\"auto\">Lu\u1eadt s\u01b0 To\u00e0 \u00e1n T\u1ed1i cao New South Wales<\/span><span data-ccp-props=\"{}\">\u00a0<\/span><\/p><\/li><li><p><span data-contrast=\"auto\">Lu\u1eadt s\u01b0 To\u00e0 \u00e1n C\u1ea5p cao \u00dac<\/span><span data-ccp-props=\"{}\">\u00a0<\/span><\/p><\/li><li><p><span data-contrast=\"auto\">C\u00f4ng ch\u1ee9ng vi\u00ean<\/span><span data-ccp-props=\"{}\">\u00a0<\/span><\/p><\/li><li><p><span data-contrast=\"auto\">C\u1eed nh\u00e2n Lu\u1eadt<\/span><span data-ccp-props=\"{}\">\u00a0<\/span><\/p><\/li><li><p><span data-contrast=\"auto\">C\u1eed nh\u00e2n Kinh t\u1ebf (ng\u00e0nh Qu\u1ea3n l\u00fd)<\/span><span data-ccp-props=\"{}\">\u00a0<\/span><\/p><\/li><li><p><span data-contrast=\"auto\">Ch\u1ee9ng ch\u1ec9 Lu\u1eadt th\u1ef1c h\u00e0nh<\/span><span data-ccp-props=\"{}\">\u00a0<\/span><\/p><\/li><li><p><span data-contrast=\"auto\">Th\u00e0nh vi\u00ean c\u1ee7a Hi\u1ec7p h\u1ed9i Lu\u1eadt New South Wales<\/span><span data-ccp-props=\"{}\">\u00a0<\/span><\/p><\/li><li><p><span data-contrast=\"auto\">Th\u00e0nh vi\u00ean c\u1ee7a Vi\u1ec7n Di tr\u00fa \u00dac<\/span><span data-ccp-props=\"{}\">\u00a0<\/span><\/p><\/li><li><p><span data-contrast=\"auto\">Th\u00e0nh vi\u00ean H\u1ed9i \u0111\u1ed3ng Lu\u1eadt ph\u00e1p \u00dac<\/span><\/p><\/li><\/ul>\t\t\t\t\t\t<\/div>\n\t\t\t\t<\/div>\n\t\t\t\t\t<\/div>\n\t\t<\/div>\n\t\t\t\t\t\t\t<\/div>\n\t\t<\/section>\n\t\t\t\t\t\t\t<\/div>\n\t\t","protected":false},"excerpt":{"rendered":"<p>Trang Ch\u1ee7 &gt; V\u1ec1 ch\u00fang t\u00f4i\u00a0\u00a0&gt;\u00a0\u0110\u1ed9i ng\u0169 c\u1ee7a ch\u00fang t\u00f4i\u00a0&gt; David Gu \u00a0 David Gu David Gu l\u00e0 Lu\u1eadt s\u01b0 tr\u01b0\u1edfng v\u00e0 Gi\u00e1m \u0111\u1ed1c c\u1ee7a ProActive Legal. \u00d4ng l\u00e0 m\u1ed9t trong nh\u1eefng chuy\u00ean gia h\u00e0ng \u0111\u1ea7u v\u1ec1 Lu\u1eadt di tr\u00fa t\u1ea1i \u00dac v\u1edbi h\u01a1n 17 n\u0103m kinh nghi\u1ec7m. \u00a0 David l\u00e0 Chuy\u00ean gia v\u1ec1 Lu\u1eadt [&hellip;]<\/p>\n","protected":false},"author":1,"featured_media":0,"parent":0,"menu_order":0,"comment_status":"closed","ping_status":"closed","template":"","meta":{"footnotes":""},"class_list":["post-13137","page","type-page","status-publish","hentry"],"yoast_head":"<!-- This site is optimized with the Yoast SEO plugin v20.3 - https:\/\/yoast.com\/wordpress\/plugins\/seo\/ -->\n<title>David Gu - ProActive Legal<\/title>\n<meta name=\"robots\" content=\"index, follow, max-snippet:-1, max-image-preview:large, max-video-preview:-1\" \/>\n<link rel=\"canonical\" href=\"https:\/\/proactivelegal.com.au\/vn\/david-gu\/\" \/>\n<meta property=\"og:locale\" content=\"vi_VN\" \/>\n<meta property=\"og:type\" content=\"article\" \/>\n<meta property=\"og:title\" content=\"David Gu - ProActive Legal\" \/>\n<meta property=\"og:description\" content=\"Trang Ch\u1ee7 &gt; V\u1ec1 ch\u00fang t\u00f4i\u00a0\u00a0&gt;\u00a0\u0110\u1ed9i ng\u0169 c\u1ee7a ch\u00fang t\u00f4i\u00a0&gt; David Gu \u00a0 David Gu David Gu l\u00e0 Lu\u1eadt s\u01b0 tr\u01b0\u1edfng v\u00e0 Gi\u00e1m \u0111\u1ed1c c\u1ee7a ProActive Legal. \u00d4ng l\u00e0 m\u1ed9t trong nh\u1eefng chuy\u00ean gia h\u00e0ng \u0111\u1ea7u v\u1ec1 Lu\u1eadt di tr\u00fa t\u1ea1i \u00dac v\u1edbi h\u01a1n 17 n\u0103m kinh nghi\u1ec7m. \u00a0 David l\u00e0 Chuy\u00ean gia v\u1ec1 Lu\u1eadt [&hellip;]\" \/>\n<meta property=\"og:url\" content=\"https:\/\/proactivelegal.com.au\/vn\/david-gu\/\" \/>\n<meta property=\"og:site_name\" content=\"ProActive Legal\" \/>\n<meta property=\"article:modified_time\" content=\"2023-06-26T08:25:59+00:00\" \/>\n<meta property=\"og:image\" content=\"https:\/\/proactivelegal.com.au\/wp-content\/uploads\/2022\/09\/David.png\" \/>\n<meta name=\"twitter:card\" content=\"summary_large_image\" \/>\n<meta name=\"twitter:label1\" content=\"Est. reading time\" \/>\n\t<meta name=\"twitter:data1\" content=\"4 minutes\" \/>\n<script type=\"application\/ld+json\" class=\"yoast-schema-graph\">{\"@context\":\"https:\/\/schema.org\",\"@graph\":[{\"@type\":\"WebPage\",\"@id\":\"https:\/\/proactivelegal.com.au\/vn\/david-gu\/\",\"url\":\"https:\/\/proactivelegal.com.au\/vn\/david-gu\/\",\"name\":\"David Gu - ProActive Legal\",\"isPartOf\":{\"@id\":\"https:\/\/proactivelegal.com.au\/#website\"},\"datePublished\":\"2023-03-28T07:55:08+00:00\",\"dateModified\":\"2023-06-26T08:25:59+00:00\",\"breadcrumb\":{\"@id\":\"https:\/\/proactivelegal.com.au\/vn\/david-gu\/#breadcrumb\"},\"inLanguage\":\"vi-VN\",\"potentialAction\":[{\"@type\":\"ReadAction\",\"target\":[\"https:\/\/proactivelegal.com.au\/vn\/david-gu\/\"]}]},{\"@type\":\"BreadcrumbList\",\"@id\":\"https:\/\/proactivelegal.com.au\/vn\/david-gu\/#breadcrumb\",\"itemListElement\":[{\"@type\":\"ListItem\",\"position\":1,\"name\":\"\u9996\u9875\",\"item\":\"https:\/\/proactivelegal.com.au\/vn\/\"},{\"@type\":\"ListItem\",\"position\":2,\"name\":\"David Gu\"}]},{\"@type\":\"WebSite\",\"@id\":\"https:\/\/proactivelegal.com.au\/#website\",\"url\":\"https:\/\/proactivelegal.com.au\/\",\"name\":\"ProActive Legal\",\"description\":\"\",\"potentialAction\":[{\"@type\":\"SearchAction\",\"target\":{\"@type\":\"EntryPoint\",\"urlTemplate\":\"https:\/\/proactivelegal.com.au\/?s={search_term_string}\"},\"query-input\":\"required name=search_term_string\"}],\"inLanguage\":\"vi-VN\"}]}<\/script>\n<!-- \/ Yoast SEO plugin. -->","yoast_head_json":{"title":"David Gu - ProActive Legal","robots":{"index":"index","follow":"follow","max-snippet":"max-snippet:-1","max-image-preview":"max-image-preview:large","max-video-preview":"max-video-preview:-1"},"canonical":"https:\/\/proactivelegal.com.au\/vn\/david-gu\/","og_locale":"vi_VN","og_type":"article","og_title":"David Gu - ProActive Legal","og_description":"Trang Ch\u1ee7 &gt; V\u1ec1 ch\u00fang t\u00f4i\u00a0\u00a0&gt;\u00a0\u0110\u1ed9i ng\u0169 c\u1ee7a ch\u00fang t\u00f4i\u00a0&gt; David Gu \u00a0 David Gu David Gu l\u00e0 Lu\u1eadt s\u01b0 tr\u01b0\u1edfng v\u00e0 Gi\u00e1m \u0111\u1ed1c c\u1ee7a ProActive Legal. \u00d4ng l\u00e0 m\u1ed9t trong nh\u1eefng chuy\u00ean gia h\u00e0ng \u0111\u1ea7u v\u1ec1 Lu\u1eadt di tr\u00fa t\u1ea1i \u00dac v\u1edbi h\u01a1n 17 n\u0103m kinh nghi\u1ec7m. \u00a0 David l\u00e0 Chuy\u00ean gia v\u1ec1 Lu\u1eadt [&hellip;]","og_url":"https:\/\/proactivelegal.com.au\/vn\/david-gu\/","og_site_name":"ProActive Legal","article_modified_time":"2023-06-26T08:25:59+00:00","og_image":[{"url":"https:\/\/proactivelegal.com.au\/wp-content\/uploads\/2022\/09\/David.png"}],"twitter_card":"summary_large_image","twitter_misc":{"Est. reading time":"4 minutes"},"schema":{"@context":"https:\/\/schema.org","@graph":[{"@type":"WebPage","@id":"https:\/\/proactivelegal.com.au\/vn\/david-gu\/","url":"https:\/\/proactivelegal.com.au\/vn\/david-gu\/","name":"David Gu - ProActive Legal","isPartOf":{"@id":"https:\/\/proactivelegal.com.au\/#website"},"datePublished":"2023-03-28T07:55:08+00:00","dateModified":"2023-06-26T08:25:59+00:00","breadcrumb":{"@id":"https:\/\/proactivelegal.com.au\/vn\/david-gu\/#breadcrumb"},"inLanguage":"vi-VN","potentialAction":[{"@type":"ReadAction","target":["https:\/\/proactivelegal.com.au\/vn\/david-gu\/"]}]},{"@type":"BreadcrumbList","@id":"https:\/\/proactivelegal.com.au\/vn\/david-gu\/#breadcrumb","itemListElement":[{"@type":"ListItem","position":1,"name":"\u9996\u9875","item":"https:\/\/proactivelegal.com.au\/vn\/"},{"@type":"ListItem","position":2,"name":"David Gu"}]},{"@type":"WebSite","@id":"https:\/\/proactivelegal.com.au\/#website","url":"https:\/\/proactivelegal.com.au\/","name":"ProActive Legal","description":"","potentialAction":[{"@type":"SearchAction","target":{"@type":"EntryPoint","urlTemplate":"https:\/\/proactivelegal.com.au\/?s={search_term_string}"},"query-input":"required name=search_term_string"}],"inLanguage":"vi-VN"}]}},"_links":{"self":[{"href":"https:\/\/proactivelegal.com.au\/vn\/wp-json\/wp\/v2\/pages\/13137","targetHints":{"allow":["GET"]}}],"collection":[{"href":"https:\/\/proactivelegal.com.au\/vn\/wp-json\/wp\/v2\/pages"}],"about":[{"href":"https:\/\/proactivelegal.com.au\/vn\/wp-json\/wp\/v2\/types\/page"}],"author":[{"embeddable":true,"href":"https:\/\/proactivelegal.com.au\/vn\/wp-json\/wp\/v2\/users\/1"}],"replies":[{"embeddable":true,"href":"https:\/\/proactivelegal.com.au\/vn\/wp-json\/wp\/v2\/comments?post=13137"}],"version-history":[{"count":41,"href":"https:\/\/proactivelegal.com.au\/vn\/wp-json\/wp\/v2\/pages\/13137\/revisions"}],"predecessor-version":[{"id":15247,"href":"https:\/\/proactivelegal.com.au\/vn\/wp-json\/wp\/v2\/pages\/13137\/revisions\/15247"}],"wp:attachment":[{"href":"https:\/\/proactivelegal.com.au\/vn\/wp-json\/wp\/v2\/media?parent=13137"}],"curies":[{"name":"wp","href":"https:\/\/api.w.org\/{rel}","templated":true}]}}